{"id":11060,"date":"2020-11-14T22:19:35","date_gmt":"2020-11-14T21:19:35","guid":{"rendered":"https:\/\/mutata.co.rs\/?page_id=11060"},"modified":"2023-12-21T00:05:34","modified_gmt":"2023-12-20T23:05:34","slug":"servis-felni","status":"publish","type":"page","link":"https:\/\/mutata.co.rs\/sr\/servis-felni\/","title":{"rendered":"SERVIS FELNI"},"content":{"rendered":"<div data-elementor-type=\"wp-post\" data-elementor-id=\"11060\" class=\"elementor elementor-11060\" data-elementor-post-type=\"page\">\n\t\t\t\t\t\t<section class=\"elementor-section elementor-top-section elementor-element elementor-element-40214d4 elementor-section-boxed elementor-section-height-default elementor-section-height-default\" data-id=\"40214d4\" data-element_type=\"section\">\n\t\t\t\t\t\t<div class=\"elementor-container elementor-column-gap-default\">\n\t\t\t\t\t<div class=\"elementor-column elementor-col-100 elementor-top-column elementor-element elementor-element-fed8545\" data-id=\"fed8545\" data-element_type=\"column\">\n\t\t\t<div class=\"elementor-widget-wrap elementor-element-populated\">\n\t\t\t\t\t\t<div class=\"elementor-element elementor-element-f6ce3a9 elementor--h-position-center elementor--v-position-middle elementor-arrows-position-inside elementor-pagination-position-inside elementor-widget elementor-widget-slides\" data-id=\"f6ce3a9\" data-element_type=\"widget\" data-settings=\"{&quot;navigation&quot;:&quot;both&quot;,&quot;autoplay&quot;:&quot;yes&quot;,&quot;pause_on_hover&quot;:&quot;yes&quot;,&quot;pause_on_interaction&quot;:&quot;yes&quot;,&quot;autoplay_speed&quot;:5000,&quot;infinite&quot;:&quot;yes&quot;,&quot;transition&quot;:&quot;slide&quot;,&quot;transition_speed&quot;:500}\" data-widget_type=\"slides.default\">\n\t\t\t\t<div class=\"elementor-widget-container\">\n\t\t\t\t\t<div class=\"elementor-swiper\">\n\t\t\t<div class=\"elementor-slides-wrapper elementor-main-swiper swiper\" dir=\"ltr\" data-animation=\"fadeInUp\">\n\t\t\t\t<div class=\"swiper-wrapper elementor-slides\">\n\t\t\t\t\t\t\t\t\t\t<div class=\"elementor-repeater-item-763124f swiper-slide\"><div class=\"swiper-slide-bg elementor-ken-burns elementor-ken-burns--in\" role=\"img\"><\/div><div class=\"elementor-background-overlay\"><\/div><a class=\"swiper-slide-inner\" href=\"https:\/\/mutata.co.rs\/sr\/kontakt-2\/\"><div class=\"swiper-slide-contents\"><div class=\"elementor-slide-heading\">Servis felni<\/div><div  class=\"elementor-button elementor-slide-button elementor-size-sm\">Kontaktirajte nas<\/div><\/div><\/a><\/div>\t\t\t\t<\/div>\n\t\t\t\t\t\t\t<\/div>\n\t\t<\/div>\n\t\t\t\t<\/div>\n\t\t\t\t<\/div>\n\t\t\t\t<div class=\"elementor-element elementor-element-7e04724 elementor-widget elementor-widget-spacer\" data-id=\"7e04724\" data-element_type=\"widget\" data-widget_type=\"spacer.default\">\n\t\t\t\t<div class=\"elementor-widget-container\">\n\t\t\t\t\t<div class=\"elementor-spacer\">\n\t\t\t<div class=\"elementor-spacer-inner\"><\/div>\n\t\t<\/div>\n\t\t\t\t<\/div>\n\t\t\t\t<\/div>\n\t\t\t\t\t<\/div>\n\t\t<\/div>\n\t\t\t\t\t<\/div>\n\t\t<\/section>\n\t\t\t\t<section class=\"elementor-section elementor-top-section elementor-element elementor-element-fc0032b elementor-section-boxed elementor-section-height-default elementor-section-height-default\" data-id=\"fc0032b\" data-element_type=\"section\">\n\t\t\t\t\t\t<div class=\"elementor-container elementor-column-gap-default\">\n\t\t\t\t\t<div class=\"elementor-column elementor-col-100 elementor-top-column elementor-element elementor-element-ea118d1\" data-id=\"ea118d1\" data-element_type=\"column\">\n\t\t\t<div class=\"elementor-widget-wrap elementor-element-populated\">\n\t\t\t\t\t\t<div class=\"elementor-element elementor-element-77e950c elementor-widget elementor-widget-heading\" data-id=\"77e950c\" data-element_type=\"widget\" data-widget_type=\"heading.default\">\n\t\t\t\t<div class=\"elementor-widget-container\">\n\t\t\t<h1 class=\"elementor-heading-title elementor-size-default\">Servis felni<\/h1>\t\t<\/div>\n\t\t\t\t<\/div>\n\t\t\t\t<div class=\"elementor-element elementor-element-288acc9 elementor-widget elementor-widget-text-editor\" data-id=\"288acc9\" data-element_type=\"widget\" data-widget_type=\"text-editor.default\">\n\t\t\t\t<div class=\"elementor-widget-container\">\n\t\t\t\t\t\t\t<h5 class=\"txteditP\">Mutata Auto \u017deleznik se bavi ugradnjom, servisom, farbanjem, lakiranjem, poliranjem i peskarenjm aluminijumskih felni. Nalazimo se na teritoriji op\u0161tine \u010cukarica, u ulici \u017divana Pani\u0107a 2<\/h5><h5 class=\"txteditP\">Kako bi Va\u0161e vozilo bilo prepoznatljivo i prime\u0107eno, trebate ga opremiti kvalitetnim i jedinstvenim aluminijumskim felnama.<\/h5><h5 class=\"txteditP\">U na\u0161em servisu Mutata Auto\u00a0 radimo:<\/h5><ul><li><h5>\u00a0ispravljanje,<\/h5><\/li><li><h5>\u00a0farbanje,<\/h5><\/li><li><h5>\u00a0lakiranje,<\/h5><\/li><li><h5>\u00a0peskiranje,<\/h5><\/li><li><h5>\u00a0poliranje,<\/h5><\/li><li><h5>\u00a0plastifikacija,<\/h5><\/li><li><h5>\u00a0ukra\u0161avanje&#8230;<\/h5><\/li><\/ul><h5 class=\"txteditP\">Koristimo najsavremenije ma\u0161ine i alate, a na\u0161 vrhunski tim majstora \u0107e Va\u0161e o\u0161te\u0107ene felne vratiti u perfektno stanje, efikasno i brzo. \u010cak 99 % o\u0161te\u0107enja na felnama mo\u017eemo da popravimo!<\/h5><h5 class=\"txteditP\">U na\u0161oj ponudi \u0107ete na\u0107i i prstenove za felne, \u0161rafove za felne&#8230; kao i svu potrebnu opremu za Va\u0161 automobil.<\/h5><h5 class=\"txteditP\">Jeftinije mo\u017eete na\u0107i svugde, bolje nigde \u2013 Mutata!<\/h5>\t\t\t\t\t\t<\/div>\n\t\t\t\t<\/div>\n\t\t\t\t\t<\/div>\n\t\t<\/div>\n\t\t\t\t\t<\/div>\n\t\t<\/section>\n\t\t\t\t<\/div>","protected":false},"excerpt":{"rendered":"<p>Servis felniKontaktirajte nas Servis felni Mutata Auto \u017deleznik se bavi ugradnjom, servisom, farbanjem, lakiranjem, poliranjem i peskarenjm aluminijumskih felni. Nalazimo se na teritoriji op\u0161tine \u010cukarica, u ulici \u017divana Pani\u0107a 2 Kako bi Va\u0161e vozilo bilo prepoznatljivo i prime\u0107eno, trebate ga opremiti kvalitetnim i jedinstvenim aluminijumskim felnama. U na\u0161em servisu Mutata Auto\u00a0 radimo: \u00a0ispravljanje, \u00a0farbanje, \u00a0lakiranje, [&hellip;]<\/p>","protected":false},"author":1,"featured_media":0,"parent":0,"menu_order":0,"comment_status":"closed","ping_status":"closed","template":"","meta":{"rank_math_lock_modified_date":false,"site-sidebar-layout":"no-sidebar","site-content-layout":"page-builder","ast-site-content-layout":"","site-content-style":"default","site-sidebar-style":"default","ast-global-header-display":"","ast-banner-title-visibility":"","ast-main-header-display":"","ast-hfb-above-header-display":"","ast-hfb-below-header-display":"","ast-hfb-mobile-header-display":"","site-post-title":"disabled","ast-breadcrumbs-content":"","ast-featured-img":"disabled","footer-sml-layout":"","theme-transparent-header-meta":"default","adv-header-id-meta":"","stick-header-meta":"","header-above-stick-meta":"","header-main-stick-meta":"","header-below-stick-meta":"","astra-migrate-meta-layouts":"default","ast-page-background-enabled":"default","ast-page-background-meta":{"desktop":{"background-color":"","background-image":"","background-repeat":"repeat","background-position":"center center","background-size":"auto","background-attachment":"scroll","background-type":"","background-media":"","overlay-type":"","overlay-color":"","overlay-opacity":"","overlay-gradient":""},"tablet":{"background-color":"","background-image":"","background-repeat":"repeat","background-position":"center center","background-size":"auto","background-attachment":"scroll","background-type":"","background-media":"","overlay-type":"","overlay-color":"","overlay-opacity":"","overlay-gradient":""},"mobile":{"background-color":"","background-image":"","background-repeat":"repeat","background-position":"center center","background-size":"auto","background-attachment":"scroll","background-type":"","background-media":"","overlay-type":"","overlay-color":"","overlay-opacity":"","overlay-gradient":""}},"ast-content-background-meta":{"desktop":{"background-color":"var(--ast-global-color-5)","background-image":"","background-repeat":"repeat","background-position":"center center","background-size":"auto","background-attachment":"scroll","background-type":"","background-media":"","overlay-type":"","overlay-color":"","overlay-opacity":"","overlay-gradient":""},"tablet":{"background-color":"var(--ast-global-color-5)","background-image":"","background-repeat":"repeat","background-position":"center center","background-size":"auto","background-attachment":"scroll","background-type":"","background-media":"","overlay-type":"","overlay-color":"","overlay-opacity":"","overlay-gradient":""},"mobile":{"background-color":"var(--ast-global-color-5)","background-image":"","background-repeat":"repeat","background-position":"center center","background-size":"auto","background-attachment":"scroll","background-type":"","background-media":"","overlay-type":"","overlay-color":"","overlay-opacity":"","overlay-gradient":""}},"footnotes":""},"class_list":["post-11060","page","type-page","status-publish","hentry"],"_links":{"self":[{"href":"https:\/\/mutata.co.rs\/sr\/wp-json\/wp\/v2\/pages\/11060"}],"collection":[{"href":"https:\/\/mutata.co.rs\/sr\/wp-json\/wp\/v2\/pages"}],"about":[{"href":"https:\/\/mutata.co.rs\/sr\/wp-json\/wp\/v2\/types\/page"}],"author":[{"embeddable":true,"href":"https:\/\/mutata.co.rs\/sr\/wp-json\/wp\/v2\/users\/1"}],"replies":[{"embeddable":true,"href":"https:\/\/mutata.co.rs\/sr\/wp-json\/wp\/v2\/comments?post=11060"}],"version-history":[{"count":19,"href":"https:\/\/mutata.co.rs\/sr\/wp-json\/wp\/v2\/pages\/11060\/revisions"}],"predecessor-version":[{"id":11811,"href":"https:\/\/mutata.co.rs\/sr\/wp-json\/wp\/v2\/pages\/11060\/revisions\/11811"}],"wp:attachment":[{"href":"https:\/\/mutata.co.rs\/sr\/wp-json\/wp\/v2\/media?parent=11060"}],"curies":[{"name":"wp","href":"https:\/\/api.w.org\/{rel}","templated":true}]}}