{"id":11237,"date":"2020-12-03T11:09:35","date_gmt":"2020-12-03T10:09:35","guid":{"rendered":"https:\/\/mutata.co.rs\/?page_id=11237"},"modified":"2020-12-05T12:50:31","modified_gmt":"2020-12-05T11:50:31","slug":"servis-auto-hladnjaka","status":"publish","type":"page","link":"https:\/\/mutata.co.rs\/sr\/servis-auto-hladnjaka\/","title":{"rendered":"SERVIS AUTO HLADNJAKA"},"content":{"rendered":"<div data-elementor-type=\"wp-post\" data-elementor-id=\"11237\" class=\"elementor elementor-11237\" data-elementor-post-type=\"page\">\n\t\t\t\t\t\t<section class=\"elementor-section elementor-top-section elementor-element elementor-element-cd95eda elementor-section-boxed elementor-section-height-default elementor-section-height-default\" data-id=\"cd95eda\" data-element_type=\"section\">\n\t\t\t\t\t\t<div class=\"elementor-container elementor-column-gap-default\">\n\t\t\t\t\t<div class=\"elementor-column elementor-col-100 elementor-top-column elementor-element elementor-element-4f54803\" data-id=\"4f54803\" data-element_type=\"column\">\n\t\t\t<div class=\"elementor-widget-wrap elementor-element-populated\">\n\t\t\t\t\t\t<div class=\"elementor-element elementor-element-bf42947 elementor--h-position-center elementor--v-position-middle elementor-arrows-position-inside elementor-pagination-position-inside elementor-widget elementor-widget-slides\" data-id=\"bf42947\" data-element_type=\"widget\" data-settings=\"{&quot;navigation&quot;:&quot;both&quot;,&quot;autoplay&quot;:&quot;yes&quot;,&quot;pause_on_hover&quot;:&quot;yes&quot;,&quot;pause_on_interaction&quot;:&quot;yes&quot;,&quot;autoplay_speed&quot;:5000,&quot;infinite&quot;:&quot;yes&quot;,&quot;transition&quot;:&quot;slide&quot;,&quot;transition_speed&quot;:500}\" data-widget_type=\"slides.default\">\n\t\t\t\t<div class=\"elementor-widget-container\">\n\t\t\t\t\t<div class=\"elementor-swiper\">\n\t\t\t<div class=\"elementor-slides-wrapper elementor-main-swiper swiper\" dir=\"ltr\" data-animation=\"fadeInUp\">\n\t\t\t\t<div class=\"swiper-wrapper elementor-slides\">\n\t\t\t\t\t\t\t\t\t\t<div class=\"elementor-repeater-item-2ae149b swiper-slide\"><div class=\"swiper-slide-bg elementor-ken-burns elementor-ken-burns--in\" role=\"img\"><\/div><div class=\"elementor-background-overlay\"><\/div><a class=\"swiper-slide-inner\" href=\"https:\/\/mutata.co.rs\/sr\/kontakt-2\/\"><div class=\"swiper-slide-contents\"><div class=\"elementor-slide-heading\">Servis auto hladnjaka<\/div><div  class=\"elementor-button elementor-slide-button elementor-size-sm\">Kontaktirajte nas<\/div><\/div><\/a><\/div>\t\t\t\t<\/div>\n\t\t\t\t\t\t\t<\/div>\n\t\t<\/div>\n\t\t\t\t<\/div>\n\t\t\t\t<\/div>\n\t\t\t\t\t<\/div>\n\t\t<\/div>\n\t\t\t\t\t<\/div>\n\t\t<\/section>\n\t\t\t\t<section class=\"elementor-section elementor-top-section elementor-element elementor-element-e28bf2e elementor-section-boxed elementor-section-height-default elementor-section-height-default\" data-id=\"e28bf2e\" data-element_type=\"section\">\n\t\t\t\t\t\t<div class=\"elementor-container elementor-column-gap-default\">\n\t\t\t\t\t<div class=\"elementor-column elementor-col-100 elementor-top-column elementor-element elementor-element-05334d2\" data-id=\"05334d2\" data-element_type=\"column\">\n\t\t\t<div class=\"elementor-widget-wrap elementor-element-populated\">\n\t\t\t\t\t\t<div class=\"elementor-element elementor-element-68e39e0 elementor-widget elementor-widget-spacer\" data-id=\"68e39e0\" data-element_type=\"widget\" data-widget_type=\"spacer.default\">\n\t\t\t\t<div class=\"elementor-widget-container\">\n\t\t\t\t\t<div class=\"elementor-spacer\">\n\t\t\t<div class=\"elementor-spacer-inner\"><\/div>\n\t\t<\/div>\n\t\t\t\t<\/div>\n\t\t\t\t<\/div>\n\t\t\t\t<div class=\"elementor-element elementor-element-7317eab elementor-widget elementor-widget-heading\" data-id=\"7317eab\" data-element_type=\"widget\" data-widget_type=\"heading.default\">\n\t\t\t\t<div class=\"elementor-widget-container\">\n\t\t\t<h1 class=\"elementor-heading-title elementor-size-default\">Auto hladnjaci<\/h1>\t\t<\/div>\n\t\t\t\t<\/div>\n\t\t\t\t<div class=\"elementor-element elementor-element-6bcb1f1 elementor-widget elementor-widget-text-editor\" data-id=\"6bcb1f1\" data-element_type=\"widget\" data-widget_type=\"text-editor.default\">\n\t\t\t\t<div class=\"elementor-widget-container\">\n\t\t\t\t\t\t\t<h5 class=\"txteditP\">Mutata Auto Bulevar\u00a0se bavi servisom auto hladnjaka za sve tipove automobila evropskih, azijskih i ameri\u010dkih proizvo\u0111a\u010da. Nalazimo se na teritoriji op\u0161tine Zvezdara, u ulici Bulevar kralja Aleksandra 501.<\/h5><h5 class=\"txteditP\">Radimo zamenu auto hladnjaka, zamenu te\u010dnosti, re\u0161avamo curenje i sipamo magi\u010dnu te\u010dnost koja zapu\u0161ava mesta gde dolazi do curenja.<\/h5><h5 class=\"txteditP\">Ukoliko nemamo trentuno na lageru auto hladnjak koji je potreban za Va\u0161e vozilo, u stanju smo da isti obezbedimo za 24 sata.<\/h5><h5 class=\"txteditP\">Na\u0161 auto servis pru\u017ea sve usluge potrebne za efikasan rad Va\u0161eg vozila. Posetite nas i neka Va\u0161 \u010detvoroto\u010da\u0161 radi besprekorno.<\/h5>\t\t\t\t\t\t<\/div>\n\t\t\t\t<\/div>\n\t\t\t\t\t<\/div>\n\t\t<\/div>\n\t\t\t\t\t<\/div>\n\t\t<\/section>\n\t\t\t\t<\/div>","protected":false},"excerpt":{"rendered":"<p>Servis auto hladnjakaKontaktirajte nas Auto hladnjaci Mutata Auto Bulevar\u00a0se bavi servisom auto hladnjaka za sve tipove automobila evropskih, azijskih i ameri\u010dkih proizvo\u0111a\u010da. Nalazimo se na teritoriji op\u0161tine Zvezdara, u ulici Bulevar kralja Aleksandra 501. Radimo zamenu auto hladnjaka, zamenu te\u010dnosti, re\u0161avamo curenje i sipamo magi\u010dnu te\u010dnost koja zapu\u0161ava mesta gde dolazi do curenja. Ukoliko nemamo [&hellip;]<\/p>","protected":false},"author":1,"featured_media":0,"parent":0,"menu_order":0,"comment_status":"closed","ping_status":"closed","template":"","meta":{"rank_math_lock_modified_date":false,"site-sidebar-layout":"no-sidebar","site-content-layout":"page-builder","ast-site-content-layout":"","site-content-style":"default","site-sidebar-style":"default","ast-global-header-display":"","ast-banner-title-visibility":"","ast-main-header-display":"","ast-hfb-above-header-display":"","ast-hfb-below-header-display":"","ast-hfb-mobile-header-display":"","site-post-title":"disabled","ast-breadcrumbs-content":"","ast-featured-img":"disabled","footer-sml-layout":"","theme-transparent-header-meta":"default","adv-header-id-meta":"","stick-header-meta":"","header-above-stick-meta":"","header-main-stick-meta":"","header-below-stick-meta":"","astra-migrate-meta-layouts":"default","ast-page-background-enabled":"default","ast-page-background-meta":{"desktop":{"background-color":"","background-image":"","background-repeat":"repeat","background-position":"center center","background-size":"auto","background-attachment":"scroll","background-type":"","background-media":"","overlay-type":"","overlay-color":"","overlay-opacity":"","overlay-gradient":""},"tablet":{"background-color":"","background-image":"","background-repeat":"repeat","background-position":"center center","background-size":"auto","background-attachment":"scroll","background-type":"","background-media":"","overlay-type":"","overlay-color":"","overlay-opacity":"","overlay-gradient":""},"mobile":{"background-color":"","background-image":"","background-repeat":"repeat","background-position":"center center","background-size":"auto","background-attachment":"scroll","background-type":"","background-media":"","overlay-type":"","overlay-color":"","overlay-opacity":"","overlay-gradient":""}},"ast-content-background-meta":{"desktop":{"background-color":"var(--ast-global-color-5)","background-image":"","background-repeat":"repeat","background-position":"center center","background-size":"auto","background-attachment":"scroll","background-type":"","background-media":"","overlay-type":"","overlay-color":"","overlay-opacity":"","overlay-gradient":""},"tablet":{"background-color":"var(--ast-global-color-5)","background-image":"","background-repeat":"repeat","background-position":"center center","background-size":"auto","background-attachment":"scroll","background-type":"","background-media":"","overlay-type":"","overlay-color":"","overlay-opacity":"","overlay-gradient":""},"mobile":{"background-color":"var(--ast-global-color-5)","background-image":"","background-repeat":"repeat","background-position":"center center","background-size":"auto","background-attachment":"scroll","background-type":"","background-media":"","overlay-type":"","overlay-color":"","overlay-opacity":"","overlay-gradient":""}},"footnotes":""},"class_list":["post-11237","page","type-page","status-publish","hentry"],"_links":{"self":[{"href":"https:\/\/mutata.co.rs\/sr\/wp-json\/wp\/v2\/pages\/11237"}],"collection":[{"href":"https:\/\/mutata.co.rs\/sr\/wp-json\/wp\/v2\/pages"}],"about":[{"href":"https:\/\/mutata.co.rs\/sr\/wp-json\/wp\/v2\/types\/page"}],"author":[{"embeddable":true,"href":"https:\/\/mutata.co.rs\/sr\/wp-json\/wp\/v2\/users\/1"}],"replies":[{"embeddable":true,"href":"https:\/\/mutata.co.rs\/sr\/wp-json\/wp\/v2\/comments?post=11237"}],"version-history":[{"count":8,"href":"https:\/\/mutata.co.rs\/sr\/wp-json\/wp\/v2\/pages\/11237\/revisions"}],"predecessor-version":[{"id":11405,"href":"https:\/\/mutata.co.rs\/sr\/wp-json\/wp\/v2\/pages\/11237\/revisions\/11405"}],"wp:attachment":[{"href":"https:\/\/mutata.co.rs\/sr\/wp-json\/wp\/v2\/media?parent=11237"}],"curies":[{"name":"wp","href":"https:\/\/api.w.org\/{rel}","templated":true}]}}