{"id":11307,"date":"2020-12-03T14:15:22","date_gmt":"2020-12-03T13:15:22","guid":{"rendered":"https:\/\/mutata.co.rs\/?page_id=11307"},"modified":"2020-12-05T12:59:42","modified_gmt":"2020-12-05T11:59:42","slug":"slep-sluzba","status":"publish","type":"page","link":"https:\/\/mutata.co.rs\/sr\/slep-sluzba\/","title":{"rendered":"\u0160LEP SLU\u017dBA"},"content":{"rendered":"<div data-elementor-type=\"wp-post\" data-elementor-id=\"11307\" class=\"elementor elementor-11307\" data-elementor-post-type=\"page\">\n\t\t\t\t\t\t<section class=\"elementor-section elementor-top-section elementor-element elementor-element-6d77e80 elementor-section-boxed elementor-section-height-default elementor-section-height-default\" data-id=\"6d77e80\" data-element_type=\"section\">\n\t\t\t\t\t\t<div class=\"elementor-container elementor-column-gap-default\">\n\t\t\t\t\t<div class=\"elementor-column elementor-col-100 elementor-top-column elementor-element elementor-element-7c8de62\" data-id=\"7c8de62\" data-element_type=\"column\">\n\t\t\t<div class=\"elementor-widget-wrap elementor-element-populated\">\n\t\t\t\t\t\t<div class=\"elementor-element elementor-element-bff2875 elementor--h-position-center elementor--v-position-middle elementor-arrows-position-inside elementor-pagination-position-inside elementor-widget elementor-widget-slides\" data-id=\"bff2875\" data-element_type=\"widget\" data-settings=\"{&quot;navigation&quot;:&quot;both&quot;,&quot;autoplay&quot;:&quot;yes&quot;,&quot;pause_on_hover&quot;:&quot;yes&quot;,&quot;pause_on_interaction&quot;:&quot;yes&quot;,&quot;autoplay_speed&quot;:5000,&quot;infinite&quot;:&quot;yes&quot;,&quot;transition&quot;:&quot;slide&quot;,&quot;transition_speed&quot;:500}\" data-widget_type=\"slides.default\">\n\t\t\t\t<div class=\"elementor-widget-container\">\n\t\t\t\t\t<div class=\"elementor-swiper\">\n\t\t\t<div class=\"elementor-slides-wrapper elementor-main-swiper swiper\" dir=\"ltr\" data-animation=\"fadeInUp\">\n\t\t\t\t<div class=\"swiper-wrapper elementor-slides\">\n\t\t\t\t\t\t\t\t\t\t<div class=\"elementor-repeater-item-40616b0 swiper-slide\"><div class=\"swiper-slide-bg elementor-ken-burns elementor-ken-burns--in\" role=\"img\"><\/div><div class=\"elementor-background-overlay\"><\/div><a class=\"swiper-slide-inner\" href=\"https:\/\/mutata.co.rs\/sr\/kontakt-2\/\"><div class=\"swiper-slide-contents\"><div class=\"elementor-slide-heading\">\u0160lep slu\u017eba<\/div><div  class=\"elementor-button elementor-slide-button elementor-size-sm\">Kontaktirajte nas<\/div><\/div><\/a><\/div>\t\t\t\t<\/div>\n\t\t\t\t\t\t\t<\/div>\n\t\t<\/div>\n\t\t\t\t<\/div>\n\t\t\t\t<\/div>\n\t\t\t\t<div class=\"elementor-element elementor-element-2404cfc elementor-widget elementor-widget-spacer\" data-id=\"2404cfc\" data-element_type=\"widget\" data-widget_type=\"spacer.default\">\n\t\t\t\t<div class=\"elementor-widget-container\">\n\t\t\t\t\t<div class=\"elementor-spacer\">\n\t\t\t<div class=\"elementor-spacer-inner\"><\/div>\n\t\t<\/div>\n\t\t\t\t<\/div>\n\t\t\t\t<\/div>\n\t\t\t\t\t<\/div>\n\t\t<\/div>\n\t\t\t\t\t<\/div>\n\t\t<\/section>\n\t\t\t\t<section class=\"elementor-section elementor-top-section elementor-element elementor-element-6762d42 elementor-section-boxed elementor-section-height-default elementor-section-height-default\" data-id=\"6762d42\" data-element_type=\"section\">\n\t\t\t\t\t\t<div class=\"elementor-container elementor-column-gap-default\">\n\t\t\t\t\t<div class=\"elementor-column elementor-col-100 elementor-top-column elementor-element elementor-element-0821d69\" data-id=\"0821d69\" data-element_type=\"column\">\n\t\t\t<div class=\"elementor-widget-wrap elementor-element-populated\">\n\t\t\t\t\t\t<div class=\"elementor-element elementor-element-5a14fe6 elementor-widget elementor-widget-heading\" data-id=\"5a14fe6\" data-element_type=\"widget\" data-widget_type=\"heading.default\">\n\t\t\t\t<div class=\"elementor-widget-container\">\n\t\t\t<h1 class=\"elementor-heading-title elementor-size-default\">\u0160lep slu\u017eba<\/h1>\t\t<\/div>\n\t\t\t\t<\/div>\n\t\t\t\t\t<\/div>\n\t\t<\/div>\n\t\t\t\t\t<\/div>\n\t\t<\/section>\n\t\t\t\t<section class=\"elementor-section elementor-top-section elementor-element elementor-element-9e1d059 elementor-section-boxed elementor-section-height-default elementor-section-height-default\" data-id=\"9e1d059\" data-element_type=\"section\">\n\t\t\t\t\t\t<div class=\"elementor-container elementor-column-gap-default\">\n\t\t\t\t\t<div class=\"elementor-column elementor-col-100 elementor-top-column elementor-element elementor-element-c8a9c21\" data-id=\"c8a9c21\" data-element_type=\"column\">\n\t\t\t<div class=\"elementor-widget-wrap elementor-element-populated\">\n\t\t\t\t\t\t<div class=\"elementor-element elementor-element-fa51715 elementor-widget elementor-widget-text-editor\" data-id=\"fa51715\" data-element_type=\"widget\" data-widget_type=\"text-editor.default\">\n\t\t\t\t<div class=\"elementor-widget-container\">\n\t\t\t\t\t\t\t<h5 class=\"txteditP\">Pokvarilo Vam se vozilo na putu? Ostali ste bez benzina? \u0160lep slu\u017eba Mutata Auto Bulevar je tu da Vam pomogne u tim trenucima. Nalazimo se na teritoriji op\u0161tine Zvezdara, u ulici Bulevar kralja Aleksandra 501.<\/h5><h5 class=\"txteditP\">Odmah po Va\u0161em pozivu dolazimo na lokaciju gde se nalazite i profesionalno transportujemo Va\u0161e vozilo do najbli\u017ee pumpe, servisa ili neke druge \u017eeljene lokacije.<br \/>\u0160lep slu\u017eba Mutata Auto Bulevar nudi slede\u0107e usluge:<\/h5><ul><li><h5>&#8211; \u0161lepanje automobila,<\/h5><\/li><li><h5>&#8211; \u0161lepanje kombija,<\/h5><\/li><li><h5>&#8211; \u0161lepanje motora.<\/h5><\/li><li><h5>&#8211; \u0161lepanje QUAD vozila.<\/h5><\/li><li><h5>&#8211; \u0161lepanje skutera.<\/h5><\/li><li><h5>&#8211; \u0161lepanje novih vozila,<\/h5><\/li><li><h5>&#8211; \u0161lepanje vozila u kvaru,<\/h5><\/li><li><h5>&#8211; \u0161lepanje havarisanih vozila,<\/h5><\/li><li><h5>&#8211; \u0161lepanje oldtajmera&#8230;<\/h5><\/li><\/ul><h5 class=\"txteditP\">Izaberite pouzdanu \u0161lep slu\u017ebu koja pru\u017ea usluge po pristupa\u010dnim cenama.<br \/>Jeftinije mo\u017eete na\u0107i svugde, bolje nigde \u2013 Mutata Auto Bulevar!<\/h5>\t\t\t\t\t\t<\/div>\n\t\t\t\t<\/div>\n\t\t\t\t\t<\/div>\n\t\t<\/div>\n\t\t\t\t\t<\/div>\n\t\t<\/section>\n\t\t\t\t<\/div>","protected":false},"excerpt":{"rendered":"<p>\u0160lep slu\u017ebaKontaktirajte nas \u0160lep slu\u017eba Pokvarilo Vam se vozilo na putu? Ostali ste bez benzina? \u0160lep slu\u017eba Mutata Auto Bulevar je tu da Vam pomogne u tim trenucima. Nalazimo se na teritoriji op\u0161tine Zvezdara, u ulici Bulevar kralja Aleksandra 501. Odmah po Va\u0161em pozivu dolazimo na lokaciju gde se nalazite i profesionalno transportujemo Va\u0161e vozilo [&hellip;]<\/p>","protected":false},"author":1,"featured_media":0,"parent":0,"menu_order":0,"comment_status":"closed","ping_status":"closed","template":"","meta":{"rank_math_lock_modified_date":false,"site-sidebar-layout":"no-sidebar","site-content-layout":"page-builder","ast-site-content-layout":"","site-content-style":"default","site-sidebar-style":"default","ast-global-header-display":"","ast-banner-title-visibility":"","ast-main-header-display":"","ast-hfb-above-header-display":"","ast-hfb-below-header-display":"","ast-hfb-mobile-header-display":"","site-post-title":"disabled","ast-breadcrumbs-content":"","ast-featured-img":"disabled","footer-sml-layout":"","theme-transparent-header-meta":"default","adv-header-id-meta":"","stick-header-meta":"","header-above-stick-meta":"","header-main-stick-meta":"","header-below-stick-meta":"","astra-migrate-meta-layouts":"default","ast-page-background-enabled":"default","ast-page-background-meta":{"desktop":{"background-color":"","background-image":"","background-repeat":"repeat","background-position":"center center","background-size":"auto","background-attachment":"scroll","background-type":"","background-media":"","overlay-type":"","overlay-color":"","overlay-opacity":"","overlay-gradient":""},"tablet":{"background-color":"","background-image":"","background-repeat":"repeat","background-position":"center center","background-size":"auto","background-attachment":"scroll","background-type":"","background-media":"","overlay-type":"","overlay-color":"","overlay-opacity":"","overlay-gradient":""},"mobile":{"background-color":"","background-image":"","background-repeat":"repeat","background-position":"center center","background-size":"auto","background-attachment":"scroll","background-type":"","background-media":"","overlay-type":"","overlay-color":"","overlay-opacity":"","overlay-gradient":""}},"ast-content-background-meta":{"desktop":{"background-color":"var(--ast-global-color-5)","background-image":"","background-repeat":"repeat","background-position":"center center","background-size":"auto","background-attachment":"scroll","background-type":"","background-media":"","overlay-type":"","overlay-color":"","overlay-opacity":"","overlay-gradient":""},"tablet":{"background-color":"var(--ast-global-color-5)","background-image":"","background-repeat":"repeat","background-position":"center center","background-size":"auto","background-attachment":"scroll","background-type":"","background-media":"","overlay-type":"","overlay-color":"","overlay-opacity":"","overlay-gradient":""},"mobile":{"background-color":"var(--ast-global-color-5)","background-image":"","background-repeat":"repeat","background-position":"center center","background-size":"auto","background-attachment":"scroll","background-type":"","background-media":"","overlay-type":"","overlay-color":"","overlay-opacity":"","overlay-gradient":""}},"footnotes":""},"class_list":["post-11307","page","type-page","status-publish","hentry"],"_links":{"self":[{"href":"https:\/\/mutata.co.rs\/sr\/wp-json\/wp\/v2\/pages\/11307"}],"collection":[{"href":"https:\/\/mutata.co.rs\/sr\/wp-json\/wp\/v2\/pages"}],"about":[{"href":"https:\/\/mutata.co.rs\/sr\/wp-json\/wp\/v2\/types\/page"}],"author":[{"embeddable":true,"href":"https:\/\/mutata.co.rs\/sr\/wp-json\/wp\/v2\/users\/1"}],"replies":[{"embeddable":true,"href":"https:\/\/mutata.co.rs\/sr\/wp-json\/wp\/v2\/comments?post=11307"}],"version-history":[{"count":11,"href":"https:\/\/mutata.co.rs\/sr\/wp-json\/wp\/v2\/pages\/11307\/revisions"}],"predecessor-version":[{"id":11423,"href":"https:\/\/mutata.co.rs\/sr\/wp-json\/wp\/v2\/pages\/11307\/revisions\/11423"}],"wp:attachment":[{"href":"https:\/\/mutata.co.rs\/sr\/wp-json\/wp\/v2\/media?parent=11307"}],"curies":[{"name":"wp","href":"https:\/\/api.w.org\/{rel}","templated":true}]}}