{"id":11317,"date":"2020-12-03T14:29:34","date_gmt":"2020-12-03T13:29:34","guid":{"rendered":"https:\/\/mutata.co.rs\/?page_id=11317"},"modified":"2020-12-05T13:00:51","modified_gmt":"2020-12-05T12:00:51","slug":"teretni-program","status":"publish","type":"page","link":"https:\/\/mutata.co.rs\/sr\/teretni-program\/","title":{"rendered":"TERETNI PROGRAM"},"content":{"rendered":"<div data-elementor-type=\"wp-post\" data-elementor-id=\"11317\" class=\"elementor elementor-11317\" data-elementor-post-type=\"page\">\n\t\t\t\t\t\t<section class=\"elementor-section elementor-top-section elementor-element elementor-element-b41490e elementor-section-boxed elementor-section-height-default elementor-section-height-default\" data-id=\"b41490e\" data-element_type=\"section\">\n\t\t\t\t\t\t<div class=\"elementor-container elementor-column-gap-default\">\n\t\t\t\t\t<div class=\"elementor-column elementor-col-100 elementor-top-column elementor-element elementor-element-b47991a\" data-id=\"b47991a\" data-element_type=\"column\">\n\t\t\t<div class=\"elementor-widget-wrap elementor-element-populated\">\n\t\t\t\t\t\t<div class=\"elementor-element elementor-element-be7b037 elementor--h-position-center elementor--v-position-middle elementor-arrows-position-inside elementor-pagination-position-inside elementor-widget elementor-widget-slides\" data-id=\"be7b037\" data-element_type=\"widget\" data-settings=\"{&quot;navigation&quot;:&quot;both&quot;,&quot;autoplay&quot;:&quot;yes&quot;,&quot;pause_on_hover&quot;:&quot;yes&quot;,&quot;pause_on_interaction&quot;:&quot;yes&quot;,&quot;autoplay_speed&quot;:5000,&quot;infinite&quot;:&quot;yes&quot;,&quot;transition&quot;:&quot;slide&quot;,&quot;transition_speed&quot;:500}\" data-widget_type=\"slides.default\">\n\t\t\t\t<div class=\"elementor-widget-container\">\n\t\t\t\t\t<div class=\"elementor-swiper\">\n\t\t\t<div class=\"elementor-slides-wrapper elementor-main-swiper swiper\" dir=\"ltr\" data-animation=\"fadeInUp\">\n\t\t\t\t<div class=\"swiper-wrapper elementor-slides\">\n\t\t\t\t\t\t\t\t\t\t<div class=\"elementor-repeater-item-46ec189 swiper-slide\"><div class=\"swiper-slide-bg elementor-ken-burns elementor-ken-burns--in\" role=\"img\"><\/div><div class=\"elementor-background-overlay\"><\/div><a class=\"swiper-slide-inner\" href=\"https:\/\/mutata.co.rs\/sr\/kontakt-2\/\"><div class=\"swiper-slide-contents\"><div class=\"elementor-slide-heading\">Teretni program<\/div><div  class=\"elementor-button elementor-slide-button elementor-size-sm\">Kontaktirajte nas<\/div><\/div><\/a><\/div>\t\t\t\t<\/div>\n\t\t\t\t\t\t\t<\/div>\n\t\t<\/div>\n\t\t\t\t<\/div>\n\t\t\t\t<\/div>\n\t\t\t\t<div class=\"elementor-element elementor-element-5a8d5ba elementor-widget elementor-widget-spacer\" data-id=\"5a8d5ba\" data-element_type=\"widget\" data-widget_type=\"spacer.default\">\n\t\t\t\t<div class=\"elementor-widget-container\">\n\t\t\t\t\t<div class=\"elementor-spacer\">\n\t\t\t<div class=\"elementor-spacer-inner\"><\/div>\n\t\t<\/div>\n\t\t\t\t<\/div>\n\t\t\t\t<\/div>\n\t\t\t\t\t<\/div>\n\t\t<\/div>\n\t\t\t\t\t<\/div>\n\t\t<\/section>\n\t\t\t\t<section class=\"elementor-section elementor-top-section elementor-element elementor-element-2369971 elementor-section-boxed elementor-section-height-default elementor-section-height-default\" data-id=\"2369971\" data-element_type=\"section\">\n\t\t\t\t\t\t<div class=\"elementor-container elementor-column-gap-default\">\n\t\t\t\t\t<div class=\"elementor-column elementor-col-100 elementor-top-column elementor-element elementor-element-5dc0b5f\" data-id=\"5dc0b5f\" data-element_type=\"column\">\n\t\t\t<div class=\"elementor-widget-wrap elementor-element-populated\">\n\t\t\t\t\t\t<div class=\"elementor-element elementor-element-b3d65f9 elementor-widget elementor-widget-heading\" data-id=\"b3d65f9\" data-element_type=\"widget\" data-widget_type=\"heading.default\">\n\t\t\t\t<div class=\"elementor-widget-container\">\n\t\t\t<h1 class=\"elementor-heading-title elementor-size-default\">Teretni program<\/h1>\t\t<\/div>\n\t\t\t\t<\/div>\n\t\t\t\t\t<\/div>\n\t\t<\/div>\n\t\t\t\t\t<\/div>\n\t\t<\/section>\n\t\t\t\t<section class=\"elementor-section elementor-top-section elementor-element elementor-element-d84a3a6 elementor-section-boxed elementor-section-height-default elementor-section-height-default\" data-id=\"d84a3a6\" data-element_type=\"section\">\n\t\t\t\t\t\t<div class=\"elementor-container elementor-column-gap-default\">\n\t\t\t\t\t<div class=\"elementor-column elementor-col-100 elementor-top-column elementor-element elementor-element-8cb571c\" data-id=\"8cb571c\" data-element_type=\"column\">\n\t\t\t<div class=\"elementor-widget-wrap elementor-element-populated\">\n\t\t\t\t\t\t<div class=\"elementor-element elementor-element-0fa0b6b elementor-widget elementor-widget-text-editor\" data-id=\"0fa0b6b\" data-element_type=\"widget\" data-widget_type=\"text-editor.default\">\n\t\t\t\t<div class=\"elementor-widget-container\">\n\t\t\t\t\t\t\t<h5 class=\"txteditP\">Mutata Auto Bulevar\u00a0ima posebnu ponudu guma za autobuse, kamione, gra\u0111evinsku i te\u0161ku mehanizaciju. Nalazimo se na teritoriji op\u0161tine Zvezdara, u ulici Bulevar kralja Aleksandra 501.<br \/>Na\u0161 servis pru\u017ea slede\u0107e usluge za teretni program:<\/h5><ul><li><h5>&#8211; monta\u017ea guma,<\/h5><\/li><li><h5>&#8211; demonta\u017ea guma,<\/h5><\/li><li><h5>&#8211; prodaja guma ,<\/h5><\/li><li><h5>&#8211; balansiranje guma.<\/h5><\/li><\/ul><h5 class=\"txteditP\">U na\u0161oj ponudi \u0107ete na\u0107i \u0161irok izbor guma: Mirage, Triangle, Omskshina, Kama, Intertrac, Michelin, Cordiant, Good Year, Taurus, Lassa, Hankook, Sava, Dayton, Dunlop, Bridgestone, Continental, Firestone, Yokohama, Pirelli, Tigar, Linglong&#8230;<\/h5><h5 class=\"txteditP\">Do\u0111ite i uverite se u stru\u010dnost na\u0161ih majstora i kvalitet pru\u017eene usluge.<\/h5><h5 class=\"txteditP\">Jeftinije mo\u017eete na\u0107i svugde, bolje nigde \u2013 Mutata Auto Bulevar!<\/h5>\t\t\t\t\t\t<\/div>\n\t\t\t\t<\/div>\n\t\t\t\t\t<\/div>\n\t\t<\/div>\n\t\t\t\t\t<\/div>\n\t\t<\/section>\n\t\t\t\t<\/div>","protected":false},"excerpt":{"rendered":"<p>Teretni programKontaktirajte nas Teretni program Mutata Auto Bulevar\u00a0ima posebnu ponudu guma za autobuse, kamione, gra\u0111evinsku i te\u0161ku mehanizaciju. Nalazimo se na teritoriji op\u0161tine Zvezdara, u ulici Bulevar kralja Aleksandra 501.Na\u0161 servis pru\u017ea slede\u0107e usluge za teretni program: &#8211; monta\u017ea guma, &#8211; demonta\u017ea guma, &#8211; prodaja guma , &#8211; balansiranje guma. U na\u0161oj ponudi \u0107ete na\u0107i [&hellip;]<\/p>","protected":false},"author":1,"featured_media":0,"parent":0,"menu_order":0,"comment_status":"closed","ping_status":"closed","template":"","meta":{"rank_math_lock_modified_date":false,"site-sidebar-layout":"no-sidebar","site-content-layout":"page-builder","ast-site-content-layout":"","site-content-style":"default","site-sidebar-style":"default","ast-global-header-display":"","ast-banner-title-visibility":"","ast-main-header-display":"","ast-hfb-above-header-display":"","ast-hfb-below-header-display":"","ast-hfb-mobile-header-display":"","site-post-title":"disabled","ast-breadcrumbs-content":"","ast-featured-img":"disabled","footer-sml-layout":"","theme-transparent-header-meta":"default","adv-header-id-meta":"","stick-header-meta":"","header-above-stick-meta":"","header-main-stick-meta":"","header-below-stick-meta":"","astra-migrate-meta-layouts":"default","ast-page-background-enabled":"default","ast-page-background-meta":{"desktop":{"background-color":"","background-image":"","background-repeat":"repeat","background-position":"center center","background-size":"auto","background-attachment":"scroll","background-type":"","background-media":"","overlay-type":"","overlay-color":"","overlay-opacity":"","overlay-gradient":""},"tablet":{"background-color":"","background-image":"","background-repeat":"repeat","background-position":"center center","background-size":"auto","background-attachment":"scroll","background-type":"","background-media":"","overlay-type":"","overlay-color":"","overlay-opacity":"","overlay-gradient":""},"mobile":{"background-color":"","background-image":"","background-repeat":"repeat","background-position":"center center","background-size":"auto","background-attachment":"scroll","background-type":"","background-media":"","overlay-type":"","overlay-color":"","overlay-opacity":"","overlay-gradient":""}},"ast-content-background-meta":{"desktop":{"background-color":"var(--ast-global-color-5)","background-image":"","background-repeat":"repeat","background-position":"center center","background-size":"auto","background-attachment":"scroll","background-type":"","background-media":"","overlay-type":"","overlay-color":"","overlay-opacity":"","overlay-gradient":""},"tablet":{"background-color":"var(--ast-global-color-5)","background-image":"","background-repeat":"repeat","background-position":"center center","background-size":"auto","background-attachment":"scroll","background-type":"","background-media":"","overlay-type":"","overlay-color":"","overlay-opacity":"","overlay-gradient":""},"mobile":{"background-color":"var(--ast-global-color-5)","background-image":"","background-repeat":"repeat","background-position":"center center","background-size":"auto","background-attachment":"scroll","background-type":"","background-media":"","overlay-type":"","overlay-color":"","overlay-opacity":"","overlay-gradient":""}},"footnotes":""},"class_list":["post-11317","page","type-page","status-publish","hentry"],"_links":{"self":[{"href":"https:\/\/mutata.co.rs\/sr\/wp-json\/wp\/v2\/pages\/11317"}],"collection":[{"href":"https:\/\/mutata.co.rs\/sr\/wp-json\/wp\/v2\/pages"}],"about":[{"href":"https:\/\/mutata.co.rs\/sr\/wp-json\/wp\/v2\/types\/page"}],"author":[{"embeddable":true,"href":"https:\/\/mutata.co.rs\/sr\/wp-json\/wp\/v2\/users\/1"}],"replies":[{"embeddable":true,"href":"https:\/\/mutata.co.rs\/sr\/wp-json\/wp\/v2\/comments?post=11317"}],"version-history":[{"count":11,"href":"https:\/\/mutata.co.rs\/sr\/wp-json\/wp\/v2\/pages\/11317\/revisions"}],"predecessor-version":[{"id":11429,"href":"https:\/\/mutata.co.rs\/sr\/wp-json\/wp\/v2\/pages\/11317\/revisions\/11429"}],"wp:attachment":[{"href":"https:\/\/mutata.co.rs\/sr\/wp-json\/wp\/v2\/media?parent=11317"}],"curies":[{"name":"wp","href":"https:\/\/api.w.org\/{rel}","templated":true}]}}