{"id":16875,"date":"2024-02-10T17:57:02","date_gmt":"2024-02-10T16:57:02","guid":{"rendered":"https:\/\/mutata.co.rs\/?page_id=16875"},"modified":"2024-02-13T15:34:50","modified_gmt":"2024-02-13T14:34:50","slug":"gume-za-teretni-program","status":"publish","type":"page","link":"https:\/\/mutata.co.rs\/sr\/gume-za-teretni-program\/","title":{"rendered":"Gume za teretni program"},"content":{"rendered":"<div data-elementor-type=\"wp-page\" data-elementor-id=\"16875\" class=\"elementor elementor-16875\" data-elementor-post-type=\"page\">\n\t\t\t\t<div class=\"elementor-element elementor-element-5c8e9bd8 container e-flex e-con-boxed e-con e-parent\" data-id=\"5c8e9bd8\" data-element_type=\"container\" data-settings=\"{&quot;background_background&quot;:&quot;classic&quot;}\">\n\t\t\t\t\t<div class=\"e-con-inner\">\n\t\t\t\t<div class=\"elementor-element elementor-element-438a686 elementor-widget elementor-widget-heading\" data-id=\"438a686\" data-element_type=\"widget\" data-widget_type=\"heading.default\">\n\t\t\t\t<div class=\"elementor-widget-container\">\n\t\t\t<h2 class=\"elementor-heading-title elementor-size-default\">Gume za Teretni Program<\/h2>\t\t<\/div>\n\t\t\t\t<\/div>\n\t\t\t\t<div class=\"elementor-element elementor-element-4dee26f1 elementor-align-center elementor-widget elementor-widget-button\" data-id=\"4dee26f1\" data-element_type=\"widget\" data-widget_type=\"button.default\">\n\t\t\t\t<div class=\"elementor-widget-container\">\n\t\t\t\t\t<div class=\"elementor-button-wrapper\">\n\t\t\t<a class=\"elementor-button elementor-button-link elementor-size-sm\" href=\"tel: 38163444377\">\n\t\t\t\t\t\t<span class=\"elementor-button-content-wrapper\">\n\t\t\t\t\t\t\t\t\t<span class=\"elementor-button-text\">Pozovite nas<\/span>\n\t\t\t\t\t<\/span>\n\t\t\t\t\t<\/a>\n\t\t<\/div>\n\t\t\t\t<\/div>\n\t\t\t\t<\/div>\n\t\t\t\t\t<\/div>\n\t\t\t\t<\/div>\n\t\t<div class=\"elementor-element elementor-element-6ac5a9d0 e-flex e-con-boxed e-con e-parent\" data-id=\"6ac5a9d0\" data-element_type=\"container\">\n\t\t\t\t\t<div class=\"e-con-inner\">\n\t\t\t\t<div class=\"elementor-element elementor-element-fbc9b7e elementor-widget elementor-widget-text-editor\" data-id=\"fbc9b7e\" data-element_type=\"widget\" data-widget_type=\"text-editor.default\">\n\t\t\t\t<div class=\"elementor-widget-container\">\n\t\t\t\t\t\t\t<p><span style=\"font-weight: 400;\">Teretni program za gume obuhvata specijalizirane gume dizajnirane za upotrebu na teretnim vozilima, kao \u0161to su kamioni, prikolice, teretna vozila, ili autobusi. Ovaj program pru\u017ea gume koje su prilago\u0111ene visokim optere\u0107enjima, dugim udaljenostima i \u010destim putovanjima<\/span><\/p><p>U programu \u0107ete prona\u0107i gume za izuzetno te\u0161ke terete, kao i gume prilago\u0111ene svim tipovima puteva. Pomo\u0107i \u0107e vam da sigurnije putujete i smanjite potrebu za \u010destim zamenama\u00a0<\/p>\t\t\t\t\t\t<\/div>\n\t\t\t\t<\/div>\n\t\t\t\t\t<\/div>\n\t\t\t\t<\/div>\n\t\t<div class=\"elementor-element elementor-element-583dea02 e-grid e-con-boxed e-con e-parent\" data-id=\"583dea02\" data-element_type=\"container\">\n\t\t\t\t\t<div class=\"e-con-inner\">\n\t\t\t\t<div class=\"elementor-element elementor-element-2d145e19 elementor-widget elementor-widget-text-editor\" data-id=\"2d145e19\" data-element_type=\"widget\" data-widget_type=\"text-editor.default\">\n\t\t\t\t<div class=\"elementor-widget-container\">\n\t\t\t\t\t\t\t<h2>Tipovi Guma za Teretni Program<\/h2>\n<ul>\n<li style=\"font-weight: 400;\" aria-level=\"1\"><span style=\"font-weight: 400;\">Gume za kamione: Dizajnirane su za kamione i te\u0161ka teretna vozila, obi\u010dno imaju dublje \u0161are i ja\u010de bo\u010dne zidove kako bi podneli te\u0161ke terete.<\/span><\/li>\n<li style=\"font-weight: 400;\" aria-level=\"1\"><span style=\"font-weight: 400;\">Gume za prikolice: Specijalizovane su za upotrebu na prikolicama koje se koriste za transport tereta, obi\u010dno su izlo\u017eene razli\u010ditim uslovima vo\u017enje i optere\u0107enjima.<\/span><\/li>\n<li style=\"font-weight: 400;\" aria-level=\"1\"><span style=\"font-weight: 400;\">Gume za autobuse: Dizajnirane su za autobuse i teretna vozila koja prevoze putnike ili teret na duge udaljenosti, nude\u0107i udobnost, sigurnost i trajnost.<\/span><\/li>\n<li style=\"font-weight: 400;\" aria-level=\"1\"><span style=\"font-weight: 400;\">Gume za dostavna vozila: Namenjene su za vozila koja se koriste za dostavu tereta ili robe u urbanim sredinama, obi\u010dno imaju posebne karakteristike prilago\u0111ene gradskim uslovima i \u010destim zaustavljanjima<\/span><\/li>\n<\/ul>\t\t\t\t\t\t<\/div>\n\t\t\t\t<\/div>\n\t\t\t\t<div class=\"elementor-element elementor-element-2c752abd elementor-widget elementor-widget-image\" data-id=\"2c752abd\" data-element_type=\"widget\" data-widget_type=\"image.default\">\n\t\t\t\t<div class=\"elementor-widget-container\">\n\t\t\t\t\t\t\t\t\t\t\t\t\t<img fetchpriority=\"high\" decoding=\"async\" width=\"1024\" height=\"690\" src=\"https:\/\/mutata.co.rs\/wp-content\/uploads\/2024\/02\/truck-2920533_1280-1024x690.jpg\" class=\"attachment-large size-large wp-image-17055\" alt=\"\" srcset=\"https:\/\/mutata.co.rs\/wp-content\/uploads\/2024\/02\/truck-2920533_1280-1024x690.jpg 1024w, https:\/\/mutata.co.rs\/wp-content\/uploads\/2024\/02\/truck-2920533_1280-300x202.jpg 300w, https:\/\/mutata.co.rs\/wp-content\/uploads\/2024\/02\/truck-2920533_1280-768x517.jpg 768w, https:\/\/mutata.co.rs\/wp-content\/uploads\/2024\/02\/truck-2920533_1280-18x12.jpg 18w, https:\/\/mutata.co.rs\/wp-content\/uploads\/2024\/02\/truck-2920533_1280-600x404.jpg 600w, https:\/\/mutata.co.rs\/wp-content\/uploads\/2024\/02\/truck-2920533_1280.jpg 1280w\" sizes=\"(max-width: 1024px) 100vw, 1024px\" \/>\t\t\t\t\t\t\t\t\t\t\t\t\t<\/div>\n\t\t\t\t<\/div>\n\t\t\t\t\t<\/div>\n\t\t\t\t<\/div>\n\t\t<div class=\"elementor-element elementor-element-12d62c99 cos e-flex e-con-boxed e-con e-parent\" data-id=\"12d62c99\" data-element_type=\"container\" data-settings=\"{&quot;background_background&quot;:&quot;classic&quot;}\">\n\t\t\t\t\t<div class=\"e-con-inner\">\n\t\t\t\t<div class=\"elementor-element elementor-element-18778899 elementor-widget elementor-widget-heading\" data-id=\"18778899\" data-element_type=\"widget\" data-widget_type=\"heading.default\">\n\t\t\t\t<div class=\"elementor-widget-container\">\n\t\t\t<h2 class=\"elementor-heading-title elementor-size-default\">Poru\u010dite Gume za Teretni program<\/h2>\t\t<\/div>\n\t\t\t\t<\/div>\n\t\t\t\t<div class=\"elementor-element elementor-element-79f8880c elementor-align-center elementor-widget elementor-widget-button\" data-id=\"79f8880c\" data-element_type=\"widget\" data-widget_type=\"button.default\">\n\t\t\t\t<div class=\"elementor-widget-container\">\n\t\t\t\t\t<div class=\"elementor-button-wrapper\">\n\t\t\t<a class=\"elementor-button elementor-button-link elementor-size-sm\" href=\"tel: 38163444377\">\n\t\t\t\t\t\t<span class=\"elementor-button-content-wrapper\">\n\t\t\t\t\t\t\t\t\t<span class=\"elementor-button-text\">Pozovite nas<\/span>\n\t\t\t\t\t<\/span>\n\t\t\t\t\t<\/a>\n\t\t<\/div>\n\t\t\t\t<\/div>\n\t\t\t\t<\/div>\n\t\t\t\t\t<\/div>\n\t\t\t\t<\/div>\n\t\t\t\t<\/div>","protected":false},"excerpt":{"rendered":"<p>Gume za Teretni Program Pozovite nas Teretni program za gume obuhvata specijalizirane gume dizajnirane za upotrebu na teretnim vozilima, kao \u0161to su kamioni, prikolice, teretna vozila, ili autobusi. Ovaj program pru\u017ea gume koje su prilago\u0111ene visokim optere\u0107enjima, dugim udaljenostima i \u010destim putovanjima U programu \u0107ete prona\u0107i gume za izuzetno te\u0161ke terete, kao i gume prilago\u0111ene [&hellip;]<\/p>","protected":false},"author":4,"featured_media":0,"parent":0,"menu_order":0,"comment_status":"closed","ping_status":"closed","template":"elementor_header_footer","meta":{"rank_math_lock_modified_date":false,"site-sidebar-layout":"no-sidebar","site-content-layout":"page-builder","ast-site-content-layout":"full-width-container","site-content-style":"default","site-sidebar-style":"default","ast-global-header-display":"","ast-banner-title-visibility":"","ast-main-header-display":"","ast-hfb-above-header-display":"","ast-hfb-below-header-display":"","ast-hfb-mobile-header-display":"","site-post-title":"disabled","ast-breadcrumbs-content":"","ast-featured-img":"disabled","footer-sml-layout":"","theme-transparent-header-meta":"","adv-header-id-meta":"","stick-header-meta":"","header-above-stick-meta":"","header-main-stick-meta":"","header-below-stick-meta":"","astra-migrate-meta-layouts":"set","ast-page-background-enabled":"default","ast-page-background-meta":{"desktop":{"background-color":"","background-image":"","background-repeat":"repeat","background-position":"center center","background-size":"auto","background-attachment":"scroll","background-type":"","background-media":"","overlay-type":"","overlay-color":"","overlay-opacity":"","overlay-gradient":""},"tablet":{"background-color":"","background-image":"","background-repeat":"repeat","background-position":"center center","background-size":"auto","background-attachment":"scroll","background-type":"","background-media":"","overlay-type":"","overlay-color":"","overlay-opacity":"","overlay-gradient":""},"mobile":{"background-color":"","background-image":"","background-repeat":"repeat","background-position":"center center","background-size":"auto","background-attachment":"scroll","background-type":"","background-media":"","overlay-type":"","overlay-color":"","overlay-opacity":"","overlay-gradient":""}},"ast-content-background-meta":{"desktop":{"background-color":"var(--ast-global-color-5)","background-image":"","background-repeat":"repeat","background-position":"center center","background-size":"auto","background-attachment":"scroll","background-type":"","background-media":"","overlay-type":"","overlay-color":"","overlay-opacity":"","overlay-gradient":""},"tablet":{"background-color":"var(--ast-global-color-5)","background-image":"","background-repeat":"repeat","background-position":"center center","background-size":"auto","background-attachment":"scroll","background-type":"","background-media":"","overlay-type":"","overlay-color":"","overlay-opacity":"","overlay-gradient":""},"mobile":{"background-color":"var(--ast-global-color-5)","background-image":"","background-repeat":"repeat","background-position":"center center","background-size":"auto","background-attachment":"scroll","background-type":"","background-media":"","overlay-type":"","overlay-color":"","overlay-opacity":"","overlay-gradient":""}},"footnotes":""},"class_list":["post-16875","page","type-page","status-publish","hentry"],"_links":{"self":[{"href":"https:\/\/mutata.co.rs\/sr\/wp-json\/wp\/v2\/pages\/16875"}],"collection":[{"href":"https:\/\/mutata.co.rs\/sr\/wp-json\/wp\/v2\/pages"}],"about":[{"href":"https:\/\/mutata.co.rs\/sr\/wp-json\/wp\/v2\/types\/page"}],"author":[{"embeddable":true,"href":"https:\/\/mutata.co.rs\/sr\/wp-json\/wp\/v2\/users\/4"}],"replies":[{"embeddable":true,"href":"https:\/\/mutata.co.rs\/sr\/wp-json\/wp\/v2\/comments?post=16875"}],"version-history":[{"count":16,"href":"https:\/\/mutata.co.rs\/sr\/wp-json\/wp\/v2\/pages\/16875\/revisions"}],"predecessor-version":[{"id":17064,"href":"https:\/\/mutata.co.rs\/sr\/wp-json\/wp\/v2\/pages\/16875\/revisions\/17064"}],"wp:attachment":[{"href":"https:\/\/mutata.co.rs\/sr\/wp-json\/wp\/v2\/media?parent=16875"}],"curies":[{"name":"wp","href":"https:\/\/api.w.org\/{rel}","templated":true}]}}