{"id":16881,"date":"2024-02-10T18:05:43","date_gmt":"2024-02-10T17:05:43","guid":{"rendered":"https:\/\/mutata.co.rs\/?page_id=16881"},"modified":"2024-02-13T15:49:09","modified_gmt":"2024-02-13T14:49:09","slug":"gume-za-industrijski-program","status":"publish","type":"page","link":"https:\/\/mutata.co.rs\/sr\/gume-za-industrijski-program\/","title":{"rendered":"Gume za industrijski program"},"content":{"rendered":"<div data-elementor-type=\"wp-page\" data-elementor-id=\"16881\" class=\"elementor elementor-16881\" data-elementor-post-type=\"page\">\n\t\t\t\t<div class=\"elementor-element elementor-element-4d3aa9f3 container e-flex e-con-boxed e-con e-parent\" data-id=\"4d3aa9f3\" data-element_type=\"container\" data-settings=\"{&quot;background_background&quot;:&quot;classic&quot;}\">\n\t\t\t\t\t<div class=\"e-con-inner\">\n\t\t\t\t<div class=\"elementor-element elementor-element-72814817 elementor-widget elementor-widget-heading\" data-id=\"72814817\" data-element_type=\"widget\" data-widget_type=\"heading.default\">\n\t\t\t\t<div class=\"elementor-widget-container\">\n\t\t\t<h2 class=\"elementor-heading-title elementor-size-default\">Gume za Industrijski Program<\/h2>\t\t<\/div>\n\t\t\t\t<\/div>\n\t\t\t\t<div class=\"elementor-element elementor-element-4a5cba65 elementor-align-center elementor-widget elementor-widget-button\" data-id=\"4a5cba65\" data-element_type=\"widget\" data-widget_type=\"button.default\">\n\t\t\t\t<div class=\"elementor-widget-container\">\n\t\t\t\t\t<div class=\"elementor-button-wrapper\">\n\t\t\t<a class=\"elementor-button elementor-button-link elementor-size-sm\" href=\"tel: 38163444377\">\n\t\t\t\t\t\t<span class=\"elementor-button-content-wrapper\">\n\t\t\t\t\t\t\t\t\t<span class=\"elementor-button-text\">Pozovite nas<\/span>\n\t\t\t\t\t<\/span>\n\t\t\t\t\t<\/a>\n\t\t<\/div>\n\t\t\t\t<\/div>\n\t\t\t\t<\/div>\n\t\t\t\t\t<\/div>\n\t\t\t\t<\/div>\n\t\t<div class=\"elementor-element elementor-element-637267f0 e-flex e-con-boxed e-con e-parent\" data-id=\"637267f0\" data-element_type=\"container\">\n\t\t\t\t\t<div class=\"e-con-inner\">\n\t\t\t\t<div class=\"elementor-element elementor-element-1253724a elementor-widget elementor-widget-text-editor\" data-id=\"1253724a\" data-element_type=\"widget\" data-widget_type=\"text-editor.default\">\n\t\t\t\t<div class=\"elementor-widget-container\">\n\t\t\t\t\t\t\t<p><span style=\"font-weight: 400;\">Industrijski program za gume obuhvata specijalizovane gume dizajnirane za upotrebu u industrijskim okru\u017eenjima i primenama , kao \u0161to su gradili\u0161ta, fabrike, skladi\u0161ta, poljoprivreda, rudarstvo, logistika i sli\u010dno. Ovaj program pru\u017ea gume koje su otporne na habanje, udarce, abraziju, hemikalije i ekstremne uslove rada<\/span><\/p>\t\t\t\t\t\t<\/div>\n\t\t\t\t<\/div>\n\t\t\t\t\t<\/div>\n\t\t\t\t<\/div>\n\t\t<div class=\"elementor-element elementor-element-c664cf2 e-grid e-con-boxed e-con e-parent\" data-id=\"c664cf2\" data-element_type=\"container\">\n\t\t\t\t\t<div class=\"e-con-inner\">\n\t\t\t\t<div class=\"elementor-element elementor-element-1791e2dd elementor-widget elementor-widget-text-editor\" data-id=\"1791e2dd\" data-element_type=\"widget\" data-widget_type=\"text-editor.default\">\n\t\t\t\t<div class=\"elementor-widget-container\">\n\t\t\t\t\t\t\t<h2>Tipovi Industrijskih Guma<\/h2>\n<ul>\n<li style=\"font-weight: 400;\" aria-level=\"1\"><span style=\"font-weight: 400;\">Pneumatske gume: Koriste se u \u0161irokom rasponu industrijskih primena, uklju\u010duju\u0107i vilju\u0161kare, dizalice, robusne transportere, poljoprivrednu mehanizaciju i sli\u010dno.<\/span><\/li>\n<li style=\"font-weight: 400;\" aria-level=\"1\"><span style=\"font-weight: 400;\">Nepneumatske gume: Poznate i kao &#8220;punjene gume&#8221; ili &#8220;solidne gume&#8221;, koriste se u situacijama gdje je potrebna potpuna otpornost na probijanje, kao \u0161to su vilju\u0161kari, vili\u010dari, ili kolica za teret.<\/span><\/li>\n<li style=\"font-weight: 400;\" aria-level=\"1\"><span style=\"font-weight: 400;\">Trake i podloge: Koriste se za transportne trake, podloge za skladi\u0161ta, i sli\u010dne industrijske primjene radi pove\u0107anja trakcije, smanjenja klizanja i apsorpcije udaraca.<\/span><\/li>\n<li style=\"font-weight: 400;\" aria-level=\"1\"><span style=\"font-weight: 400;\">Specijalizirane gume: Uklju\u010duju\u0107i gume za poljoprivredne ma\u0161ine, rudarska vozila, gra\u0111evinske ma\u0161ine, te gume otporne na hemikalije, visoke temperature ili agresivne uslove rada<\/span><\/li>\n<\/ul>\t\t\t\t\t\t<\/div>\n\t\t\t\t<\/div>\n\t\t\t\t<div class=\"elementor-element elementor-element-d1ab4c0 elementor-widget elementor-widget-image\" data-id=\"d1ab4c0\" data-element_type=\"widget\" data-widget_type=\"image.default\">\n\t\t\t\t<div class=\"elementor-widget-container\">\n\t\t\t\t\t\t\t\t\t\t\t\t\t<img fetchpriority=\"high\" decoding=\"async\" width=\"1024\" height=\"768\" src=\"https:\/\/mutata.co.rs\/wp-content\/uploads\/2024\/02\/winter-tires-1011442_1920-1024x768.jpg\" class=\"attachment-large size-large wp-image-17069\" alt=\"\" srcset=\"https:\/\/mutata.co.rs\/wp-content\/uploads\/2024\/02\/winter-tires-1011442_1920-1024x768.jpg 1024w, https:\/\/mutata.co.rs\/wp-content\/uploads\/2024\/02\/winter-tires-1011442_1920-300x225.jpg 300w, https:\/\/mutata.co.rs\/wp-content\/uploads\/2024\/02\/winter-tires-1011442_1920-768x576.jpg 768w, https:\/\/mutata.co.rs\/wp-content\/uploads\/2024\/02\/winter-tires-1011442_1920-1536x1152.jpg 1536w, https:\/\/mutata.co.rs\/wp-content\/uploads\/2024\/02\/winter-tires-1011442_1920-16x12.jpg 16w, https:\/\/mutata.co.rs\/wp-content\/uploads\/2024\/02\/winter-tires-1011442_1920-600x450.jpg 600w, https:\/\/mutata.co.rs\/wp-content\/uploads\/2024\/02\/winter-tires-1011442_1920.jpg 1920w\" sizes=\"(max-width: 1024px) 100vw, 1024px\" \/>\t\t\t\t\t\t\t\t\t\t\t\t\t<\/div>\n\t\t\t\t<\/div>\n\t\t\t\t\t<\/div>\n\t\t\t\t<\/div>\n\t\t<div class=\"elementor-element elementor-element-3c198373 cos e-flex e-con-boxed e-con e-parent\" data-id=\"3c198373\" data-element_type=\"container\" data-settings=\"{&quot;background_background&quot;:&quot;classic&quot;}\">\n\t\t\t\t\t<div class=\"e-con-inner\">\n\t\t\t\t<div class=\"elementor-element elementor-element-41bda586 elementor-widget elementor-widget-heading\" data-id=\"41bda586\" data-element_type=\"widget\" data-widget_type=\"heading.default\">\n\t\t\t\t<div class=\"elementor-widget-container\">\n\t\t\t<h2 class=\"elementor-heading-title elementor-size-default\">Gume za Industrijski Program<\/h2>\t\t<\/div>\n\t\t\t\t<\/div>\n\t\t\t\t<div class=\"elementor-element elementor-element-380c17c9 elementor-align-center elementor-widget elementor-widget-button\" data-id=\"380c17c9\" data-element_type=\"widget\" data-widget_type=\"button.default\">\n\t\t\t\t<div class=\"elementor-widget-container\">\n\t\t\t\t\t<div class=\"elementor-button-wrapper\">\n\t\t\t<a class=\"elementor-button elementor-button-link elementor-size-sm\" href=\"tel: 38163444377\">\n\t\t\t\t\t\t<span class=\"elementor-button-content-wrapper\">\n\t\t\t\t\t\t\t\t\t<span class=\"elementor-button-text\">Pozovite nas<\/span>\n\t\t\t\t\t<\/span>\n\t\t\t\t\t<\/a>\n\t\t<\/div>\n\t\t\t\t<\/div>\n\t\t\t\t<\/div>\n\t\t\t\t\t<\/div>\n\t\t\t\t<\/div>\n\t\t\t\t<\/div>","protected":false},"excerpt":{"rendered":"<p>Gume za Industrijski Program Pozovite nas Industrijski program za gume obuhvata specijalizovane gume dizajnirane za upotrebu u industrijskim okru\u017eenjima i primenama , kao \u0161to su gradili\u0161ta, fabrike, skladi\u0161ta, poljoprivreda, rudarstvo, logistika i sli\u010dno. Ovaj program pru\u017ea gume koje su otporne na habanje, udarce, abraziju, hemikalije i ekstremne uslove rada Tipovi Industrijskih Guma Pneumatske gume: Koriste [&hellip;]<\/p>","protected":false},"author":4,"featured_media":0,"parent":0,"menu_order":0,"comment_status":"closed","ping_status":"closed","template":"elementor_header_footer","meta":{"rank_math_lock_modified_date":false,"site-sidebar-layout":"no-sidebar","site-content-layout":"page-builder","ast-site-content-layout":"full-width-container","site-content-style":"default","site-sidebar-style":"default","ast-global-header-display":"","ast-banner-title-visibility":"","ast-main-header-display":"","ast-hfb-above-header-display":"","ast-hfb-below-header-display":"","ast-hfb-mobile-header-display":"","site-post-title":"disabled","ast-breadcrumbs-content":"","ast-featured-img":"disabled","footer-sml-layout":"","theme-transparent-header-meta":"","adv-header-id-meta":"","stick-header-meta":"","header-above-stick-meta":"","header-main-stick-meta":"","header-below-stick-meta":"","astra-migrate-meta-layouts":"set","ast-page-background-enabled":"default","ast-page-background-meta":{"desktop":{"background-color":"","background-image":"","background-repeat":"repeat","background-position":"center center","background-size":"auto","background-attachment":"scroll","background-type":"","background-media":"","overlay-type":"","overlay-color":"","overlay-opacity":"","overlay-gradient":""},"tablet":{"background-color":"","background-image":"","background-repeat":"repeat","background-position":"center center","background-size":"auto","background-attachment":"scroll","background-type":"","background-media":"","overlay-type":"","overlay-color":"","overlay-opacity":"","overlay-gradient":""},"mobile":{"background-color":"","background-image":"","background-repeat":"repeat","background-position":"center center","background-size":"auto","background-attachment":"scroll","background-type":"","background-media":"","overlay-type":"","overlay-color":"","overlay-opacity":"","overlay-gradient":""}},"ast-content-background-meta":{"desktop":{"background-color":"var(--ast-global-color-5)","background-image":"","background-repeat":"repeat","background-position":"center center","background-size":"auto","background-attachment":"scroll","background-type":"","background-media":"","overlay-type":"","overlay-color":"","overlay-opacity":"","overlay-gradient":""},"tablet":{"background-color":"var(--ast-global-color-5)","background-image":"","background-repeat":"repeat","background-position":"center center","background-size":"auto","background-attachment":"scroll","background-type":"","background-media":"","overlay-type":"","overlay-color":"","overlay-opacity":"","overlay-gradient":""},"mobile":{"background-color":"var(--ast-global-color-5)","background-image":"","background-repeat":"repeat","background-position":"center center","background-size":"auto","background-attachment":"scroll","background-type":"","background-media":"","overlay-type":"","overlay-color":"","overlay-opacity":"","overlay-gradient":""}},"footnotes":""},"class_list":["post-16881","page","type-page","status-publish","hentry"],"_links":{"self":[{"href":"https:\/\/mutata.co.rs\/sr\/wp-json\/wp\/v2\/pages\/16881"}],"collection":[{"href":"https:\/\/mutata.co.rs\/sr\/wp-json\/wp\/v2\/pages"}],"about":[{"href":"https:\/\/mutata.co.rs\/sr\/wp-json\/wp\/v2\/types\/page"}],"author":[{"embeddable":true,"href":"https:\/\/mutata.co.rs\/sr\/wp-json\/wp\/v2\/users\/4"}],"replies":[{"embeddable":true,"href":"https:\/\/mutata.co.rs\/sr\/wp-json\/wp\/v2\/comments?post=16881"}],"version-history":[{"count":16,"href":"https:\/\/mutata.co.rs\/sr\/wp-json\/wp\/v2\/pages\/16881\/revisions"}],"predecessor-version":[{"id":17076,"href":"https:\/\/mutata.co.rs\/sr\/wp-json\/wp\/v2\/pages\/16881\/revisions\/17076"}],"wp:attachment":[{"href":"https:\/\/mutata.co.rs\/sr\/wp-json\/wp\/v2\/media?parent=16881"}],"curies":[{"name":"wp","href":"https:\/\/api.w.org\/{rel}","templated":true}]}}