{"id":16890,"date":"2024-02-10T18:13:23","date_gmt":"2024-02-10T17:13:23","guid":{"rendered":"https:\/\/mutata.co.rs\/?page_id=16890"},"modified":"2024-02-13T15:58:34","modified_gmt":"2024-02-13T14:58:34","slug":"gume-za-viljuskare","status":"publish","type":"page","link":"https:\/\/mutata.co.rs\/sr\/gume-za-viljuskare\/","title":{"rendered":"Gume za vilju\u0161kare"},"content":{"rendered":"<div data-elementor-type=\"wp-page\" data-elementor-id=\"16890\" class=\"elementor elementor-16890\" data-elementor-post-type=\"page\">\n\t\t\t\t<div class=\"elementor-element elementor-element-53b6a2fb container e-flex e-con-boxed e-con e-parent\" data-id=\"53b6a2fb\" data-element_type=\"container\" data-settings=\"{&quot;background_background&quot;:&quot;classic&quot;}\">\n\t\t\t\t\t<div class=\"e-con-inner\">\n\t\t\t\t<div class=\"elementor-element elementor-element-23260ece elementor-widget elementor-widget-heading\" data-id=\"23260ece\" data-element_type=\"widget\" data-widget_type=\"heading.default\">\n\t\t\t\t<div class=\"elementor-widget-container\">\n\t\t\t<h2 class=\"elementor-heading-title elementor-size-default\">Gume za Vilju\u0161kare <\/h2>\t\t<\/div>\n\t\t\t\t<\/div>\n\t\t\t\t<div class=\"elementor-element elementor-element-2e92d3ca elementor-align-center elementor-widget elementor-widget-button\" data-id=\"2e92d3ca\" data-element_type=\"widget\" data-widget_type=\"button.default\">\n\t\t\t\t<div class=\"elementor-widget-container\">\n\t\t\t\t\t<div class=\"elementor-button-wrapper\">\n\t\t\t<a class=\"elementor-button elementor-button-link elementor-size-sm\" href=\"tel: 38163444377\">\n\t\t\t\t\t\t<span class=\"elementor-button-content-wrapper\">\n\t\t\t\t\t\t\t\t\t<span class=\"elementor-button-text\">Pozovite nas<\/span>\n\t\t\t\t\t<\/span>\n\t\t\t\t\t<\/a>\n\t\t<\/div>\n\t\t\t\t<\/div>\n\t\t\t\t<\/div>\n\t\t\t\t\t<\/div>\n\t\t\t\t<\/div>\n\t\t<div class=\"elementor-element elementor-element-74ddae27 e-flex e-con-boxed e-con e-parent\" data-id=\"74ddae27\" data-element_type=\"container\">\n\t\t\t\t\t<div class=\"e-con-inner\">\n\t\t\t\t<div class=\"elementor-element elementor-element-385f0160 elementor-widget elementor-widget-text-editor\" data-id=\"385f0160\" data-element_type=\"widget\" data-widget_type=\"text-editor.default\">\n\t\t\t\t<div class=\"elementor-widget-container\">\n\t\t\t\t\t\t\t<p><span style=\"font-weight: 400;\">Gume za vilju\u0161kare su specijalizirane gume dizajnirane za upotrebu na vilju\u0161karima, koji se koriste za podizanje, premje\u0161tanje i manipulaciju teretom u industrijskim okru\u017eenjima poput skladi\u0161ta, logisti\u010dkih centara, proizvodnih pogona i sli\u010dno. Ove gume omogu\u0107uju stabilnost, trakciju i sigurnost tokom rukovanja razli\u010ditim vrstama tereta<\/span><\/p>\t\t\t\t\t\t<\/div>\n\t\t\t\t<\/div>\n\t\t\t\t\t<\/div>\n\t\t\t\t<\/div>\n\t\t<div class=\"elementor-element elementor-element-4207bbd9 e-grid e-con-boxed e-con e-parent\" data-id=\"4207bbd9\" data-element_type=\"container\">\n\t\t\t\t\t<div class=\"e-con-inner\">\n\t\t\t\t<div class=\"elementor-element elementor-element-368cf3bc elementor-widget elementor-widget-text-editor\" data-id=\"368cf3bc\" data-element_type=\"widget\" data-widget_type=\"text-editor.default\">\n\t\t\t\t<div class=\"elementor-widget-container\">\n\t\t\t\t\t\t\t<h2>Tipovi Guma za Vilju\u0161kare<\/h2>\n<div>&nbsp;<\/div>\n<ul>\n<li style=\"font-weight: 400;\" aria-level=\"1\"><span style=\"font-weight: 400;\">Pneumatske gume: Ove gume sadr\u017ee vazduh i obi\u010dno se koriste na vilju\u0161karima koji rade na otvorenom ili na neravnim povr\u0161inama, pru\u017eaju\u0107i bolju apsorpciju udaraca i ve\u0107u trakciju.<\/span><\/li>\n<li style=\"font-weight: 400;\" aria-level=\"1\"><span style=\"font-weight: 400;\">Nepneumatske gume: Poznate i kao &#8220;punjene gume&#8221; ili &#8220;solidne gume&#8221;, obi\u010dno se koriste na vilju\u0161karima koji rade unutar zatvorenih prostora ili na glatkim povr\u0161inama, pru\u017eaju\u0107i trajnost i otpornost na probijanje<\/span><\/li>\n<\/ul>\t\t\t\t\t\t<\/div>\n\t\t\t\t<\/div>\n\t\t\t\t<div class=\"elementor-element elementor-element-66bfe3d1 elementor-widget elementor-widget-image\" data-id=\"66bfe3d1\" data-element_type=\"widget\" data-widget_type=\"image.default\">\n\t\t\t\t<div class=\"elementor-widget-container\">\n\t\t\t\t\t\t\t\t\t\t\t\t\t<img fetchpriority=\"high\" decoding=\"async\" width=\"1024\" height=\"683\" src=\"https:\/\/mutata.co.rs\/wp-content\/uploads\/2024\/02\/wheel-5243104_1920-1024x683.jpg\" class=\"attachment-large size-large wp-image-17081\" alt=\"\" srcset=\"https:\/\/mutata.co.rs\/wp-content\/uploads\/2024\/02\/wheel-5243104_1920-1024x683.jpg 1024w, https:\/\/mutata.co.rs\/wp-content\/uploads\/2024\/02\/elementor\/thumbs\/wheel-5243104_1920-qjr5d4qb54923k3o9bk0enumuad4e1loceymooipqo.jpg 300w, https:\/\/mutata.co.rs\/wp-content\/uploads\/2024\/02\/wheel-5243104_1920-768x512.jpg 768w, https:\/\/mutata.co.rs\/wp-content\/uploads\/2024\/02\/wheel-5243104_1920-1536x1024.jpg 1536w, https:\/\/mutata.co.rs\/wp-content\/uploads\/2024\/02\/wheel-5243104_1920-18x12.jpg 18w, https:\/\/mutata.co.rs\/wp-content\/uploads\/2024\/02\/wheel-5243104_1920-600x400.jpg 600w, https:\/\/mutata.co.rs\/wp-content\/uploads\/2024\/02\/wheel-5243104_1920.jpg 1920w\" sizes=\"(max-width: 1024px) 100vw, 1024px\" \/>\t\t\t\t\t\t\t\t\t\t\t\t\t<\/div>\n\t\t\t\t<\/div>\n\t\t\t\t\t<\/div>\n\t\t\t\t<\/div>\n\t\t<div class=\"elementor-element elementor-element-706057f cos e-flex e-con-boxed e-con e-parent\" data-id=\"706057f\" data-element_type=\"container\" data-settings=\"{&quot;background_background&quot;:&quot;classic&quot;}\">\n\t\t\t\t\t<div class=\"e-con-inner\">\n\t\t\t\t<div class=\"elementor-element elementor-element-228e1152 elementor-widget elementor-widget-heading\" data-id=\"228e1152\" data-element_type=\"widget\" data-widget_type=\"heading.default\">\n\t\t\t\t<div class=\"elementor-widget-container\">\n\t\t\t<h2 class=\"elementor-heading-title elementor-size-default\">Poru\u010dite Gume za Vilju\u0161kare<\/h2>\t\t<\/div>\n\t\t\t\t<\/div>\n\t\t\t\t<div class=\"elementor-element elementor-element-6a50665a elementor-align-center elementor-widget elementor-widget-button\" data-id=\"6a50665a\" data-element_type=\"widget\" data-widget_type=\"button.default\">\n\t\t\t\t<div class=\"elementor-widget-container\">\n\t\t\t\t\t<div class=\"elementor-button-wrapper\">\n\t\t\t<a class=\"elementor-button elementor-button-link elementor-size-sm\" href=\"tel: 38163444377\">\n\t\t\t\t\t\t<span class=\"elementor-button-content-wrapper\">\n\t\t\t\t\t\t\t\t\t<span class=\"elementor-button-text\">Pozovite nas<\/span>\n\t\t\t\t\t<\/span>\n\t\t\t\t\t<\/a>\n\t\t<\/div>\n\t\t\t\t<\/div>\n\t\t\t\t<\/div>\n\t\t\t\t\t<\/div>\n\t\t\t\t<\/div>\n\t\t\t\t<\/div>","protected":false},"excerpt":{"rendered":"<p>Gume za Vilju\u0161kare Pozovite nas Gume za vilju\u0161kare su specijalizirane gume dizajnirane za upotrebu na vilju\u0161karima, koji se koriste za podizanje, premje\u0161tanje i manipulaciju teretom u industrijskim okru\u017eenjima poput skladi\u0161ta, logisti\u010dkih centara, proizvodnih pogona i sli\u010dno. Ove gume omogu\u0107uju stabilnost, trakciju i sigurnost tokom rukovanja razli\u010ditim vrstama tereta Tipovi Guma za Vilju\u0161kare &nbsp; Pneumatske gume: [&hellip;]<\/p>","protected":false},"author":4,"featured_media":0,"parent":0,"menu_order":0,"comment_status":"closed","ping_status":"closed","template":"elementor_header_footer","meta":{"rank_math_lock_modified_date":false,"site-sidebar-layout":"no-sidebar","site-content-layout":"page-builder","ast-site-content-layout":"full-width-container","site-content-style":"default","site-sidebar-style":"default","ast-global-header-display":"","ast-banner-title-visibility":"","ast-main-header-display":"","ast-hfb-above-header-display":"","ast-hfb-below-header-display":"","ast-hfb-mobile-header-display":"","site-post-title":"disabled","ast-breadcrumbs-content":"","ast-featured-img":"disabled","footer-sml-layout":"","theme-transparent-header-meta":"","adv-header-id-meta":"","stick-header-meta":"","header-above-stick-meta":"","header-main-stick-meta":"","header-below-stick-meta":"","astra-migrate-meta-layouts":"set","ast-page-background-enabled":"default","ast-page-background-meta":{"desktop":{"background-color":"","background-image":"","background-repeat":"repeat","background-position":"center center","background-size":"auto","background-attachment":"scroll","background-type":"","background-media":"","overlay-type":"","overlay-color":"","overlay-opacity":"","overlay-gradient":""},"tablet":{"background-color":"","background-image":"","background-repeat":"repeat","background-position":"center center","background-size":"auto","background-attachment":"scroll","background-type":"","background-media":"","overlay-type":"","overlay-color":"","overlay-opacity":"","overlay-gradient":""},"mobile":{"background-color":"","background-image":"","background-repeat":"repeat","background-position":"center center","background-size":"auto","background-attachment":"scroll","background-type":"","background-media":"","overlay-type":"","overlay-color":"","overlay-opacity":"","overlay-gradient":""}},"ast-content-background-meta":{"desktop":{"background-color":"var(--ast-global-color-5)","background-image":"","background-repeat":"repeat","background-position":"center center","background-size":"auto","background-attachment":"scroll","background-type":"","background-media":"","overlay-type":"","overlay-color":"","overlay-opacity":"","overlay-gradient":""},"tablet":{"background-color":"var(--ast-global-color-5)","background-image":"","background-repeat":"repeat","background-position":"center center","background-size":"auto","background-attachment":"scroll","background-type":"","background-media":"","overlay-type":"","overlay-color":"","overlay-opacity":"","overlay-gradient":""},"mobile":{"background-color":"var(--ast-global-color-5)","background-image":"","background-repeat":"repeat","background-position":"center center","background-size":"auto","background-attachment":"scroll","background-type":"","background-media":"","overlay-type":"","overlay-color":"","overlay-opacity":"","overlay-gradient":""}},"footnotes":""},"class_list":["post-16890","page","type-page","status-publish","hentry"],"_links":{"self":[{"href":"https:\/\/mutata.co.rs\/sr\/wp-json\/wp\/v2\/pages\/16890"}],"collection":[{"href":"https:\/\/mutata.co.rs\/sr\/wp-json\/wp\/v2\/pages"}],"about":[{"href":"https:\/\/mutata.co.rs\/sr\/wp-json\/wp\/v2\/types\/page"}],"author":[{"embeddable":true,"href":"https:\/\/mutata.co.rs\/sr\/wp-json\/wp\/v2\/users\/4"}],"replies":[{"embeddable":true,"href":"https:\/\/mutata.co.rs\/sr\/wp-json\/wp\/v2\/comments?post=16890"}],"version-history":[{"count":13,"href":"https:\/\/mutata.co.rs\/sr\/wp-json\/wp\/v2\/pages\/16890\/revisions"}],"predecessor-version":[{"id":17087,"href":"https:\/\/mutata.co.rs\/sr\/wp-json\/wp\/v2\/pages\/16890\/revisions\/17087"}],"wp:attachment":[{"href":"https:\/\/mutata.co.rs\/sr\/wp-json\/wp\/v2\/media?parent=16890"}],"curies":[{"name":"wp","href":"https:\/\/api.w.org\/{rel}","templated":true}]}}