{"id":16896,"date":"2024-02-10T18:21:06","date_gmt":"2024-02-10T17:21:06","guid":{"rendered":"https:\/\/mutata.co.rs\/?page_id=16896"},"modified":"2024-02-13T16:24:08","modified_gmt":"2024-02-13T15:24:08","slug":"gume-za-motore","status":"publish","type":"page","link":"https:\/\/mutata.co.rs\/sr\/gume-za-motore\/","title":{"rendered":"Gume za motore"},"content":{"rendered":"<div data-elementor-type=\"wp-page\" data-elementor-id=\"16896\" class=\"elementor elementor-16896\" data-elementor-post-type=\"page\">\n\t\t\t\t<div class=\"elementor-element elementor-element-459cfb04 container e-flex e-con-boxed e-con e-parent\" data-id=\"459cfb04\" data-element_type=\"container\" data-settings=\"{&quot;background_background&quot;:&quot;classic&quot;}\">\n\t\t\t\t\t<div class=\"e-con-inner\">\n\t\t\t\t<div class=\"elementor-element elementor-element-63af4386 elementor-widget elementor-widget-heading\" data-id=\"63af4386\" data-element_type=\"widget\" data-widget_type=\"heading.default\">\n\t\t\t\t<div class=\"elementor-widget-container\">\n\t\t\t<h2 class=\"elementor-heading-title elementor-size-default\">Gume za Motore<\/h2>\t\t<\/div>\n\t\t\t\t<\/div>\n\t\t\t\t<div class=\"elementor-element elementor-element-6490775 elementor-align-center elementor-widget elementor-widget-button\" data-id=\"6490775\" data-element_type=\"widget\" data-widget_type=\"button.default\">\n\t\t\t\t<div class=\"elementor-widget-container\">\n\t\t\t\t\t<div class=\"elementor-button-wrapper\">\n\t\t\t<a class=\"elementor-button elementor-button-link elementor-size-sm\" href=\"tel: 38163444377\">\n\t\t\t\t\t\t<span class=\"elementor-button-content-wrapper\">\n\t\t\t\t\t\t\t\t\t<span class=\"elementor-button-text\">Pozovite nas<\/span>\n\t\t\t\t\t<\/span>\n\t\t\t\t\t<\/a>\n\t\t<\/div>\n\t\t\t\t<\/div>\n\t\t\t\t<\/div>\n\t\t\t\t\t<\/div>\n\t\t\t\t<\/div>\n\t\t<div class=\"elementor-element elementor-element-54aa210 e-flex e-con-boxed e-con e-parent\" data-id=\"54aa210\" data-element_type=\"container\">\n\t\t\t\t\t<div class=\"e-con-inner\">\n\t\t\t\t<div class=\"elementor-element elementor-element-6c95f8f1 elementor-widget elementor-widget-text-editor\" data-id=\"6c95f8f1\" data-element_type=\"widget\" data-widget_type=\"text-editor.default\">\n\t\t\t\t<div class=\"elementor-widget-container\">\n\t\t\t\t\t\t\t<p><span style=\"font-weight: 400;\">Moto gume su specijalizirane gume dizajnirane za upotrebu na motociklima. Ove gume su klju\u010dne za sigurnost, performanse i udobnost vo\u017enje motora, pru\u017eaju\u0107i optimalnu trakciju, stabilnost i kontrolu nad vozilom u razli\u010ditim uvjetima vo\u017enje<\/span><\/p>\t\t\t\t\t\t<\/div>\n\t\t\t\t<\/div>\n\t\t\t\t\t<\/div>\n\t\t\t\t<\/div>\n\t\t<div class=\"elementor-element elementor-element-45305aa e-grid e-con-boxed e-con e-parent\" data-id=\"45305aa\" data-element_type=\"container\">\n\t\t\t\t\t<div class=\"e-con-inner\">\n\t\t\t\t<div class=\"elementor-element elementor-element-749259fc elementor-widget elementor-widget-text-editor\" data-id=\"749259fc\" data-element_type=\"widget\" data-widget_type=\"text-editor.default\">\n\t\t\t\t<div class=\"elementor-widget-container\">\n\t\t\t\t\t\t\t<h2>Tipovi Moto Guma<\/h2><ul><li style=\"font-weight: 400;\" aria-level=\"1\"><span style=\"font-weight: 400;\">Sportske (ili sportsko-turisti\u010dke) gume: Dizajnirane su za voza\u010de koji tra\u017ee visoke performanse na putu, uklju\u010duju\u0107i sportsku vo\u017enju i vo\u017enju po suvoj cesti, te pru\u017eaju izvrsnu trakciju i upravljivost.<\/span><\/li><li style=\"font-weight: 400;\" aria-level=\"1\"><span style=\"font-weight: 400;\">Turisti\u010dke (ili putni\u010dke) gume: Namenjene su za duge putne vo\u017enje i svakodnevnu upotrebu, pru\u017eaju\u0107i udobnost, trajnost i pouzdanu trakciju u razli\u010ditim uslovima vo\u017enje.<\/span><\/li><li style=\"font-weight: 400;\" aria-level=\"1\"><span style=\"font-weight: 400;\">Off-road (ili terenske) gume: Specijalizirane su za vo\u017enju izvan puteva, uklju\u010duju\u0107i vo\u017enju po blatu, pesku, \u0161ljunku ili stenovitom terenu, te pru\u017eaju izvrsnu trakciju i otpornost na probijanje.<\/span><\/li><li style=\"font-weight: 400;\" aria-level=\"1\"><span style=\"font-weight: 400;\">Sportske trka\u010dke gume: Dizajnirane su za vo\u017enju na stazi ili za sportska takmi\u010denja, pru\u017eaju\u0107i maksimalne performanse u ubrzanju, ko\u010denju i upravljanju, ali obi\u010dno imaju kra\u0107i radni vek i manju udobnost u pore\u0111enju s drugim tipovima guma<\/span><\/li><\/ul>\t\t\t\t\t\t<\/div>\n\t\t\t\t<\/div>\n\t\t\t\t<div class=\"elementor-element elementor-element-76bce288 elementor-widget elementor-widget-image\" data-id=\"76bce288\" data-element_type=\"widget\" data-widget_type=\"image.default\">\n\t\t\t\t<div class=\"elementor-widget-container\">\n\t\t\t\t\t\t\t\t\t\t\t\t\t<img fetchpriority=\"high\" decoding=\"async\" width=\"1024\" height=\"810\" src=\"https:\/\/mutata.co.rs\/wp-content\/uploads\/2024\/02\/motorcycle-2663742_1920-1024x810.jpg\" class=\"attachment-large size-large wp-image-17093\" alt=\"\" srcset=\"https:\/\/mutata.co.rs\/wp-content\/uploads\/2024\/02\/motorcycle-2663742_1920-1024x810.jpg 1024w, https:\/\/mutata.co.rs\/wp-content\/uploads\/2024\/02\/motorcycle-2663742_1920-300x237.jpg 300w, https:\/\/mutata.co.rs\/wp-content\/uploads\/2024\/02\/motorcycle-2663742_1920-768x608.jpg 768w, https:\/\/mutata.co.rs\/wp-content\/uploads\/2024\/02\/motorcycle-2663742_1920-1536x1215.jpg 1536w, https:\/\/mutata.co.rs\/wp-content\/uploads\/2024\/02\/motorcycle-2663742_1920-15x12.jpg 15w, https:\/\/mutata.co.rs\/wp-content\/uploads\/2024\/02\/motorcycle-2663742_1920-600x475.jpg 600w, https:\/\/mutata.co.rs\/wp-content\/uploads\/2024\/02\/motorcycle-2663742_1920.jpg 1920w\" sizes=\"(max-width: 1024px) 100vw, 1024px\" \/>\t\t\t\t\t\t\t\t\t\t\t\t\t<\/div>\n\t\t\t\t<\/div>\n\t\t\t\t\t<\/div>\n\t\t\t\t<\/div>\n\t\t<div class=\"elementor-element elementor-element-2d0601e3 cos e-flex e-con-boxed e-con e-parent\" data-id=\"2d0601e3\" data-element_type=\"container\" data-settings=\"{&quot;background_background&quot;:&quot;classic&quot;}\">\n\t\t\t\t\t<div class=\"e-con-inner\">\n\t\t\t\t<div class=\"elementor-element elementor-element-7e54765c elementor-widget elementor-widget-heading\" data-id=\"7e54765c\" data-element_type=\"widget\" data-widget_type=\"heading.default\">\n\t\t\t\t<div class=\"elementor-widget-container\">\n\t\t\t<h2 class=\"elementor-heading-title elementor-size-default\">Poru\u010dite Gume za Motore<\/h2>\t\t<\/div>\n\t\t\t\t<\/div>\n\t\t\t\t<div class=\"elementor-element elementor-element-2cc896a7 elementor-align-center elementor-widget elementor-widget-button\" data-id=\"2cc896a7\" data-element_type=\"widget\" data-widget_type=\"button.default\">\n\t\t\t\t<div class=\"elementor-widget-container\">\n\t\t\t\t\t<div class=\"elementor-button-wrapper\">\n\t\t\t<a class=\"elementor-button elementor-button-link elementor-size-sm\" href=\"tel: 38163444377\">\n\t\t\t\t\t\t<span class=\"elementor-button-content-wrapper\">\n\t\t\t\t\t\t\t\t\t<span class=\"elementor-button-text\">Pozovite nas<\/span>\n\t\t\t\t\t<\/span>\n\t\t\t\t\t<\/a>\n\t\t<\/div>\n\t\t\t\t<\/div>\n\t\t\t\t<\/div>\n\t\t\t\t\t<\/div>\n\t\t\t\t<\/div>\n\t\t\t\t<\/div>","protected":false},"excerpt":{"rendered":"<p>Gume za Motore Pozovite nas Moto gume su specijalizirane gume dizajnirane za upotrebu na motociklima. Ove gume su klju\u010dne za sigurnost, performanse i udobnost vo\u017enje motora, pru\u017eaju\u0107i optimalnu trakciju, stabilnost i kontrolu nad vozilom u razli\u010ditim uvjetima vo\u017enje Tipovi Moto Guma Sportske (ili sportsko-turisti\u010dke) gume: Dizajnirane su za voza\u010de koji tra\u017ee visoke performanse na putu, [&hellip;]<\/p>","protected":false},"author":4,"featured_media":0,"parent":0,"menu_order":0,"comment_status":"closed","ping_status":"closed","template":"elementor_header_footer","meta":{"rank_math_lock_modified_date":false,"site-sidebar-layout":"no-sidebar","site-content-layout":"page-builder","ast-site-content-layout":"full-width-container","site-content-style":"default","site-sidebar-style":"default","ast-global-header-display":"","ast-banner-title-visibility":"","ast-main-header-display":"","ast-hfb-above-header-display":"","ast-hfb-below-header-display":"","ast-hfb-mobile-header-display":"","site-post-title":"disabled","ast-breadcrumbs-content":"","ast-featured-img":"disabled","footer-sml-layout":"","theme-transparent-header-meta":"","adv-header-id-meta":"","stick-header-meta":"","header-above-stick-meta":"","header-main-stick-meta":"","header-below-stick-meta":"","astra-migrate-meta-layouts":"set","ast-page-background-enabled":"default","ast-page-background-meta":{"desktop":{"background-color":"","background-image":"","background-repeat":"repeat","background-position":"center center","background-size":"auto","background-attachment":"scroll","background-type":"","background-media":"","overlay-type":"","overlay-color":"","overlay-opacity":"","overlay-gradient":""},"tablet":{"background-color":"","background-image":"","background-repeat":"repeat","background-position":"center center","background-size":"auto","background-attachment":"scroll","background-type":"","background-media":"","overlay-type":"","overlay-color":"","overlay-opacity":"","overlay-gradient":""},"mobile":{"background-color":"","background-image":"","background-repeat":"repeat","background-position":"center center","background-size":"auto","background-attachment":"scroll","background-type":"","background-media":"","overlay-type":"","overlay-color":"","overlay-opacity":"","overlay-gradient":""}},"ast-content-background-meta":{"desktop":{"background-color":"var(--ast-global-color-5)","background-image":"","background-repeat":"repeat","background-position":"center center","background-size":"auto","background-attachment":"scroll","background-type":"","background-media":"","overlay-type":"","overlay-color":"","overlay-opacity":"","overlay-gradient":""},"tablet":{"background-color":"var(--ast-global-color-5)","background-image":"","background-repeat":"repeat","background-position":"center center","background-size":"auto","background-attachment":"scroll","background-type":"","background-media":"","overlay-type":"","overlay-color":"","overlay-opacity":"","overlay-gradient":""},"mobile":{"background-color":"var(--ast-global-color-5)","background-image":"","background-repeat":"repeat","background-position":"center center","background-size":"auto","background-attachment":"scroll","background-type":"","background-media":"","overlay-type":"","overlay-color":"","overlay-opacity":"","overlay-gradient":""}},"footnotes":""},"class_list":["post-16896","page","type-page","status-publish","hentry"],"_links":{"self":[{"href":"https:\/\/mutata.co.rs\/sr\/wp-json\/wp\/v2\/pages\/16896"}],"collection":[{"href":"https:\/\/mutata.co.rs\/sr\/wp-json\/wp\/v2\/pages"}],"about":[{"href":"https:\/\/mutata.co.rs\/sr\/wp-json\/wp\/v2\/types\/page"}],"author":[{"embeddable":true,"href":"https:\/\/mutata.co.rs\/sr\/wp-json\/wp\/v2\/users\/4"}],"replies":[{"embeddable":true,"href":"https:\/\/mutata.co.rs\/sr\/wp-json\/wp\/v2\/comments?post=16896"}],"version-history":[{"count":19,"href":"https:\/\/mutata.co.rs\/sr\/wp-json\/wp\/v2\/pages\/16896\/revisions"}],"predecessor-version":[{"id":17105,"href":"https:\/\/mutata.co.rs\/sr\/wp-json\/wp\/v2\/pages\/16896\/revisions\/17105"}],"wp:attachment":[{"href":"https:\/\/mutata.co.rs\/sr\/wp-json\/wp\/v2\/media?parent=16896"}],"curies":[{"name":"wp","href":"https:\/\/api.w.org\/{rel}","templated":true}]}}