{"id":16902,"date":"2024-02-10T18:30:01","date_gmt":"2024-02-10T17:30:01","guid":{"rendered":"https:\/\/mutata.co.rs\/?page_id=16902"},"modified":"2024-02-13T16:31:00","modified_gmt":"2024-02-13T15:31:00","slug":"unutrasnje-gume-i-pojasevi","status":"publish","type":"page","link":"https:\/\/mutata.co.rs\/sr\/unutrasnje-gume-i-pojasevi\/","title":{"rendered":"Unutra\u0161nje Gume i Pojasevi"},"content":{"rendered":"<div data-elementor-type=\"wp-page\" data-elementor-id=\"16902\" class=\"elementor elementor-16902\" data-elementor-post-type=\"page\">\n\t\t\t\t<div class=\"elementor-element elementor-element-1f9c94c1 container e-flex e-con-boxed e-con e-parent\" data-id=\"1f9c94c1\" data-element_type=\"container\" data-settings=\"{&quot;background_background&quot;:&quot;classic&quot;}\">\n\t\t\t\t\t<div class=\"e-con-inner\">\n\t\t\t\t<div class=\"elementor-element elementor-element-75a519fd elementor-widget elementor-widget-heading\" data-id=\"75a519fd\" data-element_type=\"widget\" data-widget_type=\"heading.default\">\n\t\t\t\t<div class=\"elementor-widget-container\">\n\t\t\t<h2 class=\"elementor-heading-title elementor-size-default\">Unutra\u0161nje Gume i Pojasevi<\/h2>\t\t<\/div>\n\t\t\t\t<\/div>\n\t\t\t\t<div class=\"elementor-element elementor-element-432e24f0 elementor-align-center elementor-widget elementor-widget-button\" data-id=\"432e24f0\" data-element_type=\"widget\" data-widget_type=\"button.default\">\n\t\t\t\t<div class=\"elementor-widget-container\">\n\t\t\t\t\t<div class=\"elementor-button-wrapper\">\n\t\t\t<a class=\"elementor-button elementor-button-link elementor-size-sm\" href=\"tel: 38163444377\">\n\t\t\t\t\t\t<span class=\"elementor-button-content-wrapper\">\n\t\t\t\t\t\t\t\t\t<span class=\"elementor-button-text\">Pozovite nas<\/span>\n\t\t\t\t\t<\/span>\n\t\t\t\t\t<\/a>\n\t\t<\/div>\n\t\t\t\t<\/div>\n\t\t\t\t<\/div>\n\t\t\t\t\t<\/div>\n\t\t\t\t<\/div>\n\t\t<div class=\"elementor-element elementor-element-29048da3 e-flex e-con-boxed e-con e-parent\" data-id=\"29048da3\" data-element_type=\"container\">\n\t\t\t\t\t<div class=\"e-con-inner\">\n\t\t\t\t<div class=\"elementor-element elementor-element-267beaba elementor-widget elementor-widget-text-editor\" data-id=\"267beaba\" data-element_type=\"widget\" data-widget_type=\"text-editor.default\">\n\t\t\t\t<div class=\"elementor-widget-container\">\n\t\t\t\t\t\t\t<p><span style=\"font-weight: 400;\">Unutra\u0161nje gume i pojasevi su klju\u010dne komponente pneumatika, odnosno spolja\u0161njih guma, koje zajedno \u010dine \u010ditavu pneumatiku<\/span><\/p><p><span style=\"font-weight: 400;\">Unutra\u0161nje gume su fleksibilne gumene komore koje se nalaze unutar spollja\u0161nje gume. One zadr\u017eavaju vazduh i omogu\u0107uju odr\u017eavanje pritiska u gumi, \u0161to osigurava stabilnost, trakciju i upravljivost vozila<\/span><\/p><p><span style=\"font-weight: 400;\">Pojasevi su slojevi oja\u010danja koji se nalaze unutar spolja\u0161nje\u00a0 gume, izme\u0111u spolja\u0161nje gaze\u0107e povr\u0161ine i unutra\u0161njeg sloja gume. Obi\u010dno su izra\u0111eni od \u010deli\u010dnih kabela ili drugih materijala poput poliestera, koji pru\u017eaju strukturalnu \u010dvrsto\u0107u i podr\u0161ku spoljnoj gumi<\/span><\/p>\t\t\t\t\t\t<\/div>\n\t\t\t\t<\/div>\n\t\t\t\t\t<\/div>\n\t\t\t\t<\/div>\n\t\t<div class=\"elementor-element elementor-element-2e56d67d e-grid e-con-boxed e-con e-parent\" data-id=\"2e56d67d\" data-element_type=\"container\">\n\t\t\t\t\t<div class=\"e-con-inner\">\n\t\t\t\t<div class=\"elementor-element elementor-element-1b96e1c3 elementor-widget elementor-widget-text-editor\" data-id=\"1b96e1c3\" data-element_type=\"widget\" data-widget_type=\"text-editor.default\">\n\t\t\t\t<div class=\"elementor-widget-container\">\n\t\t\t\t\t\t\t<h2>Tipovi Unutra\u0161njih Guma i Pojaseva<\/h2><div>\u00a0<\/div><ul><li style=\"font-weight: 400;\" aria-level=\"1\"><span style=\"font-weight: 400;\">Standardne unutra\u0161nje gume: Klasi\u010dne gume koje se koriste za ve\u0107inu vozila i primjena.<\/span><\/li><li style=\"font-weight: 400;\" aria-level=\"1\"><span style=\"font-weight: 400;\">Unutra\u0161nje gume sa zra\u010dnicama: Specijalizirane gume koje imaju pobolj\u0161ane karakteristike otpornosti na probijanje ili pove\u0107ane performanse u odre\u0111enim uslovima vo\u017enje<\/span><\/li><li style=\"font-weight: 400;\" aria-level=\"1\"><span style=\"font-weight: 400;\">Poja\u010dani \u010deli\u010dni pojasevi: \u010cesto se koriste u gumama za putni\u010dka vozila i kamione, pru\u017eaju\u0107i visoku \u010dvrsto\u0107u i otpornost na deformaciju.<\/span><\/li><li style=\"font-weight: 400;\" aria-level=\"1\"><span style=\"font-weight: 400;\">Poja\u010dani pojasevi od poliestera: \u010cesto se koriste u gumama za motocikle, bicikle i lagana teretna vozila, pru\u017eaju\u0107i dobru \u010dvrsto\u0107u uz manju te\u017einu<\/span><\/li><\/ul>\t\t\t\t\t\t<\/div>\n\t\t\t\t<\/div>\n\t\t\t\t<div class=\"elementor-element elementor-element-6186c5de elementor-widget elementor-widget-image\" data-id=\"6186c5de\" data-element_type=\"widget\" data-widget_type=\"image.default\">\n\t\t\t\t<div class=\"elementor-widget-container\">\n\t\t\t\t\t\t\t\t\t\t\t\t\t<img fetchpriority=\"high\" decoding=\"async\" width=\"1024\" height=\"686\" src=\"https:\/\/mutata.co.rs\/wp-content\/uploads\/2024\/02\/car-219727_1280-1024x686.jpg\" class=\"attachment-large size-large wp-image-17107\" alt=\"\" srcset=\"https:\/\/mutata.co.rs\/wp-content\/uploads\/2024\/02\/car-219727_1280-1024x686.jpg 1024w, https:\/\/mutata.co.rs\/wp-content\/uploads\/2024\/02\/car-219727_1280-300x201.jpg 300w, https:\/\/mutata.co.rs\/wp-content\/uploads\/2024\/02\/car-219727_1280-768x514.jpg 768w, https:\/\/mutata.co.rs\/wp-content\/uploads\/2024\/02\/car-219727_1280-18x12.jpg 18w, https:\/\/mutata.co.rs\/wp-content\/uploads\/2024\/02\/car-219727_1280-600x402.jpg 600w, https:\/\/mutata.co.rs\/wp-content\/uploads\/2024\/02\/car-219727_1280.jpg 1280w\" sizes=\"(max-width: 1024px) 100vw, 1024px\" \/>\t\t\t\t\t\t\t\t\t\t\t\t\t<\/div>\n\t\t\t\t<\/div>\n\t\t\t\t\t<\/div>\n\t\t\t\t<\/div>\n\t\t<div class=\"elementor-element elementor-element-44bae687 cos e-flex e-con-boxed e-con e-parent\" data-id=\"44bae687\" data-element_type=\"container\" data-settings=\"{&quot;background_background&quot;:&quot;classic&quot;}\">\n\t\t\t\t\t<div class=\"e-con-inner\">\n\t\t\t\t<div class=\"elementor-element elementor-element-3951e5b7 elementor-widget elementor-widget-heading\" data-id=\"3951e5b7\" data-element_type=\"widget\" data-widget_type=\"heading.default\">\n\t\t\t\t<div class=\"elementor-widget-container\">\n\t\t\t<h2 class=\"elementor-heading-title elementor-size-default\">Poru\u010dite Unutra\u0161nje Gume i Pojaseve<\/h2>\t\t<\/div>\n\t\t\t\t<\/div>\n\t\t\t\t<div class=\"elementor-element elementor-element-5d0bc70f elementor-align-center elementor-widget elementor-widget-button\" data-id=\"5d0bc70f\" data-element_type=\"widget\" data-widget_type=\"button.default\">\n\t\t\t\t<div class=\"elementor-widget-container\">\n\t\t\t\t\t<div class=\"elementor-button-wrapper\">\n\t\t\t<a class=\"elementor-button elementor-button-link elementor-size-sm\" href=\"tel: 38163444377\">\n\t\t\t\t\t\t<span class=\"elementor-button-content-wrapper\">\n\t\t\t\t\t\t\t\t\t<span class=\"elementor-button-text\">Pozovite nas<\/span>\n\t\t\t\t\t<\/span>\n\t\t\t\t\t<\/a>\n\t\t<\/div>\n\t\t\t\t<\/div>\n\t\t\t\t<\/div>\n\t\t\t\t\t<\/div>\n\t\t\t\t<\/div>\n\t\t\t\t<\/div>","protected":false},"excerpt":{"rendered":"<p>Unutra\u0161nje Gume i Pojasevi Pozovite nas Unutra\u0161nje gume i pojasevi su klju\u010dne komponente pneumatika, odnosno spolja\u0161njih guma, koje zajedno \u010dine \u010ditavu pneumatiku Unutra\u0161nje gume su fleksibilne gumene komore koje se nalaze unutar spollja\u0161nje gume. One zadr\u017eavaju vazduh i omogu\u0107uju odr\u017eavanje pritiska u gumi, \u0161to osigurava stabilnost, trakciju i upravljivost vozila Pojasevi su slojevi oja\u010danja koji [&hellip;]<\/p>","protected":false},"author":4,"featured_media":0,"parent":0,"menu_order":0,"comment_status":"closed","ping_status":"closed","template":"elementor_header_footer","meta":{"rank_math_lock_modified_date":false,"site-sidebar-layout":"no-sidebar","site-content-layout":"page-builder","ast-site-content-layout":"full-width-container","site-content-style":"default","site-sidebar-style":"default","ast-global-header-display":"","ast-banner-title-visibility":"","ast-main-header-display":"","ast-hfb-above-header-display":"","ast-hfb-below-header-display":"","ast-hfb-mobile-header-display":"","site-post-title":"disabled","ast-breadcrumbs-content":"","ast-featured-img":"disabled","footer-sml-layout":"","theme-transparent-header-meta":"","adv-header-id-meta":"","stick-header-meta":"","header-above-stick-meta":"","header-main-stick-meta":"","header-below-stick-meta":"","astra-migrate-meta-layouts":"set","ast-page-background-enabled":"default","ast-page-background-meta":{"desktop":{"background-color":"","background-image":"","background-repeat":"repeat","background-position":"center center","background-size":"auto","background-attachment":"scroll","background-type":"","background-media":"","overlay-type":"","overlay-color":"","overlay-opacity":"","overlay-gradient":""},"tablet":{"background-color":"","background-image":"","background-repeat":"repeat","background-position":"center center","background-size":"auto","background-attachment":"scroll","background-type":"","background-media":"","overlay-type":"","overlay-color":"","overlay-opacity":"","overlay-gradient":""},"mobile":{"background-color":"","background-image":"","background-repeat":"repeat","background-position":"center center","background-size":"auto","background-attachment":"scroll","background-type":"","background-media":"","overlay-type":"","overlay-color":"","overlay-opacity":"","overlay-gradient":""}},"ast-content-background-meta":{"desktop":{"background-color":"var(--ast-global-color-5)","background-image":"","background-repeat":"repeat","background-position":"center center","background-size":"auto","background-attachment":"scroll","background-type":"","background-media":"","overlay-type":"","overlay-color":"","overlay-opacity":"","overlay-gradient":""},"tablet":{"background-color":"var(--ast-global-color-5)","background-image":"","background-repeat":"repeat","background-position":"center center","background-size":"auto","background-attachment":"scroll","background-type":"","background-media":"","overlay-type":"","overlay-color":"","overlay-opacity":"","overlay-gradient":""},"mobile":{"background-color":"var(--ast-global-color-5)","background-image":"","background-repeat":"repeat","background-position":"center center","background-size":"auto","background-attachment":"scroll","background-type":"","background-media":"","overlay-type":"","overlay-color":"","overlay-opacity":"","overlay-gradient":""}},"footnotes":""},"class_list":["post-16902","page","type-page","status-publish","hentry"],"_links":{"self":[{"href":"https:\/\/mutata.co.rs\/sr\/wp-json\/wp\/v2\/pages\/16902"}],"collection":[{"href":"https:\/\/mutata.co.rs\/sr\/wp-json\/wp\/v2\/pages"}],"about":[{"href":"https:\/\/mutata.co.rs\/sr\/wp-json\/wp\/v2\/types\/page"}],"author":[{"embeddable":true,"href":"https:\/\/mutata.co.rs\/sr\/wp-json\/wp\/v2\/users\/4"}],"replies":[{"embeddable":true,"href":"https:\/\/mutata.co.rs\/sr\/wp-json\/wp\/v2\/comments?post=16902"}],"version-history":[{"count":10,"href":"https:\/\/mutata.co.rs\/sr\/wp-json\/wp\/v2\/pages\/16902\/revisions"}],"predecessor-version":[{"id":17114,"href":"https:\/\/mutata.co.rs\/sr\/wp-json\/wp\/v2\/pages\/16902\/revisions\/17114"}],"wp:attachment":[{"href":"https:\/\/mutata.co.rs\/sr\/wp-json\/wp\/v2\/media?parent=16902"}],"curies":[{"name":"wp","href":"https:\/\/api.w.org\/{rel}","templated":true}]}}