{"id":16908,"date":"2024-02-10T18:41:56","date_gmt":"2024-02-10T17:41:56","guid":{"rendered":"https:\/\/mutata.co.rs\/?page_id=16908"},"modified":"2024-02-13T16:37:01","modified_gmt":"2024-02-13T15:37:01","slug":"avionske-gume","status":"publish","type":"page","link":"https:\/\/mutata.co.rs\/sr\/avionske-gume\/","title":{"rendered":"Avionske Gume"},"content":{"rendered":"<div data-elementor-type=\"wp-page\" data-elementor-id=\"16908\" class=\"elementor elementor-16908\" data-elementor-post-type=\"page\">\n\t\t\t\t<div class=\"elementor-element elementor-element-6f91219 container e-flex e-con-boxed e-con e-parent\" data-id=\"6f91219\" data-element_type=\"container\" data-settings=\"{&quot;background_background&quot;:&quot;classic&quot;}\">\n\t\t\t\t\t<div class=\"e-con-inner\">\n\t\t\t\t<div class=\"elementor-element elementor-element-7385a1f9 elementor-widget elementor-widget-heading\" data-id=\"7385a1f9\" data-element_type=\"widget\" data-widget_type=\"heading.default\">\n\t\t\t\t<div class=\"elementor-widget-container\">\n\t\t\t<h2 class=\"elementor-heading-title elementor-size-default\">Avionske Gume<\/h2>\t\t<\/div>\n\t\t\t\t<\/div>\n\t\t\t\t<div class=\"elementor-element elementor-element-78152cd9 elementor-align-center elementor-widget elementor-widget-button\" data-id=\"78152cd9\" data-element_type=\"widget\" data-widget_type=\"button.default\">\n\t\t\t\t<div class=\"elementor-widget-container\">\n\t\t\t\t\t<div class=\"elementor-button-wrapper\">\n\t\t\t<a class=\"elementor-button elementor-button-link elementor-size-sm\" href=\"tel: 38163444377\">\n\t\t\t\t\t\t<span class=\"elementor-button-content-wrapper\">\n\t\t\t\t\t\t\t\t\t<span class=\"elementor-button-text\">Pozovite nas<\/span>\n\t\t\t\t\t<\/span>\n\t\t\t\t\t<\/a>\n\t\t<\/div>\n\t\t\t\t<\/div>\n\t\t\t\t<\/div>\n\t\t\t\t\t<\/div>\n\t\t\t\t<\/div>\n\t\t<div class=\"elementor-element elementor-element-35f49c6f e-flex e-con-boxed e-con e-parent\" data-id=\"35f49c6f\" data-element_type=\"container\">\n\t\t\t\t\t<div class=\"e-con-inner\">\n\t\t\t\t<div class=\"elementor-element elementor-element-18e27fd4 elementor-widget elementor-widget-text-editor\" data-id=\"18e27fd4\" data-element_type=\"widget\" data-widget_type=\"text-editor.default\">\n\t\t\t\t<div class=\"elementor-widget-container\">\n\t\t\t\t\t\t\t<p><span style=\"font-weight: 400;\">Avionske gume su specijalizirane gume dizajnirane za upotrebu na avionima. Ove gume su klju\u010dne komponente aviona koje omogu\u0107uju sigurno sletanje i poletanje, pru\u017eaju\u0107i potrebnu trakciju, amortizaciju udara i kontrolu nad avionom<\/span><\/p>\t\t\t\t\t\t<\/div>\n\t\t\t\t<\/div>\n\t\t\t\t\t<\/div>\n\t\t\t\t<\/div>\n\t\t<div class=\"elementor-element elementor-element-49a81980 e-grid e-con-boxed e-con e-parent\" data-id=\"49a81980\" data-element_type=\"container\">\n\t\t\t\t\t<div class=\"e-con-inner\">\n\t\t\t\t<div class=\"elementor-element elementor-element-323f61c2 elementor-widget elementor-widget-text-editor\" data-id=\"323f61c2\" data-element_type=\"widget\" data-widget_type=\"text-editor.default\">\n\t\t\t\t<div class=\"elementor-widget-container\">\n\t\t\t\t\t\t\t<h2>Tipovi Avionskih Guma<\/h2>\n<ul>\n<li style=\"font-weight: 400;\" aria-level=\"1\"><span style=\"font-weight: 400;\">Glavne (Main) gume: Ove gume se nalaze na glavnim to\u010dkovima aviona i podr\u017eavaju te\u017einu aviona tekom sletanja i vo\u017enje po pisti.<\/span><\/li>\n<li style=\"font-weight: 400;\" aria-level=\"1\"><span style=\"font-weight: 400;\">Nosa\u010dke (Nose) gume: Sme\u0161tene su na nosa\u010dkom to\u010dku aviona, pru\u017eaju\u0107i stabilnost i upravljivost tekom vo\u017enje po pisti i manevrisanja na tlu.<\/span><\/li>\n<li style=\"font-weight: 400;\" aria-level=\"1\"><span style=\"font-weight: 400;\">Pomo\u0107ne (Auxiliary) gume: Koriste se na pomo\u0107nim to\u010dkovima ili nose\u0107im delovima aviona, kao \u0161to su nosa\u010di stajnog trapa ili izvla\u010dni mehanizmi<\/span><\/li>\n<\/ul>\t\t\t\t\t\t<\/div>\n\t\t\t\t<\/div>\n\t\t\t\t<div class=\"elementor-element elementor-element-2989c3f9 elementor-widget elementor-widget-image\" data-id=\"2989c3f9\" data-element_type=\"widget\" data-widget_type=\"image.default\">\n\t\t\t\t<div class=\"elementor-widget-container\">\n\t\t\t\t\t\t\t\t\t\t\t\t\t<img fetchpriority=\"high\" decoding=\"async\" width=\"1024\" height=\"597\" src=\"https:\/\/mutata.co.rs\/wp-content\/uploads\/2024\/02\/airplane-3702676_1920-1024x597.jpg\" class=\"attachment-large size-large wp-image-17119\" alt=\"\" srcset=\"https:\/\/mutata.co.rs\/wp-content\/uploads\/2024\/02\/airplane-3702676_1920-1024x597.jpg 1024w, https:\/\/mutata.co.rs\/wp-content\/uploads\/2024\/02\/airplane-3702676_1920-300x175.jpg 300w, https:\/\/mutata.co.rs\/wp-content\/uploads\/2024\/02\/airplane-3702676_1920-768x448.jpg 768w, https:\/\/mutata.co.rs\/wp-content\/uploads\/2024\/02\/airplane-3702676_1920-1536x896.jpg 1536w, https:\/\/mutata.co.rs\/wp-content\/uploads\/2024\/02\/airplane-3702676_1920-600x350.jpg 600w, https:\/\/mutata.co.rs\/wp-content\/uploads\/2024\/02\/airplane-3702676_1920.jpg 1920w\" sizes=\"(max-width: 1024px) 100vw, 1024px\" \/>\t\t\t\t\t\t\t\t\t\t\t\t\t<\/div>\n\t\t\t\t<\/div>\n\t\t\t\t\t<\/div>\n\t\t\t\t<\/div>\n\t\t<div class=\"elementor-element elementor-element-79c51120 cos e-flex e-con-boxed e-con e-parent\" data-id=\"79c51120\" data-element_type=\"container\" data-settings=\"{&quot;background_background&quot;:&quot;classic&quot;}\">\n\t\t\t\t\t<div class=\"e-con-inner\">\n\t\t\t\t<div class=\"elementor-element elementor-element-2ad85b7b elementor-widget elementor-widget-heading\" data-id=\"2ad85b7b\" data-element_type=\"widget\" data-widget_type=\"heading.default\">\n\t\t\t\t<div class=\"elementor-widget-container\">\n\t\t\t<h2 class=\"elementor-heading-title elementor-size-default\">Poru\u010dite Avionske Gume<\/h2>\t\t<\/div>\n\t\t\t\t<\/div>\n\t\t\t\t<div class=\"elementor-element elementor-element-4375303f elementor-align-center elementor-widget elementor-widget-button\" data-id=\"4375303f\" data-element_type=\"widget\" data-widget_type=\"button.default\">\n\t\t\t\t<div class=\"elementor-widget-container\">\n\t\t\t\t\t<div class=\"elementor-button-wrapper\">\n\t\t\t<a class=\"elementor-button elementor-button-link elementor-size-sm\" href=\"tel: 38163444377\">\n\t\t\t\t\t\t<span class=\"elementor-button-content-wrapper\">\n\t\t\t\t\t\t\t\t\t<span class=\"elementor-button-text\">Pozovite nas<\/span>\n\t\t\t\t\t<\/span>\n\t\t\t\t\t<\/a>\n\t\t<\/div>\n\t\t\t\t<\/div>\n\t\t\t\t<\/div>\n\t\t\t\t\t<\/div>\n\t\t\t\t<\/div>\n\t\t\t\t<\/div>","protected":false},"excerpt":{"rendered":"<p>Avionske Gume Pozovite nas Avionske gume su specijalizirane gume dizajnirane za upotrebu na avionima. Ove gume su klju\u010dne komponente aviona koje omogu\u0107uju sigurno sletanje i poletanje, pru\u017eaju\u0107i potrebnu trakciju, amortizaciju udara i kontrolu nad avionom Tipovi Avionskih Guma Glavne (Main) gume: Ove gume se nalaze na glavnim to\u010dkovima aviona i podr\u017eavaju te\u017einu aviona tekom sletanja [&hellip;]<\/p>","protected":false},"author":4,"featured_media":0,"parent":0,"menu_order":0,"comment_status":"closed","ping_status":"closed","template":"elementor_header_footer","meta":{"rank_math_lock_modified_date":false,"site-sidebar-layout":"no-sidebar","site-content-layout":"page-builder","ast-site-content-layout":"full-width-container","site-content-style":"default","site-sidebar-style":"default","ast-global-header-display":"","ast-banner-title-visibility":"","ast-main-header-display":"","ast-hfb-above-header-display":"","ast-hfb-below-header-display":"","ast-hfb-mobile-header-display":"","site-post-title":"disabled","ast-breadcrumbs-content":"","ast-featured-img":"disabled","footer-sml-layout":"","theme-transparent-header-meta":"","adv-header-id-meta":"","stick-header-meta":"","header-above-stick-meta":"","header-main-stick-meta":"","header-below-stick-meta":"","astra-migrate-meta-layouts":"set","ast-page-background-enabled":"default","ast-page-background-meta":{"desktop":{"background-color":"","background-image":"","background-repeat":"repeat","background-position":"center center","background-size":"auto","background-attachment":"scroll","background-type":"","background-media":"","overlay-type":"","overlay-color":"","overlay-opacity":"","overlay-gradient":""},"tablet":{"background-color":"","background-image":"","background-repeat":"repeat","background-position":"center center","background-size":"auto","background-attachment":"scroll","background-type":"","background-media":"","overlay-type":"","overlay-color":"","overlay-opacity":"","overlay-gradient":""},"mobile":{"background-color":"","background-image":"","background-repeat":"repeat","background-position":"center center","background-size":"auto","background-attachment":"scroll","background-type":"","background-media":"","overlay-type":"","overlay-color":"","overlay-opacity":"","overlay-gradient":""}},"ast-content-background-meta":{"desktop":{"background-color":"var(--ast-global-color-5)","background-image":"","background-repeat":"repeat","background-position":"center center","background-size":"auto","background-attachment":"scroll","background-type":"","background-media":"","overlay-type":"","overlay-color":"","overlay-opacity":"","overlay-gradient":""},"tablet":{"background-color":"var(--ast-global-color-5)","background-image":"","background-repeat":"repeat","background-position":"center center","background-size":"auto","background-attachment":"scroll","background-type":"","background-media":"","overlay-type":"","overlay-color":"","overlay-opacity":"","overlay-gradient":""},"mobile":{"background-color":"var(--ast-global-color-5)","background-image":"","background-repeat":"repeat","background-position":"center center","background-size":"auto","background-attachment":"scroll","background-type":"","background-media":"","overlay-type":"","overlay-color":"","overlay-opacity":"","overlay-gradient":""}},"footnotes":""},"class_list":["post-16908","page","type-page","status-publish","hentry"],"_links":{"self":[{"href":"https:\/\/mutata.co.rs\/sr\/wp-json\/wp\/v2\/pages\/16908"}],"collection":[{"href":"https:\/\/mutata.co.rs\/sr\/wp-json\/wp\/v2\/pages"}],"about":[{"href":"https:\/\/mutata.co.rs\/sr\/wp-json\/wp\/v2\/types\/page"}],"author":[{"embeddable":true,"href":"https:\/\/mutata.co.rs\/sr\/wp-json\/wp\/v2\/users\/4"}],"replies":[{"embeddable":true,"href":"https:\/\/mutata.co.rs\/sr\/wp-json\/wp\/v2\/comments?post=16908"}],"version-history":[{"count":16,"href":"https:\/\/mutata.co.rs\/sr\/wp-json\/wp\/v2\/pages\/16908\/revisions"}],"predecessor-version":[{"id":17128,"href":"https:\/\/mutata.co.rs\/sr\/wp-json\/wp\/v2\/pages\/16908\/revisions\/17128"}],"wp:attachment":[{"href":"https:\/\/mutata.co.rs\/sr\/wp-json\/wp\/v2\/media?parent=16908"}],"curies":[{"name":"wp","href":"https:\/\/api.w.org\/{rel}","templated":true}]}}