{"id":16914,"date":"2024-02-10T18:49:22","date_gmt":"2024-02-10T17:49:22","guid":{"rendered":"https:\/\/mutata.co.rs\/?page_id=16914"},"modified":"2024-02-13T16:47:52","modified_gmt":"2024-02-13T15:47:52","slug":"specijalne-gume","status":"publish","type":"page","link":"https:\/\/mutata.co.rs\/sr\/specijalne-gume\/","title":{"rendered":"Specijalne Gume"},"content":{"rendered":"<div data-elementor-type=\"wp-page\" data-elementor-id=\"16914\" class=\"elementor elementor-16914\" data-elementor-post-type=\"page\">\n\t\t\t\t<div class=\"elementor-element elementor-element-707da119 container e-flex e-con-boxed e-con e-parent\" data-id=\"707da119\" data-element_type=\"container\" data-settings=\"{&quot;background_background&quot;:&quot;classic&quot;}\">\n\t\t\t\t\t<div class=\"e-con-inner\">\n\t\t\t\t<div class=\"elementor-element elementor-element-353c4108 elementor-widget elementor-widget-heading\" data-id=\"353c4108\" data-element_type=\"widget\" data-widget_type=\"heading.default\">\n\t\t\t\t<div class=\"elementor-widget-container\">\n\t\t\t<h2 class=\"elementor-heading-title elementor-size-default\">Specijalne Gume<\/h2>\t\t<\/div>\n\t\t\t\t<\/div>\n\t\t\t\t<div class=\"elementor-element elementor-element-34d5d055 elementor-align-center elementor-widget elementor-widget-button\" data-id=\"34d5d055\" data-element_type=\"widget\" data-widget_type=\"button.default\">\n\t\t\t\t<div class=\"elementor-widget-container\">\n\t\t\t\t\t<div class=\"elementor-button-wrapper\">\n\t\t\t<a class=\"elementor-button elementor-button-link elementor-size-sm\" href=\"tel: 38163444377\">\n\t\t\t\t\t\t<span class=\"elementor-button-content-wrapper\">\n\t\t\t\t\t\t\t\t\t<span class=\"elementor-button-text\">Pozovite nas<\/span>\n\t\t\t\t\t<\/span>\n\t\t\t\t\t<\/a>\n\t\t<\/div>\n\t\t\t\t<\/div>\n\t\t\t\t<\/div>\n\t\t\t\t\t<\/div>\n\t\t\t\t<\/div>\n\t\t<div class=\"elementor-element elementor-element-78ceb400 e-flex e-con-boxed e-con e-parent\" data-id=\"78ceb400\" data-element_type=\"container\">\n\t\t\t\t\t<div class=\"e-con-inner\">\n\t\t\t\t<div class=\"elementor-element elementor-element-4c9ba4cd elementor-widget elementor-widget-text-editor\" data-id=\"4c9ba4cd\" data-element_type=\"widget\" data-widget_type=\"text-editor.default\">\n\t\t\t\t<div class=\"elementor-widget-container\">\n\t\t\t\t\t\t\t<p><span style=\"font-weight: 400;\">Specijalne gume, poznate i kao gusenice, su gume specifi\u010dno dizajnirane za upotrebu na vozilima koja koriste guseni\u010dki pogon. Ove gume imaju posebnu strukturu koja omogu\u0107uje vozilima da se kre\u0107u po razli\u010ditim terenima poput blata, pijeska, snega ili neravnog terena<\/span><\/p>\t\t\t\t\t\t<\/div>\n\t\t\t\t<\/div>\n\t\t\t\t\t<\/div>\n\t\t\t\t<\/div>\n\t\t<div class=\"elementor-element elementor-element-48a499da e-grid e-con-boxed e-con e-parent\" data-id=\"48a499da\" data-element_type=\"container\">\n\t\t\t\t\t<div class=\"e-con-inner\">\n\t\t\t\t<div class=\"elementor-element elementor-element-7f16f6e0 elementor-widget elementor-widget-text-editor\" data-id=\"7f16f6e0\" data-element_type=\"widget\" data-widget_type=\"text-editor.default\">\n\t\t\t\t<div class=\"elementor-widget-container\">\n\t\t\t\t\t\t\t<p>Tipovi Specijalnih Guma<\/p>\n<ul>\n<li style=\"font-weight: 400;\" aria-level=\"1\"><span style=\"font-weight: 400;\">Gusenice za terenska vozila: Dizajnirane su za terenska vozila poput tenkova, bagera, buldo\u017eera i drugih gra\u0111evinskih ili vojnih vozila.<\/span><\/li>\n<li style=\"font-weight: 400;\" aria-level=\"1\"><span style=\"font-weight: 400;\">Gusenice za poljoprivredne ma\u0161ine: Koriste se na traktorima, kombajnima i drugim poljoprivrednim vozilima radi lak\u0161e navigacije kroz polja i obradu tla.<\/span><\/li>\n<li style=\"font-weight: 400;\" aria-level=\"1\"><span style=\"font-weight: 400;\">Gusenice za vozila u ekstremnim uslovima: Specijalizirane su za vozila koja se koriste u ekstremnim uslovima poput arkti\u010dkih istra\u017eiva\u010dkih vozila ili vozila koja se koriste u pustinjama.<\/span><\/li>\n<li style=\"font-weight: 400;\" aria-level=\"1\"><span style=\"font-weight: 400;\">Gusenice za vojna vozila: Dizajnirane su za upotrebu na vojnim vozilima poput tenkova, oklopnih transportera i artiljerijskih platformi radi ve\u0107e mobilnosti na boji\u0161tu<\/span><\/li>\n<\/ul>\t\t\t\t\t\t<\/div>\n\t\t\t\t<\/div>\n\t\t\t\t<div class=\"elementor-element elementor-element-33c41bad elementor-widget elementor-widget-image\" data-id=\"33c41bad\" data-element_type=\"widget\" data-widget_type=\"image.default\">\n\t\t\t\t<div class=\"elementor-widget-container\">\n\t\t\t\t\t\t\t\t\t\t\t\t\t<img fetchpriority=\"high\" decoding=\"async\" width=\"695\" height=\"1024\" src=\"https:\/\/mutata.co.rs\/wp-content\/uploads\/2024\/02\/tire-2819776_1920-695x1024.jpg\" class=\"attachment-large size-large wp-image-17133\" alt=\"\" srcset=\"https:\/\/mutata.co.rs\/wp-content\/uploads\/2024\/02\/tire-2819776_1920-695x1024.jpg 695w, https:\/\/mutata.co.rs\/wp-content\/uploads\/2024\/02\/tire-2819776_1920-204x300.jpg 204w, https:\/\/mutata.co.rs\/wp-content\/uploads\/2024\/02\/tire-2819776_1920-768x1131.jpg 768w, https:\/\/mutata.co.rs\/wp-content\/uploads\/2024\/02\/tire-2819776_1920-1043x1536.jpg 1043w, https:\/\/mutata.co.rs\/wp-content\/uploads\/2024\/02\/tire-2819776_1920-8x12.jpg 8w, https:\/\/mutata.co.rs\/wp-content\/uploads\/2024\/02\/tire-2819776_1920-600x883.jpg 600w, https:\/\/mutata.co.rs\/wp-content\/uploads\/2024\/02\/tire-2819776_1920.jpg 1304w\" sizes=\"(max-width: 695px) 100vw, 695px\" \/>\t\t\t\t\t\t\t\t\t\t\t\t\t<\/div>\n\t\t\t\t<\/div>\n\t\t\t\t\t<\/div>\n\t\t\t\t<\/div>\n\t\t<div class=\"elementor-element elementor-element-14c20a43 cos e-flex e-con-boxed e-con e-parent\" data-id=\"14c20a43\" data-element_type=\"container\" data-settings=\"{&quot;background_background&quot;:&quot;classic&quot;}\">\n\t\t\t\t\t<div class=\"e-con-inner\">\n\t\t\t\t<div class=\"elementor-element elementor-element-181e7e5d elementor-widget elementor-widget-heading\" data-id=\"181e7e5d\" data-element_type=\"widget\" data-widget_type=\"heading.default\">\n\t\t\t\t<div class=\"elementor-widget-container\">\n\t\t\t<h2 class=\"elementor-heading-title elementor-size-default\">Poru\u010dite Specijalne Gume<\/h2>\t\t<\/div>\n\t\t\t\t<\/div>\n\t\t\t\t<div class=\"elementor-element elementor-element-645860c4 elementor-align-center elementor-widget elementor-widget-button\" data-id=\"645860c4\" data-element_type=\"widget\" data-widget_type=\"button.default\">\n\t\t\t\t<div class=\"elementor-widget-container\">\n\t\t\t\t\t<div class=\"elementor-button-wrapper\">\n\t\t\t<a class=\"elementor-button elementor-button-link elementor-size-sm\" href=\"tel: 38163444377\">\n\t\t\t\t\t\t<span class=\"elementor-button-content-wrapper\">\n\t\t\t\t\t\t\t\t\t<span class=\"elementor-button-text\">Pozovite nas<\/span>\n\t\t\t\t\t<\/span>\n\t\t\t\t\t<\/a>\n\t\t<\/div>\n\t\t\t\t<\/div>\n\t\t\t\t<\/div>\n\t\t\t\t\t<\/div>\n\t\t\t\t<\/div>\n\t\t\t\t<\/div>","protected":false},"excerpt":{"rendered":"<p>Specijalne Gume Pozovite nas Specijalne gume, poznate i kao gusenice, su gume specifi\u010dno dizajnirane za upotrebu na vozilima koja koriste guseni\u010dki pogon. Ove gume imaju posebnu strukturu koja omogu\u0107uje vozilima da se kre\u0107u po razli\u010ditim terenima poput blata, pijeska, snega ili neravnog terena Tipovi Specijalnih Guma Gusenice za terenska vozila: Dizajnirane su za terenska vozila [&hellip;]<\/p>","protected":false},"author":4,"featured_media":0,"parent":0,"menu_order":0,"comment_status":"closed","ping_status":"closed","template":"elementor_header_footer","meta":{"rank_math_lock_modified_date":false,"site-sidebar-layout":"no-sidebar","site-content-layout":"page-builder","ast-site-content-layout":"full-width-container","site-content-style":"default","site-sidebar-style":"default","ast-global-header-display":"","ast-banner-title-visibility":"","ast-main-header-display":"","ast-hfb-above-header-display":"","ast-hfb-below-header-display":"","ast-hfb-mobile-header-display":"","site-post-title":"disabled","ast-breadcrumbs-content":"","ast-featured-img":"disabled","footer-sml-layout":"","theme-transparent-header-meta":"","adv-header-id-meta":"","stick-header-meta":"","header-above-stick-meta":"","header-main-stick-meta":"","header-below-stick-meta":"","astra-migrate-meta-layouts":"set","ast-page-background-enabled":"default","ast-page-background-meta":{"desktop":{"background-color":"","background-image":"","background-repeat":"repeat","background-position":"center center","background-size":"auto","background-attachment":"scroll","background-type":"","background-media":"","overlay-type":"","overlay-color":"","overlay-opacity":"","overlay-gradient":""},"tablet":{"background-color":"","background-image":"","background-repeat":"repeat","background-position":"center center","background-size":"auto","background-attachment":"scroll","background-type":"","background-media":"","overlay-type":"","overlay-color":"","overlay-opacity":"","overlay-gradient":""},"mobile":{"background-color":"","background-image":"","background-repeat":"repeat","background-position":"center center","background-size":"auto","background-attachment":"scroll","background-type":"","background-media":"","overlay-type":"","overlay-color":"","overlay-opacity":"","overlay-gradient":""}},"ast-content-background-meta":{"desktop":{"background-color":"var(--ast-global-color-5)","background-image":"","background-repeat":"repeat","background-position":"center center","background-size":"auto","background-attachment":"scroll","background-type":"","background-media":"","overlay-type":"","overlay-color":"","overlay-opacity":"","overlay-gradient":""},"tablet":{"background-color":"var(--ast-global-color-5)","background-image":"","background-repeat":"repeat","background-position":"center center","background-size":"auto","background-attachment":"scroll","background-type":"","background-media":"","overlay-type":"","overlay-color":"","overlay-opacity":"","overlay-gradient":""},"mobile":{"background-color":"var(--ast-global-color-5)","background-image":"","background-repeat":"repeat","background-position":"center center","background-size":"auto","background-attachment":"scroll","background-type":"","background-media":"","overlay-type":"","overlay-color":"","overlay-opacity":"","overlay-gradient":""}},"footnotes":""},"class_list":["post-16914","page","type-page","status-publish","hentry"],"_links":{"self":[{"href":"https:\/\/mutata.co.rs\/sr\/wp-json\/wp\/v2\/pages\/16914"}],"collection":[{"href":"https:\/\/mutata.co.rs\/sr\/wp-json\/wp\/v2\/pages"}],"about":[{"href":"https:\/\/mutata.co.rs\/sr\/wp-json\/wp\/v2\/types\/page"}],"author":[{"embeddable":true,"href":"https:\/\/mutata.co.rs\/sr\/wp-json\/wp\/v2\/users\/4"}],"replies":[{"embeddable":true,"href":"https:\/\/mutata.co.rs\/sr\/wp-json\/wp\/v2\/comments?post=16914"}],"version-history":[{"count":16,"href":"https:\/\/mutata.co.rs\/sr\/wp-json\/wp\/v2\/pages\/16914\/revisions"}],"predecessor-version":[{"id":17142,"href":"https:\/\/mutata.co.rs\/sr\/wp-json\/wp\/v2\/pages\/16914\/revisions\/17142"}],"wp:attachment":[{"href":"https:\/\/mutata.co.rs\/sr\/wp-json\/wp\/v2\/media?parent=16914"}],"curies":[{"name":"wp","href":"https:\/\/api.w.org\/{rel}","templated":true}]}}