{"id":16920,"date":"2024-02-10T19:00:41","date_gmt":"2024-02-10T18:00:41","guid":{"rendered":"https:\/\/mutata.co.rs\/?page_id=16920"},"modified":"2024-02-13T16:52:32","modified_gmt":"2024-02-13T15:52:32","slug":"gume-za-quad","status":"publish","type":"page","link":"https:\/\/mutata.co.rs\/sr\/gume-za-quad\/","title":{"rendered":"Gume za Quad"},"content":{"rendered":"<div data-elementor-type=\"wp-page\" data-elementor-id=\"16920\" class=\"elementor elementor-16920\" data-elementor-post-type=\"page\">\n\t\t\t\t<div class=\"elementor-element elementor-element-24555b86 container e-flex e-con-boxed e-con e-parent\" data-id=\"24555b86\" data-element_type=\"container\" data-settings=\"{&quot;background_background&quot;:&quot;classic&quot;}\">\n\t\t\t\t\t<div class=\"e-con-inner\">\n\t\t\t\t<div class=\"elementor-element elementor-element-72472e9f elementor-widget elementor-widget-heading\" data-id=\"72472e9f\" data-element_type=\"widget\" data-widget_type=\"heading.default\">\n\t\t\t\t<div class=\"elementor-widget-container\">\n\t\t\t<h2 class=\"elementor-heading-title elementor-size-default\">Gume za Quad<\/h2>\t\t<\/div>\n\t\t\t\t<\/div>\n\t\t\t\t<div class=\"elementor-element elementor-element-205714f3 elementor-align-center elementor-widget elementor-widget-button\" data-id=\"205714f3\" data-element_type=\"widget\" data-widget_type=\"button.default\">\n\t\t\t\t<div class=\"elementor-widget-container\">\n\t\t\t\t\t<div class=\"elementor-button-wrapper\">\n\t\t\t<a class=\"elementor-button elementor-button-link elementor-size-sm\" href=\"tel: 38163444377\">\n\t\t\t\t\t\t<span class=\"elementor-button-content-wrapper\">\n\t\t\t\t\t\t\t\t\t<span class=\"elementor-button-text\">Pozovite nas<\/span>\n\t\t\t\t\t<\/span>\n\t\t\t\t\t<\/a>\n\t\t<\/div>\n\t\t\t\t<\/div>\n\t\t\t\t<\/div>\n\t\t\t\t\t<\/div>\n\t\t\t\t<\/div>\n\t\t<div class=\"elementor-element elementor-element-191cedb3 e-flex e-con-boxed e-con e-parent\" data-id=\"191cedb3\" data-element_type=\"container\">\n\t\t\t\t\t<div class=\"e-con-inner\">\n\t\t\t\t<div class=\"elementor-element elementor-element-913e882 elementor-widget elementor-widget-text-editor\" data-id=\"913e882\" data-element_type=\"widget\" data-widget_type=\"text-editor.default\">\n\t\t\t\t<div class=\"elementor-widget-container\">\n\t\t\t\t\t\t\t<p><span style=\"font-weight: 400;\">Gume za quad, poznate i kao ATV gume, su specijalizirane gume dizajnirane za upotrebu na all-terrain vozilima (ATV), poznatim i kao quadovi. Ove gume imaju karakteristike koje omogu\u0107uju voza\u010dima da voze quadove po razli\u010ditim terenima, uklju\u010duju\u0107i neravne povr\u0161ine, blato, pijesak i \u0161ljunak<\/span><\/p>\t\t\t\t\t\t<\/div>\n\t\t\t\t<\/div>\n\t\t\t\t\t<\/div>\n\t\t\t\t<\/div>\n\t\t<div class=\"elementor-element elementor-element-4c766860 e-grid e-con-boxed e-con e-parent\" data-id=\"4c766860\" data-element_type=\"container\">\n\t\t\t\t\t<div class=\"e-con-inner\">\n\t\t\t\t<div class=\"elementor-element elementor-element-7ef799e elementor-widget elementor-widget-text-editor\" data-id=\"7ef799e\" data-element_type=\"widget\" data-widget_type=\"text-editor.default\">\n\t\t\t\t<div class=\"elementor-widget-container\">\n\t\t\t\t\t\t\t<h2>Tipovi Guma za Quad<\/h2><ul><li style=\"font-weight: 400;\" aria-level=\"1\"><span style=\"font-weight: 400;\">All-terrain gume (ATV\/quad gume): Ovo su univerzalne gume koje su dizajnirane za vo\u017enju po razli\u010ditim terenima, uklju\u010duju\u0107i blato, pesak, \u0161ljunak, stene i travu.<\/span><\/li><li style=\"font-weight: 400;\" aria-level=\"1\"><span style=\"font-weight: 400;\">Mud gume: Specijalizirane su za vo\u017enju po blatu i mo\u010dvarama, pru\u017eaju\u0107i pobolj\u0161anu trakciju i samopro\u010di\u0161\u0107avanje radi spre\u010davanja gubitka trakcije u blatu.<\/span><\/li><li style=\"font-weight: 400;\" aria-level=\"1\"><span style=\"font-weight: 400;\">Sand gume: Dizajnirane su za vo\u017enju po pje\u0161\u010danim dunama i pla\u017eama, pru\u017eaju\u0107i \u0161iroke profile i duboke \u0161are koje omogu\u0107uju plutanje po pijesku.<\/span><\/li><li style=\"font-weight: 400;\" aria-level=\"1\"><span style=\"font-weight: 400;\">Trail gume: Ove gume su dizajnirane za vo\u017enju po stazama i \u0161umskim putevima, pru\u017eaju\u0107i dobru ravnote\u017eu izme\u0111u trakcije i udobnosti<\/span><\/li><\/ul>\t\t\t\t\t\t<\/div>\n\t\t\t\t<\/div>\n\t\t\t\t<div class=\"elementor-element elementor-element-1346421e elementor-widget elementor-widget-image\" data-id=\"1346421e\" data-element_type=\"widget\" data-widget_type=\"image.default\">\n\t\t\t\t<div class=\"elementor-widget-container\">\n\t\t\t\t\t\t\t\t\t\t\t\t\t<img fetchpriority=\"high\" decoding=\"async\" width=\"1024\" height=\"683\" src=\"https:\/\/mutata.co.rs\/wp-content\/uploads\/2024\/02\/motocross-1283133_1920-1024x683.jpg\" class=\"attachment-large size-large wp-image-17151\" alt=\"\" srcset=\"https:\/\/mutata.co.rs\/wp-content\/uploads\/2024\/02\/motocross-1283133_1920-1024x683.jpg 1024w, https:\/\/mutata.co.rs\/wp-content\/uploads\/2024\/02\/motocross-1283133_1920-300x200.jpg 300w, https:\/\/mutata.co.rs\/wp-content\/uploads\/2024\/02\/motocross-1283133_1920-768x512.jpg 768w, https:\/\/mutata.co.rs\/wp-content\/uploads\/2024\/02\/motocross-1283133_1920-1536x1024.jpg 1536w, https:\/\/mutata.co.rs\/wp-content\/uploads\/2024\/02\/motocross-1283133_1920-18x12.jpg 18w, https:\/\/mutata.co.rs\/wp-content\/uploads\/2024\/02\/motocross-1283133_1920-600x400.jpg 600w, https:\/\/mutata.co.rs\/wp-content\/uploads\/2024\/02\/motocross-1283133_1920.jpg 1920w\" sizes=\"(max-width: 1024px) 100vw, 1024px\" \/>\t\t\t\t\t\t\t\t\t\t\t\t\t<\/div>\n\t\t\t\t<\/div>\n\t\t\t\t\t<\/div>\n\t\t\t\t<\/div>\n\t\t<div class=\"elementor-element elementor-element-500595fb cos e-flex e-con-boxed e-con e-parent\" data-id=\"500595fb\" data-element_type=\"container\" data-settings=\"{&quot;background_background&quot;:&quot;classic&quot;}\">\n\t\t\t\t\t<div class=\"e-con-inner\">\n\t\t\t\t<div class=\"elementor-element elementor-element-4b088100 elementor-widget elementor-widget-heading\" data-id=\"4b088100\" data-element_type=\"widget\" data-widget_type=\"heading.default\">\n\t\t\t\t<div class=\"elementor-widget-container\">\n\t\t\t<h2 class=\"elementor-heading-title elementor-size-default\">Poru\u010dite Gume za Quad<\/h2>\t\t<\/div>\n\t\t\t\t<\/div>\n\t\t\t\t<div class=\"elementor-element elementor-element-5874c8fa elementor-align-center elementor-widget elementor-widget-button\" data-id=\"5874c8fa\" data-element_type=\"widget\" data-widget_type=\"button.default\">\n\t\t\t\t<div class=\"elementor-widget-container\">\n\t\t\t\t\t<div class=\"elementor-button-wrapper\">\n\t\t\t<a class=\"elementor-button elementor-button-link elementor-size-sm\" href=\"tel: 38163444377\">\n\t\t\t\t\t\t<span class=\"elementor-button-content-wrapper\">\n\t\t\t\t\t\t\t\t\t<span class=\"elementor-button-text\">Pozovite nas<\/span>\n\t\t\t\t\t<\/span>\n\t\t\t\t\t<\/a>\n\t\t<\/div>\n\t\t\t\t<\/div>\n\t\t\t\t<\/div>\n\t\t\t\t\t<\/div>\n\t\t\t\t<\/div>\n\t\t\t\t<\/div>","protected":false},"excerpt":{"rendered":"<p>Gume za Quad Pozovite nas Gume za quad, poznate i kao ATV gume, su specijalizirane gume dizajnirane za upotrebu na all-terrain vozilima (ATV), poznatim i kao quadovi. Ove gume imaju karakteristike koje omogu\u0107uju voza\u010dima da voze quadove po razli\u010ditim terenima, uklju\u010duju\u0107i neravne povr\u0161ine, blato, pijesak i \u0161ljunak Tipovi Guma za Quad All-terrain gume (ATV\/quad gume): [&hellip;]<\/p>","protected":false},"author":4,"featured_media":0,"parent":0,"menu_order":0,"comment_status":"closed","ping_status":"closed","template":"elementor_header_footer","meta":{"rank_math_lock_modified_date":false,"site-sidebar-layout":"no-sidebar","site-content-layout":"page-builder","ast-site-content-layout":"full-width-container","site-content-style":"default","site-sidebar-style":"default","ast-global-header-display":"","ast-banner-title-visibility":"","ast-main-header-display":"","ast-hfb-above-header-display":"","ast-hfb-below-header-display":"","ast-hfb-mobile-header-display":"","site-post-title":"disabled","ast-breadcrumbs-content":"","ast-featured-img":"disabled","footer-sml-layout":"","theme-transparent-header-meta":"","adv-header-id-meta":"","stick-header-meta":"","header-above-stick-meta":"","header-main-stick-meta":"","header-below-stick-meta":"","astra-migrate-meta-layouts":"set","ast-page-background-enabled":"default","ast-page-background-meta":{"desktop":{"background-color":"","background-image":"","background-repeat":"repeat","background-position":"center center","background-size":"auto","background-attachment":"scroll","background-type":"","background-media":"","overlay-type":"","overlay-color":"","overlay-opacity":"","overlay-gradient":""},"tablet":{"background-color":"","background-image":"","background-repeat":"repeat","background-position":"center center","background-size":"auto","background-attachment":"scroll","background-type":"","background-media":"","overlay-type":"","overlay-color":"","overlay-opacity":"","overlay-gradient":""},"mobile":{"background-color":"","background-image":"","background-repeat":"repeat","background-position":"center center","background-size":"auto","background-attachment":"scroll","background-type":"","background-media":"","overlay-type":"","overlay-color":"","overlay-opacity":"","overlay-gradient":""}},"ast-content-background-meta":{"desktop":{"background-color":"var(--ast-global-color-5)","background-image":"","background-repeat":"repeat","background-position":"center center","background-size":"auto","background-attachment":"scroll","background-type":"","background-media":"","overlay-type":"","overlay-color":"","overlay-opacity":"","overlay-gradient":""},"tablet":{"background-color":"var(--ast-global-color-5)","background-image":"","background-repeat":"repeat","background-position":"center center","background-size":"auto","background-attachment":"scroll","background-type":"","background-media":"","overlay-type":"","overlay-color":"","overlay-opacity":"","overlay-gradient":""},"mobile":{"background-color":"var(--ast-global-color-5)","background-image":"","background-repeat":"repeat","background-position":"center center","background-size":"auto","background-attachment":"scroll","background-type":"","background-media":"","overlay-type":"","overlay-color":"","overlay-opacity":"","overlay-gradient":""}},"footnotes":""},"class_list":["post-16920","page","type-page","status-publish","hentry"],"_links":{"self":[{"href":"https:\/\/mutata.co.rs\/sr\/wp-json\/wp\/v2\/pages\/16920"}],"collection":[{"href":"https:\/\/mutata.co.rs\/sr\/wp-json\/wp\/v2\/pages"}],"about":[{"href":"https:\/\/mutata.co.rs\/sr\/wp-json\/wp\/v2\/types\/page"}],"author":[{"embeddable":true,"href":"https:\/\/mutata.co.rs\/sr\/wp-json\/wp\/v2\/users\/4"}],"replies":[{"embeddable":true,"href":"https:\/\/mutata.co.rs\/sr\/wp-json\/wp\/v2\/comments?post=16920"}],"version-history":[{"count":10,"href":"https:\/\/mutata.co.rs\/sr\/wp-json\/wp\/v2\/pages\/16920\/revisions"}],"predecessor-version":[{"id":17154,"href":"https:\/\/mutata.co.rs\/sr\/wp-json\/wp\/v2\/pages\/16920\/revisions\/17154"}],"wp:attachment":[{"href":"https:\/\/mutata.co.rs\/sr\/wp-json\/wp\/v2\/media?parent=16920"}],"curies":[{"name":"wp","href":"https:\/\/api.w.org\/{rel}","templated":true}]}}