{"id":17206,"date":"2024-02-13T17:57:55","date_gmt":"2024-02-13T16:57:55","guid":{"rendered":"https:\/\/mutata.co.rs\/?page_id=17206"},"modified":"2024-02-29T16:20:40","modified_gmt":"2024-02-29T15:20:40","slug":"sve-od-gume","status":"publish","type":"page","link":"https:\/\/mutata.co.rs\/sr\/sve-od-gume\/","title":{"rendered":"Sve od gume"},"content":{"rendered":"<div data-elementor-type=\"wp-page\" data-elementor-id=\"17206\" class=\"elementor elementor-17206\" data-elementor-post-type=\"page\">\n\t\t\t\t<div class=\"elementor-element elementor-element-46736701 e-con-full e-flex e-con e-parent\" data-id=\"46736701\" data-element_type=\"container\">\n\t\t<div class=\"elementor-element elementor-element-5bd38488 e-con-full e-flex e-con e-child\" data-id=\"5bd38488\" data-element_type=\"container\">\n\t\t\t\t<div class=\"elementor-element elementor-element-4e87b9de elementor-widget elementor-widget-image\" data-id=\"4e87b9de\" data-element_type=\"widget\" data-widget_type=\"image.default\">\n\t\t\t\t<div class=\"elementor-widget-container\">\n\t\t\t\t\t\t\t\t\t\t\t\t\t<img decoding=\"async\" src=\"https:\/\/mutata.co.rs\/wp-content\/uploads\/elementor\/thumbs\/toyota-land-cruiser-2943058_1920-qjr3jkhkg4i2apc23hbszpg77rigi2bobwuemvq9qo.jpg\" title=\"toyota-land-cruiser-2943058_1920\" alt=\"toyota-land-cruiser-2943058_1920\" loading=\"lazy\" \/>\t\t\t\t\t\t\t\t\t\t\t\t\t<\/div>\n\t\t\t\t<\/div>\n\t\t\t\t<div class=\"elementor-element elementor-element-60e68102 elementor-align-center elementor-widget elementor-widget-button\" data-id=\"60e68102\" data-element_type=\"widget\" data-widget_type=\"button.default\">\n\t\t\t\t<div class=\"elementor-widget-container\">\n\t\t\t\t\t<div class=\"elementor-button-wrapper\">\n\t\t\t<a class=\"elementor-button elementor-button-link elementor-size-sm\" href=\"https:\/\/mutata.co.rs\/sr\/gume-4-x-4-lt\/\">\n\t\t\t\t\t\t<span class=\"elementor-button-content-wrapper\">\n\t\t\t\t\t\t\t\t\t<span class=\"elementor-button-text\">Putni\u010dki i 4 x 4 GUME<\/span>\n\t\t\t\t\t<\/span>\n\t\t\t\t\t<\/a>\n\t\t<\/div>\n\t\t\t\t<\/div>\n\t\t\t\t<\/div>\n\t\t\t\t<\/div>\n\t\t<div class=\"elementor-element elementor-element-151e4035 e-con-full e-flex e-con e-child\" data-id=\"151e4035\" data-element_type=\"container\">\n\t\t\t\t<div class=\"elementor-element elementor-element-66957a32 elementor-widget elementor-widget-image\" data-id=\"66957a32\" data-element_type=\"widget\" data-widget_type=\"image.default\">\n\t\t\t\t<div class=\"elementor-widget-container\">\n\t\t\t\t\t\t\t\t\t\t\t\t\t<img decoding=\"async\" src=\"https:\/\/mutata.co.rs\/wp-content\/uploads\/elementor\/thumbs\/semi-trailer-534577_1920-qjr43dx2jdmp2qjrdjpn27f237u1sbzy1zzxvwcgk0.jpg\" title=\"semi-trailer-534577_1920\" alt=\"semi-trailer-534577_1920\" loading=\"lazy\" \/>\t\t\t\t\t\t\t\t\t\t\t\t\t<\/div>\n\t\t\t\t<\/div>\n\t\t\t\t<div class=\"elementor-element elementor-element-796e0947 elementor-align-center elementor-widget elementor-widget-button\" data-id=\"796e0947\" data-element_type=\"widget\" data-widget_type=\"button.default\">\n\t\t\t\t<div class=\"elementor-widget-container\">\n\t\t\t\t\t<div class=\"elementor-button-wrapper\">\n\t\t\t<a class=\"elementor-button elementor-button-link elementor-size-sm\" href=\"https:\/\/mutata.co.rs\/sr\/gume-za-teretni-program\/\">\n\t\t\t\t\t\t<span class=\"elementor-button-content-wrapper\">\n\t\t\t\t\t\t\t\t\t<span class=\"elementor-button-text\">Teretni Program<\/span>\n\t\t\t\t\t<\/span>\n\t\t\t\t\t<\/a>\n\t\t<\/div>\n\t\t\t\t<\/div>\n\t\t\t\t<\/div>\n\t\t\t\t<\/div>\n\t\t<div class=\"elementor-element elementor-element-2b517774 e-con-full e-flex e-con e-child\" data-id=\"2b517774\" data-element_type=\"container\">\n\t\t\t\t<div class=\"elementor-element elementor-element-20973fd elementor-widget elementor-widget-image\" data-id=\"20973fd\" data-element_type=\"widget\" data-widget_type=\"image.default\">\n\t\t\t\t<div class=\"elementor-widget-container\">\n\t\t\t\t\t\t\t\t\t\t\t\t\t<img decoding=\"async\" src=\"https:\/\/mutata.co.rs\/wp-content\/uploads\/elementor\/thumbs\/wheels-428525_1920-qjr4p159x19efh3vzejcz8s6jn5c1exfd4tgqa939s.jpg\" title=\"wheels-428525_1920\" alt=\"wheels-428525_1920\" loading=\"lazy\" \/>\t\t\t\t\t\t\t\t\t\t\t\t\t<\/div>\n\t\t\t\t<\/div>\n\t\t\t\t<div class=\"elementor-element elementor-element-27d5d2e1 elementor-align-center elementor-widget elementor-widget-button\" data-id=\"27d5d2e1\" data-element_type=\"widget\" data-widget_type=\"button.default\">\n\t\t\t\t<div class=\"elementor-widget-container\">\n\t\t\t\t\t<div class=\"elementor-button-wrapper\">\n\t\t\t<a class=\"elementor-button elementor-button-link elementor-size-sm\" href=\"https:\/\/mutata.co.rs\/sr\/gume-za-industrijski-program\/\">\n\t\t\t\t\t\t<span class=\"elementor-button-content-wrapper\">\n\t\t\t\t\t\t\t\t\t<span class=\"elementor-button-text\">Industrijski Program<\/span>\n\t\t\t\t\t<\/span>\n\t\t\t\t\t<\/a>\n\t\t<\/div>\n\t\t\t\t<\/div>\n\t\t\t\t<\/div>\n\t\t\t\t<\/div>\n\t\t<div class=\"elementor-element elementor-element-1b455cf8 e-con-full e-flex e-con e-child\" data-id=\"1b455cf8\" data-element_type=\"container\">\n\t\t\t\t<div class=\"elementor-element elementor-element-3d165556 elementor-widget elementor-widget-image\" data-id=\"3d165556\" data-element_type=\"widget\" data-widget_type=\"image.default\">\n\t\t\t\t<div class=\"elementor-widget-container\">\n\t\t\t\t\t\t\t\t\t\t\t\t\t<img decoding=\"async\" src=\"https:\/\/mutata.co.rs\/wp-content\/uploads\/elementor\/thumbs\/wheel-5243104_1920-qjr5d4qb54923k3o9bk0enumuad4e1loceymooipqo.jpg\" title=\"wheel-5243104_1920\" alt=\"wheel-5243104_1920\" loading=\"lazy\" \/>\t\t\t\t\t\t\t\t\t\t\t\t\t<\/div>\n\t\t\t\t<\/div>\n\t\t\t\t<div class=\"elementor-element elementor-element-6b490f0f elementor-align-center elementor-widget elementor-widget-button\" data-id=\"6b490f0f\" data-element_type=\"widget\" data-widget_type=\"button.default\">\n\t\t\t\t<div class=\"elementor-widget-container\">\n\t\t\t\t\t<div class=\"elementor-button-wrapper\">\n\t\t\t<a class=\"elementor-button elementor-button-link elementor-size-sm\" href=\"https:\/\/mutata.co.rs\/sr\/gume-za-viljuskare\/\">\n\t\t\t\t\t\t<span class=\"elementor-button-content-wrapper\">\n\t\t\t\t\t\t\t\t\t<span class=\"elementor-button-text\">Gume za Vilju\u0161kare<\/span>\n\t\t\t\t\t<\/span>\n\t\t\t\t\t<\/a>\n\t\t<\/div>\n\t\t\t\t<\/div>\n\t\t\t\t<\/div>\n\t\t\t\t<\/div>\n\t\t\t\t<\/div>\n\t\t<div class=\"elementor-element elementor-element-5f1cfaf e-con-full e-flex e-con e-parent\" data-id=\"5f1cfaf\" data-element_type=\"container\">\n\t\t<div class=\"elementor-element elementor-element-6287fd8 e-con-full e-flex e-con e-child\" data-id=\"6287fd8\" data-element_type=\"container\">\n\t\t\t\t<div class=\"elementor-element elementor-element-8e50d76 elementor-widget elementor-widget-image\" data-id=\"8e50d76\" data-element_type=\"widget\" data-widget_type=\"image.default\">\n\t\t\t\t<div class=\"elementor-widget-container\">\n\t\t\t\t\t\t\t\t\t\t\t\t\t<img decoding=\"async\" src=\"https:\/\/mutata.co.rs\/wp-content\/uploads\/elementor\/thumbs\/motorcycle-2663742_1920-qjr6f84u4eeemmrmtacoyjs5jglncfu1wys1ve1bkg.jpg\" title=\"motorcycle-2663742_1920\" alt=\"motorcycle-2663742_1920\" loading=\"lazy\" \/>\t\t\t\t\t\t\t\t\t\t\t\t\t<\/div>\n\t\t\t\t<\/div>\n\t\t\t\t<div class=\"elementor-element elementor-element-d0ccf67 elementor-align-center elementor-widget elementor-widget-button\" data-id=\"d0ccf67\" data-element_type=\"widget\" data-widget_type=\"button.default\">\n\t\t\t\t<div class=\"elementor-widget-container\">\n\t\t\t\t\t<div class=\"elementor-button-wrapper\">\n\t\t\t<a class=\"elementor-button elementor-button-link elementor-size-sm\" href=\"https:\/\/mutata.co.rs\/sr\/gume-za-motore\/\">\n\t\t\t\t\t\t<span class=\"elementor-button-content-wrapper\">\n\t\t\t\t\t\t\t\t\t<span class=\"elementor-button-text\">Gume za Motore<\/span>\n\t\t\t\t\t<\/span>\n\t\t\t\t\t<\/a>\n\t\t<\/div>\n\t\t\t\t<\/div>\n\t\t\t\t<\/div>\n\t\t\t\t<\/div>\n\t\t<div class=\"elementor-element elementor-element-b505add e-con-full e-flex e-con e-child\" data-id=\"b505add\" data-element_type=\"container\">\n\t\t\t\t<div class=\"elementor-element elementor-element-657e4c0 elementor-widget elementor-widget-image\" data-id=\"657e4c0\" data-element_type=\"widget\" data-widget_type=\"image.default\">\n\t\t\t\t<div class=\"elementor-widget-container\">\n\t\t\t\t\t\t\t\t\t\t\t\t\t<img decoding=\"async\" src=\"https:\/\/mutata.co.rs\/wp-content\/uploads\/elementor\/thumbs\/tyre-1714669_1920-qjr6okn23372316u8bt4r6v67ej1w2xyj8bvog6dow.jpg\" title=\"tyre-1714669_1920\" alt=\"tyre-1714669_1920\" loading=\"lazy\" \/>\t\t\t\t\t\t\t\t\t\t\t\t\t<\/div>\n\t\t\t\t<\/div>\n\t\t\t\t<div class=\"elementor-element elementor-element-db5eba1 elementor-align-center elementor-widget elementor-widget-button\" data-id=\"db5eba1\" data-element_type=\"widget\" data-widget_type=\"button.default\">\n\t\t\t\t<div class=\"elementor-widget-container\">\n\t\t\t\t\t<div class=\"elementor-button-wrapper\">\n\t\t\t<a class=\"elementor-button elementor-button-link elementor-size-sm\" href=\"https:\/\/mutata.co.rs\/sr\/unutrasnje-gume-i-pojasevi\/\">\n\t\t\t\t\t\t<span class=\"elementor-button-content-wrapper\">\n\t\t\t\t\t\t\t\t\t<span class=\"elementor-button-text\">Unutra\u0161nje Gume i Pojasevi<\/span>\n\t\t\t\t\t<\/span>\n\t\t\t\t\t<\/a>\n\t\t<\/div>\n\t\t\t\t<\/div>\n\t\t\t\t<\/div>\n\t\t\t\t<\/div>\n\t\t<div class=\"elementor-element elementor-element-f2fd249 e-con-full e-flex e-con e-child\" data-id=\"f2fd249\" data-element_type=\"container\">\n\t\t\t\t<div class=\"elementor-element elementor-element-2655081 elementor-widget elementor-widget-image\" data-id=\"2655081\" data-element_type=\"widget\" data-widget_type=\"image.default\">\n\t\t\t\t<div class=\"elementor-widget-container\">\n\t\t\t\t\t\t\t\t\t\t\t\t\t<img decoding=\"async\" src=\"https:\/\/mutata.co.rs\/wp-content\/uploads\/elementor\/thumbs\/airplane-4885803_1920-qjr6zjf9ti7hj99e72gfuf8rp8h7oyh81ibt8nx13k.jpg\" title=\"airplane-4885803_1920\" alt=\"airplane-4885803_1920\" loading=\"lazy\" \/>\t\t\t\t\t\t\t\t\t\t\t\t\t<\/div>\n\t\t\t\t<\/div>\n\t\t\t\t<div class=\"elementor-element elementor-element-ae1d9ef elementor-align-center elementor-widget elementor-widget-button\" data-id=\"ae1d9ef\" data-element_type=\"widget\" data-widget_type=\"button.default\">\n\t\t\t\t<div class=\"elementor-widget-container\">\n\t\t\t\t\t<div class=\"elementor-button-wrapper\">\n\t\t\t<a class=\"elementor-button elementor-button-link elementor-size-sm\" href=\"https:\/\/mutata.co.rs\/sr\/avionske-gume\/\">\n\t\t\t\t\t\t<span class=\"elementor-button-content-wrapper\">\n\t\t\t\t\t\t\t\t\t<span class=\"elementor-button-text\">Avionske Gume<\/span>\n\t\t\t\t\t<\/span>\n\t\t\t\t\t<\/a>\n\t\t<\/div>\n\t\t\t\t<\/div>\n\t\t\t\t<\/div>\n\t\t\t\t<\/div>\n\t\t<div class=\"elementor-element elementor-element-9148c23 e-con-full e-flex e-con e-child\" data-id=\"9148c23\" data-element_type=\"container\">\n\t\t\t\t<div class=\"elementor-element elementor-element-f748419 elementor-widget elementor-widget-image\" data-id=\"f748419\" data-element_type=\"widget\" data-widget_type=\"image.default\">\n\t\t\t\t<div class=\"elementor-widget-container\">\n\t\t\t\t\t\t\t\t\t\t\t\t\t<img decoding=\"async\" src=\"https:\/\/mutata.co.rs\/wp-content\/uploads\/elementor\/thumbs\/excavator-195093_1920-qjr7g0jflyrf17buzou11rkmjd9tlyvun1z729hm1c.jpg\" title=\"excavator-195093_1920\" alt=\"excavator-195093_1920\" loading=\"lazy\" \/>\t\t\t\t\t\t\t\t\t\t\t\t\t<\/div>\n\t\t\t\t<\/div>\n\t\t\t\t<div class=\"elementor-element elementor-element-c1b10d4 elementor-align-center elementor-widget elementor-widget-button\" data-id=\"c1b10d4\" data-element_type=\"widget\" data-widget_type=\"button.default\">\n\t\t\t\t<div class=\"elementor-widget-container\">\n\t\t\t\t\t<div class=\"elementor-button-wrapper\">\n\t\t\t<a class=\"elementor-button elementor-button-link elementor-size-sm\" href=\"https:\/\/mutata.co.rs\/sr\/specijalne-gume\/\">\n\t\t\t\t\t\t<span class=\"elementor-button-content-wrapper\">\n\t\t\t\t\t\t\t\t\t<span class=\"elementor-button-text\">Specijalne Gume<\/span>\n\t\t\t\t\t<\/span>\n\t\t\t\t\t<\/a>\n\t\t<\/div>\n\t\t\t\t<\/div>\n\t\t\t\t<\/div>\n\t\t\t\t<\/div>\n\t\t\t\t<\/div>\n\t\t<div class=\"elementor-element elementor-element-16b11d3 e-con-full e-flex e-con e-parent\" data-id=\"16b11d3\" data-element_type=\"container\">\n\t\t<div class=\"elementor-element elementor-element-b36dfb7 e-con-full e-flex e-con e-child\" data-id=\"b36dfb7\" data-element_type=\"container\">\n\t\t\t\t<div class=\"elementor-element elementor-element-b2e4442 elementor-widget elementor-widget-image\" data-id=\"b2e4442\" data-element_type=\"widget\" data-widget_type=\"image.default\">\n\t\t\t\t<div class=\"elementor-widget-container\">\n\t\t\t\t\t\t\t\t\t\t\t\t\t<img decoding=\"async\" src=\"https:\/\/mutata.co.rs\/wp-content\/uploads\/elementor\/thumbs\/quad-555377_1920-qjr7r40uajya3h7l6zigzgrj04kthbxrtz8k0v1akw.jpg\" title=\"quad-555377_1920\" alt=\"quad-555377_1920\" loading=\"lazy\" \/>\t\t\t\t\t\t\t\t\t\t\t\t\t<\/div>\n\t\t\t\t<\/div>\n\t\t\t\t<div class=\"elementor-element elementor-element-e752def elementor-align-center elementor-widget elementor-widget-button\" data-id=\"e752def\" data-element_type=\"widget\" data-widget_type=\"button.default\">\n\t\t\t\t<div class=\"elementor-widget-container\">\n\t\t\t\t\t<div class=\"elementor-button-wrapper\">\n\t\t\t<a class=\"elementor-button elementor-button-link elementor-size-sm\" href=\"https:\/\/mutata.co.rs\/sr\/gume-za-quad\/\">\n\t\t\t\t\t\t<span class=\"elementor-button-content-wrapper\">\n\t\t\t\t\t\t\t\t\t<span class=\"elementor-button-text\">Gume za Quad<\/span>\n\t\t\t\t\t<\/span>\n\t\t\t\t\t<\/a>\n\t\t<\/div>\n\t\t\t\t<\/div>\n\t\t\t\t<\/div>\n\t\t\t\t<\/div>\n\t\t<div class=\"elementor-element elementor-element-e36b10b e-con-full e-flex e-con e-child\" data-id=\"e36b10b\" data-element_type=\"container\">\n\t\t\t\t<div class=\"elementor-element elementor-element-2ec93e5 elementor-widget elementor-widget-image\" data-id=\"2ec93e5\" data-element_type=\"widget\" data-widget_type=\"image.default\">\n\t\t\t\t<div class=\"elementor-widget-container\">\n\t\t\t\t\t\t\t\t\t\t\t\t\t<img decoding=\"async\" src=\"https:\/\/mutata.co.rs\/wp-content\/uploads\/elementor\/thumbs\/waters-3319143_1920-qjr8mb9z5knxhhvzzz1n93bcvksfzmt0getsiiru1c.jpg\" title=\"waters-3319143_1920\" alt=\"waters-3319143_1920\" loading=\"lazy\" \/>\t\t\t\t\t\t\t\t\t\t\t\t\t<\/div>\n\t\t\t\t<\/div>\n\t\t\t\t<div class=\"elementor-element elementor-element-f07fa47 elementor-align-center elementor-widget elementor-widget-button\" data-id=\"f07fa47\" data-element_type=\"widget\" data-widget_type=\"button.default\">\n\t\t\t\t<div class=\"elementor-widget-container\">\n\t\t\t\t\t<div class=\"elementor-button-wrapper\">\n\t\t\t<a class=\"elementor-button elementor-button-link elementor-size-sm\" href=\"https:\/\/mutata.co.rs\/sr\/obuca-od-gume\/\">\n\t\t\t\t\t\t<span class=\"elementor-button-content-wrapper\">\n\t\t\t\t\t\t\t\t\t<span class=\"elementor-button-text\">Obu\u0107a od Gume<\/span>\n\t\t\t\t\t<\/span>\n\t\t\t\t\t<\/a>\n\t\t<\/div>\n\t\t\t\t<\/div>\n\t\t\t\t<\/div>\n\t\t\t\t<\/div>\n\t\t<div class=\"elementor-element elementor-element-21ca8df e-con-full e-flex e-con e-child\" data-id=\"21ca8df\" data-element_type=\"container\">\n\t\t\t\t<div class=\"elementor-element elementor-element-2f9e91f elementor-widget elementor-widget-image\" data-id=\"2f9e91f\" data-element_type=\"widget\" data-widget_type=\"image.default\">\n\t\t\t\t<div class=\"elementor-widget-container\">\n\t\t\t\t\t\t\t\t\t\t\t\t\t<img decoding=\"async\" src=\"https:\/\/mutata.co.rs\/wp-content\/uploads\/elementor\/thumbs\/drum-kit-1946753_1920-qjr8t3o0ihyhc410cwon9dn7brbvkxr820g1agph3k.jpg\" title=\"drum-kit-1946753_1920\" alt=\"drum-kit-1946753_1920\" loading=\"lazy\" \/>\t\t\t\t\t\t\t\t\t\t\t\t\t<\/div>\n\t\t\t\t<\/div>\n\t\t\t\t<div class=\"elementor-element elementor-element-e69fe9d elementor-align-center elementor-widget elementor-widget-button\" data-id=\"e69fe9d\" data-element_type=\"widget\" data-widget_type=\"button.default\">\n\t\t\t\t<div class=\"elementor-widget-container\">\n\t\t\t\t\t<div class=\"elementor-button-wrapper\">\n\t\t\t<a class=\"elementor-button elementor-button-link elementor-size-sm\" href=\"https:\/\/mutata.co.rs\/sr\/gumene-obloge-za-bubnjeve\/\">\n\t\t\t\t\t\t<span class=\"elementor-button-content-wrapper\">\n\t\t\t\t\t\t\t\t\t<span class=\"elementor-button-text\">Gumene Obloge za Bubnjeve<\/span>\n\t\t\t\t\t<\/span>\n\t\t\t\t\t<\/a>\n\t\t<\/div>\n\t\t\t\t<\/div>\n\t\t\t\t<\/div>\n\t\t\t\t<\/div>\n\t\t<div class=\"elementor-element elementor-element-afd826c e-con-full e-flex e-con e-child\" data-id=\"afd826c\" data-element_type=\"container\">\n\t\t\t\t<div class=\"elementor-element elementor-element-3e8102e elementor-widget elementor-widget-image\" data-id=\"3e8102e\" data-element_type=\"widget\" data-widget_type=\"image.default\">\n\t\t\t\t<div class=\"elementor-widget-container\">\n\t\t\t\t\t\t\t\t\t\t\t\t\t<img decoding=\"async\" src=\"https:\/\/mutata.co.rs\/wp-content\/uploads\/elementor\/thumbs\/old-tires-7863427_1920-qjr90lfozy7rw755lnakmzkhtce7y2i6r3oe0vlhhs.jpg\" title=\"old-tires-7863427_1920\" alt=\"old-tires-7863427_1920\" loading=\"lazy\" \/>\t\t\t\t\t\t\t\t\t\t\t\t\t<\/div>\n\t\t\t\t<\/div>\n\t\t\t\t<div class=\"elementor-element elementor-element-4b79bfb elementor-align-center elementor-widget elementor-widget-button\" data-id=\"4b79bfb\" data-element_type=\"widget\" data-widget_type=\"button.default\">\n\t\t\t\t<div class=\"elementor-widget-container\">\n\t\t\t\t\t<div class=\"elementor-button-wrapper\">\n\t\t\t<a class=\"elementor-button elementor-button-link elementor-size-sm\" href=\"https:\/\/mutata.co.rs\/sr\/proizvodi-od-gume\/\">\n\t\t\t\t\t\t<span class=\"elementor-button-content-wrapper\">\n\t\t\t\t\t\t\t\t\t<span class=\"elementor-button-text\">Proizvodi od Gume<\/span>\n\t\t\t\t\t<\/span>\n\t\t\t\t\t<\/a>\n\t\t<\/div>\n\t\t\t\t<\/div>\n\t\t\t\t<\/div>\n\t\t\t\t<\/div>\n\t\t\t\t<\/div>\n\t\t\t\t<\/div>","protected":false},"excerpt":{"rendered":"<p>Putni\u010dki i 4 x 4 GUME Teretni Program Industrijski Program Gume za Vilju\u0161kare Gume za Motore Unutra\u0161nje Gume i Pojasevi Avionske Gume Specijalne Gume Gume za Quad Obu\u0107a od Gume Gumene Obloge za Bubnjeve Proizvodi od Gume<\/p>","protected":false},"author":4,"featured_media":0,"parent":0,"menu_order":0,"comment_status":"closed","ping_status":"closed","template":"","meta":{"rank_math_lock_modified_date":false,"site-sidebar-layout":"no-sidebar","site-content-layout":"page-builder","ast-site-content-layout":"full-width-container","site-content-style":"default","site-sidebar-style":"default","ast-global-header-display":"","ast-banner-title-visibility":"","ast-main-header-display":"","ast-hfb-above-header-display":"","ast-hfb-below-header-display":"","ast-hfb-mobile-header-display":"","site-post-title":"disabled","ast-breadcrumbs-content":"","ast-featured-img":"disabled","footer-sml-layout":"","theme-transparent-header-meta":"","adv-header-id-meta":"","stick-header-meta":"","header-above-stick-meta":"","header-main-stick-meta":"","header-below-stick-meta":"","astra-migrate-meta-layouts":"set","ast-page-background-enabled":"default","ast-page-background-meta":{"desktop":{"background-color":"","background-image":"","background-repeat":"repeat","background-position":"center center","background-size":"auto","background-attachment":"scroll","background-type":"","background-media":"","overlay-type":"","overlay-color":"","overlay-opacity":"","overlay-gradient":""},"tablet":{"background-color":"","background-image":"","background-repeat":"repeat","background-position":"center center","background-size":"auto","background-attachment":"scroll","background-type":"","background-media":"","overlay-type":"","overlay-color":"","overlay-opacity":"","overlay-gradient":""},"mobile":{"background-color":"","background-image":"","background-repeat":"repeat","background-position":"center center","background-size":"auto","background-attachment":"scroll","background-type":"","background-media":"","overlay-type":"","overlay-color":"","overlay-opacity":"","overlay-gradient":""}},"ast-content-background-meta":{"desktop":{"background-color":"var(--ast-global-color-5)","background-image":"","background-repeat":"repeat","background-position":"center center","background-size":"auto","background-attachment":"scroll","background-type":"","background-media":"","overlay-type":"","overlay-color":"","overlay-opacity":"","overlay-gradient":""},"tablet":{"background-color":"var(--ast-global-color-5)","background-image":"","background-repeat":"repeat","background-position":"center center","background-size":"auto","background-attachment":"scroll","background-type":"","background-media":"","overlay-type":"","overlay-color":"","overlay-opacity":"","overlay-gradient":""},"mobile":{"background-color":"var(--ast-global-color-5)","background-image":"","background-repeat":"repeat","background-position":"center center","background-size":"auto","background-attachment":"scroll","background-type":"","background-media":"","overlay-type":"","overlay-color":"","overlay-opacity":"","overlay-gradient":""}},"footnotes":""},"class_list":["post-17206","page","type-page","status-publish","hentry"],"_links":{"self":[{"href":"https:\/\/mutata.co.rs\/sr\/wp-json\/wp\/v2\/pages\/17206"}],"collection":[{"href":"https:\/\/mutata.co.rs\/sr\/wp-json\/wp\/v2\/pages"}],"about":[{"href":"https:\/\/mutata.co.rs\/sr\/wp-json\/wp\/v2\/types\/page"}],"author":[{"embeddable":true,"href":"https:\/\/mutata.co.rs\/sr\/wp-json\/wp\/v2\/users\/4"}],"replies":[{"embeddable":true,"href":"https:\/\/mutata.co.rs\/sr\/wp-json\/wp\/v2\/comments?post=17206"}],"version-history":[{"count":37,"href":"https:\/\/mutata.co.rs\/sr\/wp-json\/wp\/v2\/pages\/17206\/revisions"}],"predecessor-version":[{"id":17359,"href":"https:\/\/mutata.co.rs\/sr\/wp-json\/wp\/v2\/pages\/17206\/revisions\/17359"}],"wp:attachment":[{"href":"https:\/\/mutata.co.rs\/sr\/wp-json\/wp\/v2\/media?parent=17206"}],"curies":[{"name":"wp","href":"https:\/\/api.w.org\/{rel}","templated":true}]}}