{"id":13630,"date":"2024-01-04T17:42:26","date_gmt":"2024-01-04T16:42:26","guid":{"rendered":"https:\/\/mutata.co.rs\/proizvod\/vijak-za-lim-sa-sirokom-podloskom-6319mm\/"},"modified":"2024-01-31T14:32:48","modified_gmt":"2024-01-31T13:32:48","slug":"vijak-za-lim-sa-sirokom-podloskom-6319mm","status":"publish","type":"product","link":"https:\/\/mutata.co.rs\/sr\/proizvod\/vijak-za-lim-sa-sirokom-podloskom-6319mm\/","title":{"rendered":"Vijak za lim sa \u0161irokom podlo\u0161kom 6,3*19mm"},"content":{"rendered":"<p>Odgovara za slede\u0107e modele:<\/p>\n<p>&#8211; BMW Nr.: 07119916967<\/p>\n<p>&#8211; Ford Nr.: 227336<\/p>\n<p>&#8211; Mercedes Nr.: A0009906836<\/p>\n<p>&#8211; Opel Nr.: 2020005, 11071511<\/p>","protected":false},"excerpt":{"rendered":"<p>Cena artikla se odnosi na 1 komad<\/p>\n<p>Boja : \u017euta<\/p>\n<p>Pre\u010dnik glave : 18mm<\/p>\n<p>Ukupna du\u017eina navoja : 19mm<\/p>\n<p>Mera\/mm : 6,3*19<\/p>\n<p>Pak\/kom : 50<br \/>\nKatalo\u0161ki broj 15432<\/p>","protected":false},"featured_media":13628,"comment_status":"open","ping_status":"closed","template":"","meta":{"rank_math_lock_modified_date":false,"site-sidebar-layout":"default","site-content-layout":"","ast-site-content-layout":"","site-content-style":"default","site-sidebar-style":"default","ast-global-header-display":"","ast-banner-title-visibility":"","ast-main-header-display":"","ast-hfb-above-header-display":"","ast-hfb-below-header-display":"","ast-hfb-mobile-header-display":"","site-post-title":"","ast-breadcrumbs-content":"","ast-featured-img":"","footer-sml-layout":"","theme-transparent-header-meta":"","adv-header-id-meta":"","stick-header-meta":"","header-above-stick-meta":"","header-main-stick-meta":"","header-below-stick-meta":"","astra-migrate-meta-layouts":"default","ast-page-background-enabled":"default","ast-page-background-meta":{"desktop":{"background-color":"","background-image":"","background-repeat":"repeat","background-position":"center center","background-size":"auto","background-attachment":"scroll","background-type":"","background-media":"","overlay-type":"","overlay-color":"","overlay-opacity":"","overlay-gradient":""},"tablet":{"background-color":"","background-image":"","background-repeat":"repeat","background-position":"center center","background-size":"auto","background-attachment":"scroll","background-type":"","background-media":"","overlay-type":"","overlay-color":"","overlay-opacity":"","overlay-gradient":""},"mobile":{"background-color":"","background-image":"","background-repeat":"repeat","background-position":"center center","background-size":"auto","background-attachment":"scroll","background-type":"","background-media":"","overlay-type":"","overlay-color":"","overlay-opacity":"","overlay-gradient":""}},"ast-content-background-meta":{"desktop":{"background-color":"var(--ast-global-color-5)","background-image":"","background-repeat":"repeat","background-position":"center center","background-size":"auto","background-attachment":"scroll","background-type":"","background-media":"","overlay-type":"","overlay-color":"","overlay-opacity":"","overlay-gradient":""},"tablet":{"background-color":"var(--ast-global-color-5)","background-image":"","background-repeat":"repeat","background-position":"center center","background-size":"auto","background-attachment":"scroll","background-type":"","background-media":"","overlay-type":"","overlay-color":"","overlay-opacity":"","overlay-gradient":""},"mobile":{"background-color":"var(--ast-global-color-5)","background-image":"","background-repeat":"repeat","background-position":"center center","background-size":"auto","background-attachment":"scroll","background-type":"","background-media":"","overlay-type":"","overlay-color":"","overlay-opacity":"","overlay-gradient":""}}},"product_cat":[231,467,468,498,305,2022],"product_tag":[2023],"class_list":{"0":"post-13630","1":"product","2":"type-product","3":"status-publish","4":"has-post-thumbnail","6":"product_cat-audi-seat-volkswagen","7":"product_cat-bmw-mini-cooper-2","8":"product_cat-chevrolet-daewoo-opel","9":"product_cat-ford-2","10":"product_cat-mercedes-2","11":"product_cat-vijak-za-lim","12":"product_tag-2023","13":"desktop-align-left","14":"tablet-align-left","15":"mobile-align-left","17":"first","18":"instock","19":"shipping-taxable","20":"purchasable","21":"product-type-simple"},"_links":{"self":[{"href":"https:\/\/mutata.co.rs\/sr\/wp-json\/wp\/v2\/product\/13630"}],"collection":[{"href":"https:\/\/mutata.co.rs\/sr\/wp-json\/wp\/v2\/product"}],"about":[{"href":"https:\/\/mutata.co.rs\/sr\/wp-json\/wp\/v2\/types\/product"}],"replies":[{"embeddable":true,"href":"https:\/\/mutata.co.rs\/sr\/wp-json\/wp\/v2\/comments?post=13630"}],"version-history":[{"count":1,"href":"https:\/\/mutata.co.rs\/sr\/wp-json\/wp\/v2\/product\/13630\/revisions"}],"predecessor-version":[{"id":15597,"href":"https:\/\/mutata.co.rs\/sr\/wp-json\/wp\/v2\/product\/13630\/revisions\/15597"}],"wp:featuredmedia":[{"embeddable":true,"href":"https:\/\/mutata.co.rs\/sr\/wp-json\/wp\/v2\/media\/13628"}],"wp:attachment":[{"href":"https:\/\/mutata.co.rs\/sr\/wp-json\/wp\/v2\/media?parent=13630"}],"wp:term":[{"taxonomy":"product_cat","embeddable":true,"href":"https:\/\/mutata.co.rs\/sr\/wp-json\/wp\/v2\/product_cat?post=13630"},{"taxonomy":"product_tag","embeddable":true,"href":"https:\/\/mutata.co.rs\/sr\/wp-json\/wp\/v2\/product_tag?post=13630"}],"curies":[{"name":"wp","href":"https:\/\/api.w.org\/{rel}","templated":true}]}}