{"id":13691,"date":"2024-01-04T17:43:03","date_gmt":"2024-01-04T16:43:03","guid":{"rendered":"https:\/\/mutata.co.rs\/proizvod\/cetvrtaste-limene-navrtke-m6\/"},"modified":"2024-01-31T14:33:39","modified_gmt":"2024-01-31T13:33:39","slug":"cetvrtaste-limene-navrtke-m6","status":"publish","type":"product","link":"https:\/\/mutata.co.rs\/sr\/proizvod\/cetvrtaste-limene-navrtke-m6\/","title":{"rendered":"\u010cetvrtaste limene navrtke M6"},"content":{"rendered":"<p><a href=\"\/\/grtgroup.net\/kategorija\/srafovska-roba\/cetvrtaste-limene-navrtke\/&quot;\">\u010cetvrtaste limene navrtke M6<\/a><\/p>\n<p>Slu\u017ei kao unutra\u0161nji vezni element za limene konstrukcije.<\/p>\n<p>Racionalna monta\u017ea jednostavnim utiskivanjem.<\/p>\n<p><a href=\"\/\/www.autopatent.hu\/wp-content\/uploads\/pdf\/autopatentek\/autopatentek-alfa-romeo-fiat-iveco-lancia-patentek.pdf&quot;\">Samodr\u017eanje<\/a> zahvaljuju\u0107i dr\u017ea\u010du navrtke od \u010delika za opruge.<\/p>\n<p>Zahvaljuju\u0107i podu\u017enoj i popre\u010dnoj pokretljivosti navrtke u njenom dr\u017ea\u010du, koriguju se tolerancije izrade tokom monta\u017ee.<\/p>\n<p>Mogu se postaviti na nepogodna mesta pri te\u0161kim uslovima monta\u017ee.<\/p>\n<p>Vi\u0161estruko su primenljive<\/p>","protected":false},"excerpt":{"rendered":"<p>Cena artikla se odnosi za\u00a01 komad<\/p>\n<p>Za \u0161raf : M6<\/p>\n<p>a &#8211; du\u017eina : 12.6mm<\/p>\n<p>b &#8211; \u0161irina : 13.1mm<\/p>\n<p>c &#8211; visina : 6.4mm<\/p>\n<p>F &#8211; za debljinu lima : 0,7-1.7mm<\/p>\n<p>Pak \/ kom : 25<br \/>\nKatalo\u0161ki broj 15735<\/p>","protected":false},"featured_media":13688,"comment_status":"open","ping_status":"closed","template":"","meta":{"rank_math_lock_modified_date":false,"site-sidebar-layout":"default","site-content-layout":"","ast-site-content-layout":"","site-content-style":"default","site-sidebar-style":"default","ast-global-header-display":"","ast-banner-title-visibility":"","ast-main-header-display":"","ast-hfb-above-header-display":"","ast-hfb-below-header-display":"","ast-hfb-mobile-header-display":"","site-post-title":"","ast-breadcrumbs-content":"","ast-featured-img":"","footer-sml-layout":"","theme-transparent-header-meta":"","adv-header-id-meta":"","stick-header-meta":"","header-above-stick-meta":"","header-main-stick-meta":"","header-below-stick-meta":"","astra-migrate-meta-layouts":"default","ast-page-background-enabled":"default","ast-page-background-meta":{"desktop":{"background-color":"","background-image":"","background-repeat":"repeat","background-position":"center center","background-size":"auto","background-attachment":"scroll","background-type":"","background-media":"","overlay-type":"","overlay-color":"","overlay-opacity":"","overlay-gradient":""},"tablet":{"background-color":"","background-image":"","background-repeat":"repeat","background-position":"center center","background-size":"auto","background-attachment":"scroll","background-type":"","background-media":"","overlay-type":"","overlay-color":"","overlay-opacity":"","overlay-gradient":""},"mobile":{"background-color":"","background-image":"","background-repeat":"repeat","background-position":"center center","background-size":"auto","background-attachment":"scroll","background-type":"","background-media":"","overlay-type":"","overlay-color":"","overlay-opacity":"","overlay-gradient":""}},"ast-content-background-meta":{"desktop":{"background-color":"var(--ast-global-color-5)","background-image":"","background-repeat":"repeat","background-position":"center center","background-size":"auto","background-attachment":"scroll","background-type":"","background-media":"","overlay-type":"","overlay-color":"","overlay-opacity":"","overlay-gradient":""},"tablet":{"background-color":"var(--ast-global-color-5)","background-image":"","background-repeat":"repeat","background-position":"center center","background-size":"auto","background-attachment":"scroll","background-type":"","background-media":"","overlay-type":"","overlay-color":"","overlay-opacity":"","overlay-gradient":""},"mobile":{"background-color":"var(--ast-global-color-5)","background-image":"","background-repeat":"repeat","background-position":"center center","background-size":"auto","background-attachment":"scroll","background-type":"","background-media":"","overlay-type":"","overlay-color":"","overlay-opacity":"","overlay-gradient":""}}},"product_cat":[220,1492],"product_tag":[2250],"class_list":{"0":"post-13691","1":"product","2":"type-product","3":"status-publish","4":"has-post-thumbnail","6":"product_cat-alfa-romeo-fiat-lancia-2","7":"product_cat-cetvrtaste-limene-navrtke","8":"product_tag-2250","9":"desktop-align-left","10":"tablet-align-left","11":"mobile-align-left","13":"first","14":"instock","15":"shipping-taxable","16":"purchasable","17":"product-type-simple"},"_links":{"self":[{"href":"https:\/\/mutata.co.rs\/sr\/wp-json\/wp\/v2\/product\/13691"}],"collection":[{"href":"https:\/\/mutata.co.rs\/sr\/wp-json\/wp\/v2\/product"}],"about":[{"href":"https:\/\/mutata.co.rs\/sr\/wp-json\/wp\/v2\/types\/product"}],"replies":[{"embeddable":true,"href":"https:\/\/mutata.co.rs\/sr\/wp-json\/wp\/v2\/comments?post=13691"}],"version-history":[{"count":2,"href":"https:\/\/mutata.co.rs\/sr\/wp-json\/wp\/v2\/product\/13691\/revisions"}],"predecessor-version":[{"id":15743,"href":"https:\/\/mutata.co.rs\/sr\/wp-json\/wp\/v2\/product\/13691\/revisions\/15743"}],"wp:featuredmedia":[{"embeddable":true,"href":"https:\/\/mutata.co.rs\/sr\/wp-json\/wp\/v2\/media\/13688"}],"wp:attachment":[{"href":"https:\/\/mutata.co.rs\/sr\/wp-json\/wp\/v2\/media?parent=13691"}],"wp:term":[{"taxonomy":"product_cat","embeddable":true,"href":"https:\/\/mutata.co.rs\/sr\/wp-json\/wp\/v2\/product_cat?post=13691"},{"taxonomy":"product_tag","embeddable":true,"href":"https:\/\/mutata.co.rs\/sr\/wp-json\/wp\/v2\/product_tag?post=13691"}],"curies":[{"name":"wp","href":"https:\/\/api.w.org\/{rel}","templated":true}]}}