{"id":221,"date":"2019-12-28T13:52:55","date_gmt":"2019-12-28T12:52:55","guid":{"rendered":"https:\/\/mutata.co.rs\/?post_type=product&#038;p=221"},"modified":"2019-12-29T01:09:07","modified_gmt":"2019-12-29T00:09:07","slug":"goodyear-225-70r16-103t-wrl-ug-ms-goodyear-guma-zimska-zimska-guma-zimski-pneumatik","status":"publish","type":"product","link":"https:\/\/mutata.co.rs\/sr\/proizvod\/goodyear-225-70r16-103t-wrl-ug-ms-goodyear-guma-zimska-zimska-guma-zimski-pneumatik\/","title":{"rendered":"Goodyear 225\/70R16 103T WRL UG MS &#8211; Goodyear-guma-zimska"},"content":{"rendered":"<p><a href=\"https:\/\/www.goodyear.eu\/sr_rs\/consumer.html\" target=\"_blank\" rel=\"noopener\">Goodyear<\/a>-guma-zimska visokih performansi za sportska terenska vozila koji obezbe\u0111uje dobro prianjanje na svim podlogama tokom cele zime.<\/p>\n<ul>\n<li>Zimska guma za 4&#215;4 i suv vozila nudi izvanredne performanse na terenu i snegu.<\/li>\n<li>Zimski pneumatik koji omogu\u0107ava izuzetnu vu\u010du i po vla\u017enom terenu kao i po ledu i snegu.<\/li>\n<li>Vrhunska rastresanj i izbacivanje blata, vode i snega.<\/li>\n<\/ul>\n<p>Goodyear je razvio Wrangler UltraGrip pneumatike za izvrsnu vu\u010du u svim vremenskim uslovima, uklju\u010dujuc\u0301i i sneg i led za 4&#215;4 i SUV vozila. Tako\u0111e ovaj zimski pneumatik obezbe\u0111uje unapre\u0111eno upravljanje i rukovanje u uslovima van puteva i na snegu. Rameni blokovi su konstruisani tako da brzo rastresaju i izbacuju blato i sneg. Ukoliko jo\u0161 uvek niste <a href=\"https:\/\/mutata.co.rs\/sr\/2019\/09\/22\/sezonska-zamena-guma\/\">promenili va\u0161e gume<\/a> to mo\u017eete u\u010diniti u na\u0161em servisu svakog radnog dana<\/p>\n<p>Tako\u0111e Goodyear-guma-zimska ima smanjen rizik od akvaplaninga, uz poja\u010dano raspr\u0161ivanje vode i snega na vla\u017enim putevima zahvaljujuc\u0301i posebno napravljenom dizajnu \u0161are.<\/p>\n<p>Sa ovom gumom bi\u0107ete bezbedni u svim situacijama jer guma odli\u010dno dr\u017ei pravac. Zimske gume Beograd mo\u017eete na\u0107i u na\u0161em maloprodajnom objektu u ulici Bulevar kralja Aleksandra broj 501.<\/p>\n<p>Zimske gume 4&#215;4<br \/>\nEAN: 5452000853240<br \/>\nZEMLJA POREKLA: DE<br \/>\nVRSTA: 4X4<br \/>\nSEZONA: ZIMSKA<br \/>\nSEGMENT: 4X4 Winter<br \/>\n\u0160IRINA: 225<br \/>\nVISINA: 70<br \/>\nPRE\u010cNIK: 16<br \/>\n\u0160ARA: WRLUG<br \/>\nOPIS: 225\/70R16 103T WRL UG MS<br \/>\nINDEX NOSIVOSTI: 103<br \/>\nINDEX BRZINE: T<br \/>\nINDEX POTRO\u0160NJE: E<br \/>\nINDEX PRIANJANJA: C<br \/>\nNIVO BUKE: 71<br \/>\nMASA-KG: 14,599<\/p>\n<div class=\"col-elem col-12 col-md-6\">\n<h3 class=\"head\">Za\u0161to odabrati ovaj zimski pneumatik<\/h3>\n<h4 class=\"sec-title\">Pneumatik za pouzdano upravljanje na snegu<\/h4>\n<p>Sigurno putujte na putevima prekrivenim snegom. Model pru\u017ea superiorno prijanjanje na \u010dvrstom snegu, zahvaljuju\u0107i integraciji tri razli\u010dita tipa lamela. Nazubljeno centralno rebro u radi kao kopa\u010d kroz sneg i zaranja u sne\u017enu povr\u0161inu radi dodatne vu\u010de.<\/p>\n<h4 class=\"sec-title\">Odli\u010dne performanse na ledu<\/h4>\n<p>Ova zimska guma sadr\u017ei veliku kontaktnu povr\u0161inu koja pobolj\u0161ava rukovanje na ledu. Smesa gaze\u0107eg sloja sa silikom odr\u017eava dobro prijanjanje pri niskim temperaturama.<\/p>\n<h4 class=\"sec-title\">Manji rizik od akvaplaninga<\/h4>\n<p>Specijalni hidrodinami\u010dki kanal brzo odvodi vodu sa povr\u0161ine pneumatika, \u0161to poma\u017ee da zadr\u017eite kontrolu na mokrim ili bljuzgavim putevima.<\/p>\n<h4 class=\"sec-title\">Dezen koji omogu\u0107ava efikasniju potro\u0161nju goriva<\/h4>\n<p>Zimska guma sa laganom konstrukcijom smanjuje otpor prilikom obrtanja, smanjuje potro\u0161nju goriva va\u0161eg vozila i CO2 emisije.<\/p>\n<p>Ne zaboravite da posetite<a href=\"https:\/\/mutata.co.rs\/sr\/\"> na\u0161u prodavnicu<\/a> za zimske gume beograd<\/p>\n<\/div>","protected":false},"excerpt":{"rendered":"<p>Pneumatik visokih performansi za sportska terenska vozila koji obezbe\u0111uje dobro prianjanje na svim podlogama tokom cele zime. Ima smanjen rizik od akvaplaninga, uz poja\u010dano raspr\u0161ivanje vode i snega na vla\u017enim putevima zahvaljujuc\u0301i posebno napravljenom dizajnu \u0161are. Sa ovom zimske gume beograd gumom bi\u0107ete bezbedni u svim situacijama.<\/p>","protected":false},"featured_media":225,"comment_status":"open","ping_status":"closed","template":"","meta":{"rank_math_lock_modified_date":false,"site-sidebar-layout":"default","site-content-layout":"","ast-site-content-layout":"","site-content-style":"default","site-sidebar-style":"default","ast-global-header-display":"","ast-banner-title-visibility":"","ast-main-header-display":"","ast-hfb-above-header-display":"","ast-hfb-below-header-display":"","ast-hfb-mobile-header-display":"","site-post-title":"","ast-breadcrumbs-content":"","ast-featured-img":"","footer-sml-layout":"","theme-transparent-header-meta":"","adv-header-id-meta":"","stick-header-meta":"","header-above-stick-meta":"","header-main-stick-meta":"","header-below-stick-meta":"","astra-migrate-meta-layouts":"default","ast-page-background-enabled":"default","ast-page-background-meta":{"desktop":{"background-color":"","background-image":"","background-repeat":"repeat","background-position":"center center","background-size":"auto","background-attachment":"scroll","background-type":"","background-media":"","overlay-type":"","overlay-color":"","overlay-opacity":"","overlay-gradient":""},"tablet":{"background-color":"","background-image":"","background-repeat":"repeat","background-position":"center center","background-size":"auto","background-attachment":"scroll","background-type":"","background-media":"","overlay-type":"","overlay-color":"","overlay-opacity":"","overlay-gradient":""},"mobile":{"background-color":"","background-image":"","background-repeat":"repeat","background-position":"center center","background-size":"auto","background-attachment":"scroll","background-type":"","background-media":"","overlay-type":"","overlay-color":"","overlay-opacity":"","overlay-gradient":""}},"ast-content-background-meta":{"desktop":{"background-color":"var(--ast-global-color-5)","background-image":"","background-repeat":"repeat","background-position":"center center","background-size":"auto","background-attachment":"scroll","background-type":"","background-media":"","overlay-type":"","overlay-color":"","overlay-opacity":"","overlay-gradient":""},"tablet":{"background-color":"var(--ast-global-color-5)","background-image":"","background-repeat":"repeat","background-position":"center center","background-size":"auto","background-attachment":"scroll","background-type":"","background-media":"","overlay-type":"","overlay-color":"","overlay-opacity":"","overlay-gradient":""},"mobile":{"background-color":"var(--ast-global-color-5)","background-image":"","background-repeat":"repeat","background-position":"center center","background-size":"auto","background-attachment":"scroll","background-type":"","background-media":"","overlay-type":"","overlay-color":"","overlay-opacity":"","overlay-gradient":""}}},"product_cat":[26],"product_tag":[32,30,31,28,29],"class_list":{"0":"post-221","1":"product","2":"type-product","3":"status-publish","4":"has-post-thumbnail","6":"product_cat-auto-gume","7":"product_tag-goodyear","8":"product_tag-guma","9":"product_tag-gume","10":"product_tag-pneumatic","11":"product_tag-pneumatik","12":"desktop-align-left","13":"tablet-align-left","14":"mobile-align-left","16":"first","17":"instock","18":"shipping-taxable","19":"purchasable","20":"product-type-simple"},"_links":{"self":[{"href":"https:\/\/mutata.co.rs\/sr\/wp-json\/wp\/v2\/product\/221"}],"collection":[{"href":"https:\/\/mutata.co.rs\/sr\/wp-json\/wp\/v2\/product"}],"about":[{"href":"https:\/\/mutata.co.rs\/sr\/wp-json\/wp\/v2\/types\/product"}],"replies":[{"embeddable":true,"href":"https:\/\/mutata.co.rs\/sr\/wp-json\/wp\/v2\/comments?post=221"}],"version-history":[{"count":1,"href":"https:\/\/mutata.co.rs\/sr\/wp-json\/wp\/v2\/product\/221\/revisions"}],"predecessor-version":[{"id":241,"href":"https:\/\/mutata.co.rs\/sr\/wp-json\/wp\/v2\/product\/221\/revisions\/241"}],"wp:featuredmedia":[{"embeddable":true,"href":"https:\/\/mutata.co.rs\/sr\/wp-json\/wp\/v2\/media\/225"}],"wp:attachment":[{"href":"https:\/\/mutata.co.rs\/sr\/wp-json\/wp\/v2\/media?parent=221"}],"wp:term":[{"taxonomy":"product_cat","embeddable":true,"href":"https:\/\/mutata.co.rs\/sr\/wp-json\/wp\/v2\/product_cat?post=221"},{"taxonomy":"product_tag","embeddable":true,"href":"https:\/\/mutata.co.rs\/sr\/wp-json\/wp\/v2\/product_tag?post=221"}],"curies":[{"name":"wp","href":"https:\/\/api.w.org\/{rel}","templated":true}]}}