{"id":8801,"date":"2020-07-21T23:45:41","date_gmt":"2020-07-21T21:45:41","guid":{"rendered":"https:\/\/mutata.co.rs\/proizvod\/univerzalne-kopce-za-tapacir-4\/"},"modified":"2024-01-31T14:33:56","modified_gmt":"2024-01-31T13:33:56","slug":"univerzalne-kopce-za-tapacir-4","status":"publish","type":"product","link":"https:\/\/mutata.co.rs\/sr\/proizvod\/univerzalne-kopce-za-tapacir-4\/","title":{"rendered":"Univerzalne kop\u010de za tapacir"},"content":{"rendered":"<p>Ove \u017eabice se vode kao univerzalne kop\u010de za tapacir na vratima jer neverovatno ali skoro nema vozila gde nismo mogli da koristimo kao zamensku \u017eabicu za pri\u010dvr\u0161\u0107avanje istih. Iako su fabri\u010dke \u017eabice kod <a href=\"https:\/\/alfaromeoshop.com\/\" target=\"_blank\" rel=\"noopener\">Alfa Romeo<\/a>, Fiat, Iveco i Lancia modela koristili smo ih jo\u0161 kod mnogobrojnih brendova vozila poput BMW, Mercedes, Ford, Mini, Citroen, Peugeot &#8230;<\/p>\n<p>\u017dabice odgovaraju za slede\u0107a vozila:<\/p>\n<p><strong>Alfa Romeo<\/strong><\/p>\n<p>Alfa Romeo 147 &#8211; kop\u010de za tapacir na vratima<\/p>\n<p>Alfa Romeo GT &#8211; kop\u010de za tapacir na vratima<\/p>\n<p>Alfa Romeo Giulia &#8211; kop\u010de za fiksiranje branika<\/p>\n<p><strong>Fiat<\/p>\n<p><\/strong>Fiat Doblo (2013-2022) &#8211; kop\u010de za tapacir na vratima<\/p>\n<p>Fiat 500\/500C (2010-2022) &#8211; kop\u010de za fiksiranje branika<\/p>\n<p>Fiat 595\/595C (2010-2022) &#8211; kop\u010de za fiksiranje branika<\/p>\n<p>Fiat 695\/695C (2010-2022) &#8211; kop\u010de za fiksiranje branika<\/p>\n<p>Fiat Stilo (2001-2010) &#8211; kop\u010de za tapacir na vratima<\/p>\n<p><strong>Iveco<\/p>\n<p><\/strong>Iveco &#8211; univerzalne kop\u010de za tapacir na vratima<\/p>\n<p><strong>Lancia<\/p>\n<p><\/strong>Lancia &#8211; kop\u010de za tapacir na vratima<strong><\/p>\n<p><\/strong><\/p>\n<p>Klikom na brend vozila mo\u017eete da pogledate ceo asortiman \u017eabice za\u00a0<a href=\"https:\/\/grtgroup.net\/wp-content\/uploads\/2022\/Katalozi\/Alfa_Romeo_Fiat_Iveco_Lancia_zabice_version_1.2.pdf\" target=\"_blank\" rel=\"noopener\">Alfa Romeo<\/a>,\u00a0<a href=\"https:\/\/grtgroup.net\/wp-content\/uploads\/2022\/Katalozi\/Alfa_Romeo_Fiat_Iveco_Lancia_zabice_version_1.2.pdf\" target=\"_blank\" rel=\"noopener\">Fiat<\/a>,\u00a0<a href=\"https:\/\/grtgroup.net\/wp-content\/uploads\/2022\/Katalozi\/Alfa_Romeo_Fiat_Iveco_Lancia_zabice_version_1.2.pdf\" target=\"_blank\" rel=\"noopener\">Iveco<\/a>,\u00a0<a href=\"https:\/\/grtgroup.net\/wp-content\/uploads\/2022\/Katalozi\/Alfa_Romeo_Fiat_Iveco_Lancia_zabice_version_1.2.pdf\" target=\"_blank\" rel=\"noopener\">Lancia<\/a><\/p>\n<p>Dali ste znali o \u017eabicama?<\/p>\n<p>Sa porastom plastike u automobilskoj industriji, mnogi patenti, kop\u010de i \u017eabice su napravljeni od poliamida i polipropilena zamenili<\/p>\n<p>su metalne komponente. Njihova re\u0161enja za rad i fiksiranje su u po\u010detku bila o\u010digledno jednostavna, ali su u isto vreme imali manju te\u017einu,<\/p>\n<p>smanjenje buke i br\u017eu proizvodnju i instalacijskih moguc\u0301nosti. Kako se razvijala hemijska industrija,<\/p>\n<p>tako su se razvijali i dizajn plasti\u010dnih \u017eabica. Po\u010detni jednofunkcionalni pri\u010dvr\u0161c\u0301iva\u010di zamenjeni su mnogo komplikovanijim<\/p>\n<p>\u017eabicama &#8211; kop\u010dama, koji omoguc\u0301avaju vi\u0161estruku upotrebu. Paralelno sa zvu\u010dnom izolacijom putni\u010dkog prostora,<\/p>\n<p>potrebni su i novi tipovi \u017eabica za pri\u010dvr\u0161c\u0301ivanje obloga-tapacira. Dizajnirani su tako da budu laki za instalaciju,<\/p>\n<p>stabilni ali fleksibilni i sposobni da obavljaju funkciju prigu\u0161enja vibracija.<\/p>","protected":false},"excerpt":{"rendered":"<p>Cena artikla se odnosi na 1 komad<\/p>\n<p>Boja : crna<\/p>\n<p>Pre\u010dnik glave : 22mm<\/p>\n<p>Za rupu : 8mm<\/p>\n<p>Ukupna du\u017eina : 23mm<\/p>\n<p>Kom\/pak : 50<\/p>\n<p>Fiat Nr.: 1301019808<br \/>\nKatalo\u0161ki broj 15840<\/p>","protected":false},"featured_media":12777,"comment_status":"open","ping_status":"closed","template":"","meta":{"rank_math_lock_modified_date":false,"site-sidebar-layout":"default","site-content-layout":"","ast-site-content-layout":"","site-content-style":"default","site-sidebar-style":"default","ast-global-header-display":"","ast-banner-title-visibility":"","ast-main-header-display":"","ast-hfb-above-header-display":"","ast-hfb-below-header-display":"","ast-hfb-mobile-header-display":"","site-post-title":"","ast-breadcrumbs-content":"","ast-featured-img":"","footer-sml-layout":"","theme-transparent-header-meta":"","adv-header-id-meta":"","stick-header-meta":"","header-above-stick-meta":"","header-main-stick-meta":"","header-below-stick-meta":"","astra-migrate-meta-layouts":"default","ast-page-background-enabled":"default","ast-page-background-meta":{"desktop":{"background-color":"","background-image":"","background-repeat":"repeat","background-position":"center center","background-size":"auto","background-attachment":"scroll","background-type":"","background-media":"","overlay-type":"","overlay-color":"","overlay-opacity":"","overlay-gradient":""},"tablet":{"background-color":"","background-image":"","background-repeat":"repeat","background-position":"center center","background-size":"auto","background-attachment":"scroll","background-type":"","background-media":"","overlay-type":"","overlay-color":"","overlay-opacity":"","overlay-gradient":""},"mobile":{"background-color":"","background-image":"","background-repeat":"repeat","background-position":"center center","background-size":"auto","background-attachment":"scroll","background-type":"","background-media":"","overlay-type":"","overlay-color":"","overlay-opacity":"","overlay-gradient":""}},"ast-content-background-meta":{"desktop":{"background-color":"var(--ast-global-color-5)","background-image":"","background-repeat":"repeat","background-position":"center center","background-size":"auto","background-attachment":"scroll","background-type":"","background-media":"","overlay-type":"","overlay-color":"","overlay-opacity":"","overlay-gradient":""},"tablet":{"background-color":"var(--ast-global-color-5)","background-image":"","background-repeat":"repeat","background-position":"center center","background-size":"auto","background-attachment":"scroll","background-type":"","background-media":"","overlay-type":"","overlay-color":"","overlay-opacity":"","overlay-gradient":""},"mobile":{"background-color":"var(--ast-global-color-5)","background-image":"","background-repeat":"repeat","background-position":"center center","background-size":"auto","background-attachment":"scroll","background-type":"","background-media":"","overlay-type":"","overlay-color":"","overlay-opacity":"","overlay-gradient":""}}},"product_cat":[220,1736,223],"product_tag":[2338],"class_list":{"0":"post-8801","1":"product","2":"type-product","3":"status-publish","4":"has-post-thumbnail","6":"product_cat-alfa-romeo-fiat-lancia-2","7":"product_cat-autobusi-i-kamioni","8":"product_cat-univerzalne-kopce-2","9":"product_tag-2338","10":"desktop-align-left","11":"tablet-align-left","12":"mobile-align-left","14":"first","15":"instock","16":"shipping-taxable","17":"purchasable","18":"product-type-simple"},"_links":{"self":[{"href":"https:\/\/mutata.co.rs\/sr\/wp-json\/wp\/v2\/product\/8801"}],"collection":[{"href":"https:\/\/mutata.co.rs\/sr\/wp-json\/wp\/v2\/product"}],"about":[{"href":"https:\/\/mutata.co.rs\/sr\/wp-json\/wp\/v2\/types\/product"}],"replies":[{"embeddable":true,"href":"https:\/\/mutata.co.rs\/sr\/wp-json\/wp\/v2\/comments?post=8801"}],"version-history":[{"count":1,"href":"https:\/\/mutata.co.rs\/sr\/wp-json\/wp\/v2\/product\/8801\/revisions"}],"predecessor-version":[{"id":15797,"href":"https:\/\/mutata.co.rs\/sr\/wp-json\/wp\/v2\/product\/8801\/revisions\/15797"}],"wp:featuredmedia":[{"embeddable":true,"href":"https:\/\/mutata.co.rs\/sr\/wp-json\/wp\/v2\/media\/12777"}],"wp:attachment":[{"href":"https:\/\/mutata.co.rs\/sr\/wp-json\/wp\/v2\/media?parent=8801"}],"wp:term":[{"taxonomy":"product_cat","embeddable":true,"href":"https:\/\/mutata.co.rs\/sr\/wp-json\/wp\/v2\/product_cat?post=8801"},{"taxonomy":"product_tag","embeddable":true,"href":"https:\/\/mutata.co.rs\/sr\/wp-json\/wp\/v2\/product_tag?post=8801"}],"curies":[{"name":"wp","href":"https:\/\/api.w.org\/{rel}","templated":true}]}}