{"id":8838,"date":"2020-07-21T23:45:53","date_gmt":"2020-07-21T21:45:53","guid":{"rendered":"https:\/\/mutata.co.rs\/proizvod\/univerzalne-tiple-za-sraf-od-42mm\/"},"modified":"2024-01-31T14:32:01","modified_gmt":"2024-01-31T13:32:01","slug":"univerzalne-tiple-za-sraf-od-42mm","status":"publish","type":"product","link":"https:\/\/mutata.co.rs\/sr\/proizvod\/univerzalne-tiple-za-sraf-od-42mm\/","title":{"rendered":"Univerzalne tiple za \u0161raf od 4,2mm"},"content":{"rendered":"<p>Univerzalne tiple za \u0161raf od 4,2mm slu\u017ee za fiksiranje raznih plasti\u010dnih obloga u automobilima.(ove obloge mogu da budu unutra\u0161nji pragovi, obloge b i c stubova, obloge gepeka itd&#8230;)<\/p>\n<p>Ove \u017eabice odgovaraju za slede\u0107e modele vozila:<\/p>\n<p>Alfa Romeo &#8211; na raznim mestima u vozilu<\/p>\n<p>Citroen &#8211; na raznim mestima u vozilu<\/p>\n<p>Fiat &#8211; na raznim mestima u vozilu<\/p>\n<p>Lancia &#8211; na raznim mestima u vozilu<\/p>\n<p>Peugeot &#8211; na raznim mestima u vozilu<\/p>\n<p>Volkswagen &#8211; univerzalne tiple za \u0161raf od 4,2mm mogu se na\u0107i na raznim mestima u vozilu<strong><\/p>\n<p><\/strong><\/p>\n<p>Klikom na brend vozila mo\u017eete da pogledate ceo asortiman \u017eabice za\u00a0<a href=\"https:\/\/grtgroup.net\/wp-content\/uploads\/2022\/Katalozi\/Alfa_Romeo_Fiat_Iveco_Lancia_zabice_version_1.2.pdf\" target=\"_blank\" rel=\"noopener\">Alfa Romeo-Fiat-Lancia<\/a>, <a href=\"https:\/\/grtgroup.net\/wp-content\/uploads\/2022\/Katalozi\/Citroen_Peugeot_zabice_version_1.3.pdf\" target=\"_blank\" rel=\"noopener\">Citroen-Peugeot<\/a>,\u00a0<a href=\"https:\/\/grtgroup.net\/wp-content\/uploads\/2022\/Katalozi\/Audi_Seat_Volkswagen_zabice_1.2.pdf\" target=\"_blank\" rel=\"noopener\">Volkswagen<\/a><\/p>\n<p>Dali ste znali o \u017eabicama?<\/p>\n<p>Sa porastom plastike u automobilskoj industriji, mnogi patenti, kop\u010de i \u017eabice su napravljeni od poliamida i polipropilena zamenili<\/p>\n<p>su metalne komponente. Njihova re\u0161enja za rad i fiksiranje su u po\u010detku bila o\u010digledno jednostavna, ali su u isto vreme imali manju te\u017einu,<\/p>\n<p>smanjenje buke i br\u017eu proizvodnju i instalacijskih moguc\u0301nosti. Kako se razvijala hemijska industrija,<\/p>\n<p>tako su se razvijali i dizajn plasti\u010dnih \u017eabica. Po\u010detni jednofunkcionalni pri\u010dvr\u0161c\u0301iva\u010di zamenjeni su mnogo komplikovanijim<\/p>\n<p>\u017eabicama \u2013 kop\u010dama, koji omoguc\u0301avaju vi\u0161estruku upotrebu. Paralelno sa zvu\u010dnom izolacijom putni\u010dkog prostora,<\/p>\n<p>potrebni su i novi tipovi \u017eabica za pri\u010dvr\u0161c\u0301ivanje obloga-tapacira. Dizajnirani su tako da budu laki za instalaciju,<\/p>\n<p>stabilni ali fleksibilni i sposobni da obavljaju funkciju prigu\u0161enja vibracija.<\/p>","protected":false},"excerpt":{"rendered":"<p>Cena artikla se odnosi na 1 komad<\/p>\n<p>Boja :\u00a0bela<\/p>\n<p>Za \u0161taf : 4,2mm<\/p>\n<p>Pre\u010dnik glave :\u00a013mm<\/p>\n<p>Za rupu : 6,2&#215;7,5mm<\/p>\n<p>Ukupna du\u017eina : 9,2mm<\/p>\n<p>Kom\/pak : 25<\/p>\n<p>Alfa Romeo, Fiat, Lancia Nr.: 14115980<\/p>\n<p>Citroen, Peugeot Nr.: 6992G2<\/p>\n<p>Volkswagen Nr.:\u00a0155809966<br \/>\nKatalo\u0161ki broj 15243<\/p>","protected":false},"featured_media":12321,"comment_status":"open","ping_status":"closed","template":"","meta":{"rank_math_lock_modified_date":false,"site-sidebar-layout":"default","site-content-layout":"","ast-site-content-layout":"","site-content-style":"default","site-sidebar-style":"default","ast-global-header-display":"","ast-banner-title-visibility":"","ast-main-header-display":"","ast-hfb-above-header-display":"","ast-hfb-below-header-display":"","ast-hfb-mobile-header-display":"","site-post-title":"","ast-breadcrumbs-content":"","ast-featured-img":"","footer-sml-layout":"","theme-transparent-header-meta":"","adv-header-id-meta":"","stick-header-meta":"","header-above-stick-meta":"","header-main-stick-meta":"","header-below-stick-meta":"","astra-migrate-meta-layouts":"default","ast-page-background-enabled":"default","ast-page-background-meta":{"desktop":{"background-color":"","background-image":"","background-repeat":"repeat","background-position":"center center","background-size":"auto","background-attachment":"scroll","background-type":"","background-media":"","overlay-type":"","overlay-color":"","overlay-opacity":"","overlay-gradient":""},"tablet":{"background-color":"","background-image":"","background-repeat":"repeat","background-position":"center center","background-size":"auto","background-attachment":"scroll","background-type":"","background-media":"","overlay-type":"","overlay-color":"","overlay-opacity":"","overlay-gradient":""},"mobile":{"background-color":"","background-image":"","background-repeat":"repeat","background-position":"center center","background-size":"auto","background-attachment":"scroll","background-type":"","background-media":"","overlay-type":"","overlay-color":"","overlay-opacity":"","overlay-gradient":""}},"ast-content-background-meta":{"desktop":{"background-color":"var(--ast-global-color-5)","background-image":"","background-repeat":"repeat","background-position":"center center","background-size":"auto","background-attachment":"scroll","background-type":"","background-media":"","overlay-type":"","overlay-color":"","overlay-opacity":"","overlay-gradient":""},"tablet":{"background-color":"var(--ast-global-color-5)","background-image":"","background-repeat":"repeat","background-position":"center center","background-size":"auto","background-attachment":"scroll","background-type":"","background-media":"","overlay-type":"","overlay-color":"","overlay-opacity":"","overlay-gradient":""},"mobile":{"background-color":"var(--ast-global-color-5)","background-image":"","background-repeat":"repeat","background-position":"center center","background-size":"auto","background-attachment":"scroll","background-type":"","background-media":"","overlay-type":"","overlay-color":"","overlay-opacity":"","overlay-gradient":""}}},"product_cat":[220,231,221],"product_tag":[1755],"class_list":{"0":"post-8838","1":"product","2":"type-product","3":"status-publish","4":"has-post-thumbnail","6":"product_cat-alfa-romeo-fiat-lancia-2","7":"product_cat-audi-seat-volkswagen","8":"product_cat-citroen-peugeot-2","9":"product_tag-1755","10":"desktop-align-left","11":"tablet-align-left","12":"mobile-align-left","14":"first","15":"instock","16":"shipping-taxable","17":"purchasable","18":"product-type-simple"},"_links":{"self":[{"href":"https:\/\/mutata.co.rs\/sr\/wp-json\/wp\/v2\/product\/8838"}],"collection":[{"href":"https:\/\/mutata.co.rs\/sr\/wp-json\/wp\/v2\/product"}],"about":[{"href":"https:\/\/mutata.co.rs\/sr\/wp-json\/wp\/v2\/types\/product"}],"replies":[{"embeddable":true,"href":"https:\/\/mutata.co.rs\/sr\/wp-json\/wp\/v2\/comments?post=8838"}],"version-history":[{"count":1,"href":"https:\/\/mutata.co.rs\/sr\/wp-json\/wp\/v2\/product\/8838\/revisions"}],"predecessor-version":[{"id":15450,"href":"https:\/\/mutata.co.rs\/sr\/wp-json\/wp\/v2\/product\/8838\/revisions\/15450"}],"wp:featuredmedia":[{"embeddable":true,"href":"https:\/\/mutata.co.rs\/sr\/wp-json\/wp\/v2\/media\/12321"}],"wp:attachment":[{"href":"https:\/\/mutata.co.rs\/sr\/wp-json\/wp\/v2\/media?parent=8838"}],"wp:term":[{"taxonomy":"product_cat","embeddable":true,"href":"https:\/\/mutata.co.rs\/sr\/wp-json\/wp\/v2\/product_cat?post=8838"},{"taxonomy":"product_tag","embeddable":true,"href":"https:\/\/mutata.co.rs\/sr\/wp-json\/wp\/v2\/product_tag?post=8838"}],"curies":[{"name":"wp","href":"https:\/\/api.w.org\/{rel}","templated":true}]}}