{"id":8872,"date":"2020-07-21T23:46:04","date_gmt":"2020-07-21T21:46:04","guid":{"rendered":"https:\/\/mutata.co.rs\/proizvod\/citroen-chrysler-fiat-ducato-peugeot-zabice-za-fiksiranje-ukrasne-lajsne\/"},"modified":"2024-01-31T14:31:14","modified_gmt":"2024-01-31T13:31:14","slug":"citroen-chrysler-fiat-ducato-peugeot-zabice-za-fiksiranje-ukrasne-lajsne","status":"publish","type":"product","link":"https:\/\/mutata.co.rs\/sr\/proizvod\/citroen-chrysler-fiat-ducato-peugeot-zabice-za-fiksiranje-ukrasne-lajsne\/","title":{"rendered":"\u017dabice za fiksiranje ukrasne lajsne Citroen, Fiat, Peugeot"},"content":{"rendered":"<p>Kop\u010de za fiksiranje ukrasne lajsne Citroen, Fiat, Peugeot su svakako jedne od naj tra\u017eenijih artikla iz na\u0161e ponude<\/p>\n<p>\u017dabice odgovaraju za slede\u0107e modele vozila:<\/p>\n<p><strong>Citroen<\/p>\n<p><\/strong>Citroen Jumper II \u2013 \u017eabice za fiksiranje ukrasne lajsne na celom vozilu<\/p>\n<p>Citroen Jumper III (2006 -&gt;) \u2013 \u017eabice za fiksiranje ukrasne lajsne na celom vozilu<\/p>\n<p><strong>Fiat<\/strong><\/p>\n<p>Fiat Ducato (2001 &#8211; 2006) \u2013 \u017eabice za fiksiranje ukrasne lajsne na celom vozilu<\/p>\n<p>Fiat Ducato (2006 &gt;) \u2013 \u017eabice za fiksiranje ukrasne lajsne na celom vozilu<\/p>\n<p><strong>Peugeot <\/strong><\/p>\n<p>Peugeot Boxer II \u2013 \u017eabice za fiksiranje ukrasne lajsne na celom vozilu<\/p>\n<p>Peugeot Boxer III \u2013 \u017eabice za fiksiranje ukrasne lajsne na celom vozilu<strong><\/p>\n<p><\/strong><\/p>\n<p>Klikom na brend vozila mo\u017eete da pogledate ceo asortiman \u017eabice za <a href=\"https:\/\/grtgroup.net\/wp-content\/uploads\/2022\/Katalozi\/Citroen_Peugeot_zabice_version_1.3.pdf\" target=\"_blank\" rel=\"noopener\">Citroen<\/a>, <a href=\"https:\/\/grtgroup.net\/wp-content\/uploads\/2022\/Katalozi\/Alfa_Romeo_Fiat_Iveco_Lancia_zabice_version_1.2.pdf\" target=\"_blank\" rel=\"noopener\">Fiat<\/a>, <a href=\"https:\/\/grtgroup.net\/wp-content\/uploads\/2022\/Katalozi\/Citroen_Peugeot_zabice_version_1.3.pdf\" target=\"_blank\" rel=\"noopener\">Peugeot<\/a><\/p>\n<p>Dali ste znali o \u017eabicama?<\/p>\n<p>Sa porastom plastike u automobilskoj industriji, mnogi patenti, kop\u010de i \u017eabice su napravljeni od poliamida i polipropilena zamenili<\/p>\n<p>su metalne komponente. Njihova re\u0161enja za rad i fiksiranje su u po\u010detku bila o\u010digledno jednostavna, ali su u isto vreme imali manju te\u017einu,<\/p>\n<p>smanjenje buke i br\u017eu proizvodnju i instalacijskih moguc\u0301nosti. Kako se razvijala hemijska industrija,<\/p>\n<p>tako su se razvijali i dizajn plasti\u010dnih \u017eabica. Po\u010detni jednofunkcionalni pri\u010dvr\u0161c\u0301iva\u010di zamenjeni su mnogo komplikovanijim<\/p>\n<p>\u017eabicama \u2013 kop\u010dama, koji omoguc\u0301avaju vi\u0161estruku upotrebu. Paralelno sa zvu\u010dnom izolacijom putni\u010dkog prostora,<\/p>\n<p>potrebni su i novi tipovi \u017eabica za pri\u010dvr\u0161c\u0301ivanje obloga-tapacira. Dizajnirani su tako da budu laki za instalaciju,<\/p>\n<p>stabilni ali fleksibilni i sposobni da obavljaju funkciju prigu\u0161enja vibracija.<\/p>","protected":false},"excerpt":{"rendered":"<p>Cena artikla se odnosi na 1 komad<\/p>\n<p>Boja :\u00a0bela<\/p>\n<p>Pre\u010dnik glave :\u00a010,7*12mm<\/p>\n<p>Za rupu : 9mm<\/p>\n<p>Ukupna du\u017eina :\u00a017mm<\/p>\n<p>Kom \/ pak :\u00a025<\/p>\n<p>Citroen Nr.: 856543<\/p>\n<p>Fiat Nr.: 71728806<\/p>\n<p>Chrysler Nr.:\u00a068093998-AA<br \/>\nKatalo\u0161ki broj 15054<\/p>","protected":false},"featured_media":12210,"comment_status":"open","ping_status":"closed","template":"","meta":{"rank_math_lock_modified_date":false,"site-sidebar-layout":"default","site-content-layout":"","ast-site-content-layout":"","site-content-style":"default","site-sidebar-style":"default","ast-global-header-display":"","ast-banner-title-visibility":"","ast-main-header-display":"","ast-hfb-above-header-display":"","ast-hfb-below-header-display":"","ast-hfb-mobile-header-display":"","site-post-title":"","ast-breadcrumbs-content":"","ast-featured-img":"","footer-sml-layout":"","theme-transparent-header-meta":"","adv-header-id-meta":"","stick-header-meta":"","header-above-stick-meta":"","header-main-stick-meta":"","header-below-stick-meta":"","astra-migrate-meta-layouts":"default","ast-page-background-enabled":"default","ast-page-background-meta":{"desktop":{"background-color":"","background-image":"","background-repeat":"repeat","background-position":"center center","background-size":"auto","background-attachment":"scroll","background-type":"","background-media":"","overlay-type":"","overlay-color":"","overlay-opacity":"","overlay-gradient":""},"tablet":{"background-color":"","background-image":"","background-repeat":"repeat","background-position":"center center","background-size":"auto","background-attachment":"scroll","background-type":"","background-media":"","overlay-type":"","overlay-color":"","overlay-opacity":"","overlay-gradient":""},"mobile":{"background-color":"","background-image":"","background-repeat":"repeat","background-position":"center center","background-size":"auto","background-attachment":"scroll","background-type":"","background-media":"","overlay-type":"","overlay-color":"","overlay-opacity":"","overlay-gradient":""}},"ast-content-background-meta":{"desktop":{"background-color":"var(--ast-global-color-5)","background-image":"","background-repeat":"repeat","background-position":"center center","background-size":"auto","background-attachment":"scroll","background-type":"","background-media":"","overlay-type":"","overlay-color":"","overlay-opacity":"","overlay-gradient":""},"tablet":{"background-color":"var(--ast-global-color-5)","background-image":"","background-repeat":"repeat","background-position":"center center","background-size":"auto","background-attachment":"scroll","background-type":"","background-media":"","overlay-type":"","overlay-color":"","overlay-opacity":"","overlay-gradient":""},"mobile":{"background-color":"var(--ast-global-color-5)","background-image":"","background-repeat":"repeat","background-position":"center center","background-size":"auto","background-attachment":"scroll","background-type":"","background-media":"","overlay-type":"","overlay-color":"","overlay-opacity":"","overlay-gradient":""}}},"product_cat":[220,221],"product_tag":[1434],"class_list":{"0":"post-8872","1":"product","2":"type-product","3":"status-publish","4":"has-post-thumbnail","6":"product_cat-alfa-romeo-fiat-lancia-2","7":"product_cat-citroen-peugeot-2","8":"product_tag-1434","9":"desktop-align-left","10":"tablet-align-left","11":"mobile-align-left","13":"first","14":"instock","15":"shipping-taxable","16":"purchasable","17":"product-type-simple"},"_links":{"self":[{"href":"https:\/\/mutata.co.rs\/sr\/wp-json\/wp\/v2\/product\/8872"}],"collection":[{"href":"https:\/\/mutata.co.rs\/sr\/wp-json\/wp\/v2\/product"}],"about":[{"href":"https:\/\/mutata.co.rs\/sr\/wp-json\/wp\/v2\/types\/product"}],"replies":[{"embeddable":true,"href":"https:\/\/mutata.co.rs\/sr\/wp-json\/wp\/v2\/comments?post=8872"}],"version-history":[{"count":1,"href":"https:\/\/mutata.co.rs\/sr\/wp-json\/wp\/v2\/product\/8872\/revisions"}],"predecessor-version":[{"id":15307,"href":"https:\/\/mutata.co.rs\/sr\/wp-json\/wp\/v2\/product\/8872\/revisions\/15307"}],"wp:featuredmedia":[{"embeddable":true,"href":"https:\/\/mutata.co.rs\/sr\/wp-json\/wp\/v2\/media\/12210"}],"wp:attachment":[{"href":"https:\/\/mutata.co.rs\/sr\/wp-json\/wp\/v2\/media?parent=8872"}],"wp:term":[{"taxonomy":"product_cat","embeddable":true,"href":"https:\/\/mutata.co.rs\/sr\/wp-json\/wp\/v2\/product_cat?post=8872"},{"taxonomy":"product_tag","embeddable":true,"href":"https:\/\/mutata.co.rs\/sr\/wp-json\/wp\/v2\/product_tag?post=8872"}],"curies":[{"name":"wp","href":"https:\/\/api.w.org\/{rel}","templated":true}]}}