{"id":8938,"date":"2020-07-21T23:46:41","date_gmt":"2020-07-21T21:46:41","guid":{"rendered":"https:\/\/mutata.co.rs\/proizvod\/bmw-citroen-mercedes-mini-mitsubishi-peugeot-zabice-za-tapacir\/"},"modified":"2024-01-31T14:32:50","modified_gmt":"2024-01-31T13:32:50","slug":"bmw-citroen-mercedes-mini-mitsubishi-peugeot-zabice-za-tapacir","status":"publish","type":"product","link":"https:\/\/mutata.co.rs\/sr\/proizvod\/bmw-citroen-mercedes-mini-mitsubishi-peugeot-zabice-za-tapacir\/","title":{"rendered":"Univerzalne \u017eabice za tapacire, branike i za\u0161tite motora"},"content":{"rendered":"<p>Odgovara za slede\u0107e modele:<\/p>\n<p>&#8211; BMW 3, 5<\/p>\n<p>&#8211; Volvo S40, V40<\/p>","protected":false},"excerpt":{"rendered":"<p>Cena artikla se odnosi na 1 komad<\/p>\n<p>Boja :\u00a0crna<\/p>\n<p>Pre\u010dnik glave :\u00a020mm<\/p>\n<p>Za rupu : 8mm<\/p>\n<p>Ukupna du\u017eina :\u00a016,4mm<\/p>\n<p>Kom\/pak : 25<\/p>\n<p>BMW Nr.: 51471911992<\/p>\n<p>Mercedes\u00a0Nr.:\u00a0A0009907892,\u00a02019900292<\/p>\n<p>Mitsubishi Nr.: M820141<\/p>\n<p>Volvo Nr.: 30820141<br \/>\nKatalo\u0161ki broj 15441<\/p>","protected":false},"featured_media":12511,"comment_status":"open","ping_status":"closed","template":"","meta":{"rank_math_lock_modified_date":false,"site-sidebar-layout":"default","site-content-layout":"","ast-site-content-layout":"","site-content-style":"default","site-sidebar-style":"default","ast-global-header-display":"","ast-banner-title-visibility":"","ast-main-header-display":"","ast-hfb-above-header-display":"","ast-hfb-below-header-display":"","ast-hfb-mobile-header-display":"","site-post-title":"","ast-breadcrumbs-content":"","ast-featured-img":"","footer-sml-layout":"","theme-transparent-header-meta":"","adv-header-id-meta":"","stick-header-meta":"","header-above-stick-meta":"","header-main-stick-meta":"","header-below-stick-meta":"","astra-migrate-meta-layouts":"default","ast-page-background-enabled":"default","ast-page-background-meta":{"desktop":{"background-color":"","background-image":"","background-repeat":"repeat","background-position":"center center","background-size":"auto","background-attachment":"scroll","background-type":"","background-media":"","overlay-type":"","overlay-color":"","overlay-opacity":"","overlay-gradient":""},"tablet":{"background-color":"","background-image":"","background-repeat":"repeat","background-position":"center center","background-size":"auto","background-attachment":"scroll","background-type":"","background-media":"","overlay-type":"","overlay-color":"","overlay-opacity":"","overlay-gradient":""},"mobile":{"background-color":"","background-image":"","background-repeat":"repeat","background-position":"center center","background-size":"auto","background-attachment":"scroll","background-type":"","background-media":"","overlay-type":"","overlay-color":"","overlay-opacity":"","overlay-gradient":""}},"ast-content-background-meta":{"desktop":{"background-color":"var(--ast-global-color-5)","background-image":"","background-repeat":"repeat","background-position":"center center","background-size":"auto","background-attachment":"scroll","background-type":"","background-media":"","overlay-type":"","overlay-color":"","overlay-opacity":"","overlay-gradient":""},"tablet":{"background-color":"var(--ast-global-color-5)","background-image":"","background-repeat":"repeat","background-position":"center center","background-size":"auto","background-attachment":"scroll","background-type":"","background-media":"","overlay-type":"","overlay-color":"","overlay-opacity":"","overlay-gradient":""},"mobile":{"background-color":"var(--ast-global-color-5)","background-image":"","background-repeat":"repeat","background-position":"center center","background-size":"auto","background-attachment":"scroll","background-type":"","background-media":"","overlay-type":"","overlay-color":"","overlay-opacity":"","overlay-gradient":""}}},"product_cat":[467,221,305,515,1304],"product_tag":[2029],"class_list":{"0":"post-8938","1":"product","2":"type-product","3":"status-publish","4":"has-post-thumbnail","6":"product_cat-bmw-mini-cooper-2","7":"product_cat-citroen-peugeot-2","8":"product_cat-mercedes-2","9":"product_cat-mitsubishi-2","10":"product_cat-volvo","11":"product_tag-2029","12":"desktop-align-left","13":"tablet-align-left","14":"mobile-align-left","16":"first","17":"instock","18":"shipping-taxable","19":"purchasable","20":"product-type-simple"},"_links":{"self":[{"href":"https:\/\/mutata.co.rs\/sr\/wp-json\/wp\/v2\/product\/8938"}],"collection":[{"href":"https:\/\/mutata.co.rs\/sr\/wp-json\/wp\/v2\/product"}],"about":[{"href":"https:\/\/mutata.co.rs\/sr\/wp-json\/wp\/v2\/types\/product"}],"replies":[{"embeddable":true,"href":"https:\/\/mutata.co.rs\/sr\/wp-json\/wp\/v2\/comments?post=8938"}],"version-history":[{"count":1,"href":"https:\/\/mutata.co.rs\/sr\/wp-json\/wp\/v2\/product\/8938\/revisions"}],"predecessor-version":[{"id":15603,"href":"https:\/\/mutata.co.rs\/sr\/wp-json\/wp\/v2\/product\/8938\/revisions\/15603"}],"wp:featuredmedia":[{"embeddable":true,"href":"https:\/\/mutata.co.rs\/sr\/wp-json\/wp\/v2\/media\/12511"}],"wp:attachment":[{"href":"https:\/\/mutata.co.rs\/sr\/wp-json\/wp\/v2\/media?parent=8938"}],"wp:term":[{"taxonomy":"product_cat","embeddable":true,"href":"https:\/\/mutata.co.rs\/sr\/wp-json\/wp\/v2\/product_cat?post=8938"},{"taxonomy":"product_tag","embeddable":true,"href":"https:\/\/mutata.co.rs\/sr\/wp-json\/wp\/v2\/product_tag?post=8938"}],"curies":[{"name":"wp","href":"https:\/\/api.w.org\/{rel}","templated":true}]}}