{"id":9010,"date":"2020-07-21T23:46:59","date_gmt":"2020-07-21T21:46:59","guid":{"rendered":"https:\/\/mutata.co.rs\/proizvod\/audi-bmw-skoda-volkswagen-zabice-za-fiskiranje-plasticnih-obloga\/"},"modified":"2024-01-31T14:31:16","modified_gmt":"2024-01-31T13:31:16","slug":"audi-bmw-skoda-volkswagen-zabice-za-fiskiranje-plasticnih-obloga","status":"publish","type":"product","link":"https:\/\/mutata.co.rs\/sr\/proizvod\/audi-bmw-skoda-volkswagen-zabice-za-fiskiranje-plasticnih-obloga\/","title":{"rendered":"Audi, BMW, \u0160koda, Volkswagen \u017eabice za fiskiranje plasti\u010dnih obloga"},"content":{"rendered":"<p>Odgovara za slede\u0107e modele :<\/p>\n<p>&#8211; Audi A5, A6, A7 \u017eabice za fiksiranje obloge u gepeku i za\u0161titne plastike hladnjaka<\/p>\n<p>&#8211; BMW kop\u010de za fiksiranje ku\u0107i\u0161ta filtera za vazduh i za ukrasni poklopac hladnjaka<\/p>\n<p>&#8211; \u0160koda Fabia \u017eabice za za\u0161titu hladnjaka i obloge gepeka<\/p>","protected":false},"excerpt":{"rendered":"<p>Cena artikla se odnosi na 1 komadOdgovara za slede\u0107e modele :<\/p>\n<p>Audi A5, A6, A7 \u017eabice za fiksiranje obloge u gepeku i za\u0161titne plastike hladnjaka<\/p>\n<p>BMW kop\u010de za fiksiranje ku\u0107i\u0161ta filtera za vazduh i za ukrasni poklopac hladnjaka<\/p>\n<p>\u0160koda Fabia \u017eabice za za\u0161titu hladnjaka i obloge gepeka<\/p>\n<p>.<\/p>\n<p>Boja\u00a0: crna<\/p>\n<p>Pre\u010dnik glave\u00a0: 14,6mm<\/p>\n<p>Tipla : 7,8mm<\/p>\n<p>Ukupna du\u017eina :\u00a012,4mm<\/p>\n<p>Kom\/pak : 10<\/p>\n<p>Audi Nr.: N91141501<\/p>\n<p>BMW Nr.: 17111712963<br \/>\nKatalo\u0161ki broj 15065<\/p>","protected":false},"featured_media":12219,"comment_status":"open","ping_status":"closed","template":"","meta":{"rank_math_lock_modified_date":false,"site-sidebar-layout":"default","site-content-layout":"","ast-site-content-layout":"","site-content-style":"default","site-sidebar-style":"default","ast-global-header-display":"","ast-banner-title-visibility":"","ast-main-header-display":"","ast-hfb-above-header-display":"","ast-hfb-below-header-display":"","ast-hfb-mobile-header-display":"","site-post-title":"","ast-breadcrumbs-content":"","ast-featured-img":"","footer-sml-layout":"","theme-transparent-header-meta":"","adv-header-id-meta":"","stick-header-meta":"","header-above-stick-meta":"","header-main-stick-meta":"","header-below-stick-meta":"","astra-migrate-meta-layouts":"default","ast-page-background-enabled":"default","ast-page-background-meta":{"desktop":{"background-color":"","background-image":"","background-repeat":"repeat","background-position":"center center","background-size":"auto","background-attachment":"scroll","background-type":"","background-media":"","overlay-type":"","overlay-color":"","overlay-opacity":"","overlay-gradient":""},"tablet":{"background-color":"","background-image":"","background-repeat":"repeat","background-position":"center center","background-size":"auto","background-attachment":"scroll","background-type":"","background-media":"","overlay-type":"","overlay-color":"","overlay-opacity":"","overlay-gradient":""},"mobile":{"background-color":"","background-image":"","background-repeat":"repeat","background-position":"center center","background-size":"auto","background-attachment":"scroll","background-type":"","background-media":"","overlay-type":"","overlay-color":"","overlay-opacity":"","overlay-gradient":""}},"ast-content-background-meta":{"desktop":{"background-color":"var(--ast-global-color-5)","background-image":"","background-repeat":"repeat","background-position":"center center","background-size":"auto","background-attachment":"scroll","background-type":"","background-media":"","overlay-type":"","overlay-color":"","overlay-opacity":"","overlay-gradient":""},"tablet":{"background-color":"var(--ast-global-color-5)","background-image":"","background-repeat":"repeat","background-position":"center center","background-size":"auto","background-attachment":"scroll","background-type":"","background-media":"","overlay-type":"","overlay-color":"","overlay-opacity":"","overlay-gradient":""},"mobile":{"background-color":"var(--ast-global-color-5)","background-image":"","background-repeat":"repeat","background-position":"center center","background-size":"auto","background-attachment":"scroll","background-type":"","background-media":"","overlay-type":"","overlay-color":"","overlay-opacity":"","overlay-gradient":""}}},"product_cat":[231,467,232,223],"product_tag":[1500],"class_list":{"0":"post-9010","1":"product","2":"type-product","3":"status-publish","4":"has-post-thumbnail","6":"product_cat-audi-seat-volkswagen","7":"product_cat-bmw-mini-cooper-2","8":"product_cat-skoda-2","9":"product_cat-univerzalne-kopce-2","10":"product_tag-1500","11":"desktop-align-left","12":"tablet-align-left","13":"mobile-align-left","15":"first","16":"instock","17":"shipping-taxable","18":"purchasable","19":"product-type-simple"},"_links":{"self":[{"href":"https:\/\/mutata.co.rs\/sr\/wp-json\/wp\/v2\/product\/9010"}],"collection":[{"href":"https:\/\/mutata.co.rs\/sr\/wp-json\/wp\/v2\/product"}],"about":[{"href":"https:\/\/mutata.co.rs\/sr\/wp-json\/wp\/v2\/types\/product"}],"replies":[{"embeddable":true,"href":"https:\/\/mutata.co.rs\/sr\/wp-json\/wp\/v2\/comments?post=9010"}],"version-history":[{"count":1,"href":"https:\/\/mutata.co.rs\/sr\/wp-json\/wp\/v2\/product\/9010\/revisions"}],"predecessor-version":[{"id":15315,"href":"https:\/\/mutata.co.rs\/sr\/wp-json\/wp\/v2\/product\/9010\/revisions\/15315"}],"wp:featuredmedia":[{"embeddable":true,"href":"https:\/\/mutata.co.rs\/sr\/wp-json\/wp\/v2\/media\/12219"}],"wp:attachment":[{"href":"https:\/\/mutata.co.rs\/sr\/wp-json\/wp\/v2\/media?parent=9010"}],"wp:term":[{"taxonomy":"product_cat","embeddable":true,"href":"https:\/\/mutata.co.rs\/sr\/wp-json\/wp\/v2\/product_cat?post=9010"},{"taxonomy":"product_tag","embeddable":true,"href":"https:\/\/mutata.co.rs\/sr\/wp-json\/wp\/v2\/product_tag?post=9010"}],"curies":[{"name":"wp","href":"https:\/\/api.w.org\/{rel}","templated":true}]}}