{"id":9015,"date":"2020-07-21T23:46:59","date_gmt":"2020-07-21T21:46:59","guid":{"rendered":"https:\/\/mutata.co.rs\/proizvod\/bmw-ford-land-rover-zabice-za-fikiranje-tapacirunga-i-unutrasnje-obloge\/"},"modified":"2024-01-31T14:31:00","modified_gmt":"2024-01-31T13:31:00","slug":"bmw-ford-land-rover-zabice-za-fikiranje-tapacirunga-i-unutrasnje-obloge","status":"publish","type":"product","link":"https:\/\/mutata.co.rs\/sr\/proizvod\/bmw-ford-land-rover-zabice-za-fikiranje-tapacirunga-i-unutrasnje-obloge\/","title":{"rendered":"BMW, Ford, Land Rover, Volvo \u017eabice za fikiranje tapacirunga i unutra\u0161nje obloge"},"content":{"rendered":"<p>Odgovara za slede\u0107e modele :<\/p>\n<p>&#8211; Ford Fiesta, Kuga, Mondeo, S-Max<\/p>","protected":false},"excerpt":{"rendered":"<p>Cena artikla se odnosi na 1 komad<\/p>\n<p>Boja :\u00a0\u017euta<\/p>\n<p>Pre\u010dnik glave : 13\/17,5mm<\/p>\n<p>Za rupu : 9,8mm<\/p>\n<p>Ukupna du\u017eina : 19,6mm<\/p>\n<p>Kom\/pak : 10<\/p>\n<p>BMW Nr.: 07131503417<\/p>\n<p>Ford Nr.:\u00a0W712417S300<\/p>\n<p>Land Rover Nr.: EYC500120, EYC106710<\/p>\n<p>Volvo Nr.: 8616645<br \/>\nKatalo\u0161ki broj 15005<\/p>","protected":false},"featured_media":12167,"comment_status":"open","ping_status":"closed","template":"","meta":{"rank_math_lock_modified_date":false,"site-sidebar-layout":"default","site-content-layout":"","ast-site-content-layout":"","site-content-style":"default","site-sidebar-style":"default","ast-global-header-display":"","ast-banner-title-visibility":"","ast-main-header-display":"","ast-hfb-above-header-display":"","ast-hfb-below-header-display":"","ast-hfb-mobile-header-display":"","site-post-title":"","ast-breadcrumbs-content":"","ast-featured-img":"","footer-sml-layout":"","theme-transparent-header-meta":"","adv-header-id-meta":"","stick-header-meta":"","header-above-stick-meta":"","header-main-stick-meta":"","header-below-stick-meta":"","astra-migrate-meta-layouts":"default","ast-page-background-enabled":"default","ast-page-background-meta":{"desktop":{"background-color":"","background-image":"","background-repeat":"repeat","background-position":"center center","background-size":"auto","background-attachment":"scroll","background-type":"","background-media":"","overlay-type":"","overlay-color":"","overlay-opacity":"","overlay-gradient":""},"tablet":{"background-color":"","background-image":"","background-repeat":"repeat","background-position":"center center","background-size":"auto","background-attachment":"scroll","background-type":"","background-media":"","overlay-type":"","overlay-color":"","overlay-opacity":"","overlay-gradient":""},"mobile":{"background-color":"","background-image":"","background-repeat":"repeat","background-position":"center center","background-size":"auto","background-attachment":"scroll","background-type":"","background-media":"","overlay-type":"","overlay-color":"","overlay-opacity":"","overlay-gradient":""}},"ast-content-background-meta":{"desktop":{"background-color":"var(--ast-global-color-5)","background-image":"","background-repeat":"repeat","background-position":"center center","background-size":"auto","background-attachment":"scroll","background-type":"","background-media":"","overlay-type":"","overlay-color":"","overlay-opacity":"","overlay-gradient":""},"tablet":{"background-color":"var(--ast-global-color-5)","background-image":"","background-repeat":"repeat","background-position":"center center","background-size":"auto","background-attachment":"scroll","background-type":"","background-media":"","overlay-type":"","overlay-color":"","overlay-opacity":"","overlay-gradient":""},"mobile":{"background-color":"var(--ast-global-color-5)","background-image":"","background-repeat":"repeat","background-position":"center center","background-size":"auto","background-attachment":"scroll","background-type":"","background-media":"","overlay-type":"","overlay-color":"","overlay-opacity":"","overlay-gradient":""}}},"product_cat":[467,498,508,1304],"product_tag":[1305],"class_list":{"0":"post-9015","1":"product","2":"type-product","3":"status-publish","4":"has-post-thumbnail","6":"product_cat-bmw-mini-cooper-2","7":"product_cat-ford-2","8":"product_cat-land-rover","9":"product_cat-volvo","10":"product_tag-1305","11":"desktop-align-left","12":"tablet-align-left","13":"mobile-align-left","15":"first","16":"instock","17":"shipping-taxable","18":"purchasable","19":"product-type-simple"},"_links":{"self":[{"href":"https:\/\/mutata.co.rs\/sr\/wp-json\/wp\/v2\/product\/9015"}],"collection":[{"href":"https:\/\/mutata.co.rs\/sr\/wp-json\/wp\/v2\/product"}],"about":[{"href":"https:\/\/mutata.co.rs\/sr\/wp-json\/wp\/v2\/types\/product"}],"replies":[{"embeddable":true,"href":"https:\/\/mutata.co.rs\/sr\/wp-json\/wp\/v2\/comments?post=9015"}],"version-history":[{"count":1,"href":"https:\/\/mutata.co.rs\/sr\/wp-json\/wp\/v2\/product\/9015\/revisions"}],"predecessor-version":[{"id":15266,"href":"https:\/\/mutata.co.rs\/sr\/wp-json\/wp\/v2\/product\/9015\/revisions\/15266"}],"wp:featuredmedia":[{"embeddable":true,"href":"https:\/\/mutata.co.rs\/sr\/wp-json\/wp\/v2\/media\/12167"}],"wp:attachment":[{"href":"https:\/\/mutata.co.rs\/sr\/wp-json\/wp\/v2\/media?parent=9015"}],"wp:term":[{"taxonomy":"product_cat","embeddable":true,"href":"https:\/\/mutata.co.rs\/sr\/wp-json\/wp\/v2\/product_cat?post=9015"},{"taxonomy":"product_tag","embeddable":true,"href":"https:\/\/mutata.co.rs\/sr\/wp-json\/wp\/v2\/product_tag?post=9015"}],"curies":[{"name":"wp","href":"https:\/\/api.w.org\/{rel}","templated":true}]}}