{"id":9128,"date":"2020-07-21T23:47:38","date_gmt":"2020-07-21T21:47:38","guid":{"rendered":"https:\/\/mutata.co.rs\/proizvod\/univerzalne-kopce-za-tapacir-16\/"},"modified":"2024-01-31T14:32:05","modified_gmt":"2024-01-31T13:32:05","slug":"univerzalne-kopce-za-tapacir-16","status":"publish","type":"product","link":"https:\/\/mutata.co.rs\/sr\/proizvod\/univerzalne-kopce-za-tapacir-16\/","title":{"rendered":"Univerzalne \u017eabice &#8211; kop\u010de za tapacir"},"content":{"rendered":"<p>Univerzalne \u017eabice \u2013 kop\u010de za tapacir namenjene su za fiksiranje dva ili vi\u0161e elemenata u vozilima, radnim ma\u0161inama, autobusima, kamionima i drugim vozilima.<\/p>\n<p>Ove \u017eabice odgovaraju za slede\u0107e modele vozila:<\/p>\n<p><strong>Ford<\/p>\n<p><\/strong>Ford Fiesta (1989-1996) \u2013 univerzalne \u017eabice \u2013 kop\u010de i patenti<\/p>\n<p>Ford Fiesta (1995-&gt;) \u2013 univerzalne \u017eabice \u2013 kop\u010de i patenti<\/p>\n<p>Ford Scorpio \u2013 univerzalne \u017eabice \u2013 kop\u010de i patenti<\/p>\n<p>Univerzalne \u017eabice \u2013 kop\u010de za tapacir se pojavljuju i kod raznih drugih proizvo\u0111a\u010da vozila.<strong><\/p>\n<p><\/strong><\/p>\n<p>Klikom na brend vozila mo\u017eete da pogledate ceo asortiman \u017eabice za\u00a0<a href=\"https:\/\/grtgroup.net\/wp-content\/uploads\/2022\/Katalozi\/Ford_zabice_version_1.2.pdf\" target=\"_blank\" rel=\"noopener\">Ford<\/a><\/p>\n<p>Ukoliko tra\u017eite neke druge dimenzije univerzalnih \u017eabica njih mo\u017eete pogledati\u00a0<a href=\"https:\/\/grtgroup.net\/wp-content\/uploads\/2022\/Katalozi\/univerzalne_kopce_ver1.1.pdf\" target=\"_blank\" rel=\"noopener\">OVDE<\/a><\/p>\n<p>Dali ste znali o \u017eabicama?<\/p>\n<p>Sa porastom plastike u automobilskoj industriji, mnogi patenti, kop\u010de i \u017eabice su napravljeni od poliamida i polipropilena zamenili<\/p>\n<p>su metalne komponente. Njihova re\u0161enja za rad i fiksiranje su u po\u010detku bila o\u010digledno jednostavna, ali su u isto vreme imali manju te\u017einu,<\/p>\n<p>smanjenje buke i br\u017eu proizvodnju i instalacijskih moguc\u0301nosti. Kako se razvijala hemijska industrija,<\/p>\n<p>tako su se razvijali i dizajn plasti\u010dnih \u017eabica. Po\u010detni jednofunkcionalni pri\u010dvr\u0161c\u0301iva\u010di zamenjeni su mnogo komplikovanijim<\/p>\n<p>\u017eabicama \u2013 kop\u010dama, koji omoguc\u0301avaju vi\u0161estruku upotrebu. Paralelno sa zvu\u010dnom izolacijom putni\u010dkog prostora,<\/p>\n<p>potrebni su i novi tipovi \u017eabica za pri\u010dvr\u0161c\u0301ivanje obloga-tapacira. Dizajnirani su tako da budu laki za instalaciju,<\/p>\n<p>stabilni ali fleksibilni i sposobni da obavljaju funkciju prigu\u0161enja vibracija.<\/p>","protected":false},"excerpt":{"rendered":"<p>Cena artikla se odnosi na 1 komad<\/p>\n<p>Boja : siva<\/p>\n<p>Pre\u010dnik glave :\u00a022mm<\/p>\n<p>Pre\u010dnik osovine :\u00a010mm<\/p>\n<p>Ukupna du\u017eina :\u00a036mm<\/p>\n<p>Kom\/pak : 25<\/p>\n<p>Ford Nr.: 1660053<br \/>\nKatalo\u0161ki broj 15259<\/p>","protected":false},"featured_media":12333,"comment_status":"open","ping_status":"closed","template":"","meta":{"rank_math_lock_modified_date":false,"site-sidebar-layout":"default","site-content-layout":"","ast-site-content-layout":"","site-content-style":"default","site-sidebar-style":"default","ast-global-header-display":"","ast-banner-title-visibility":"","ast-main-header-display":"","ast-hfb-above-header-display":"","ast-hfb-below-header-display":"","ast-hfb-mobile-header-display":"","site-post-title":"","ast-breadcrumbs-content":"","ast-featured-img":"","footer-sml-layout":"","theme-transparent-header-meta":"","adv-header-id-meta":"","stick-header-meta":"","header-above-stick-meta":"","header-main-stick-meta":"","header-below-stick-meta":"","astra-migrate-meta-layouts":"default","ast-page-background-enabled":"default","ast-page-background-meta":{"desktop":{"background-color":"","background-image":"","background-repeat":"repeat","background-position":"center center","background-size":"auto","background-attachment":"scroll","background-type":"","background-media":"","overlay-type":"","overlay-color":"","overlay-opacity":"","overlay-gradient":""},"tablet":{"background-color":"","background-image":"","background-repeat":"repeat","background-position":"center center","background-size":"auto","background-attachment":"scroll","background-type":"","background-media":"","overlay-type":"","overlay-color":"","overlay-opacity":"","overlay-gradient":""},"mobile":{"background-color":"","background-image":"","background-repeat":"repeat","background-position":"center center","background-size":"auto","background-attachment":"scroll","background-type":"","background-media":"","overlay-type":"","overlay-color":"","overlay-opacity":"","overlay-gradient":""}},"ast-content-background-meta":{"desktop":{"background-color":"var(--ast-global-color-5)","background-image":"","background-repeat":"repeat","background-position":"center center","background-size":"auto","background-attachment":"scroll","background-type":"","background-media":"","overlay-type":"","overlay-color":"","overlay-opacity":"","overlay-gradient":""},"tablet":{"background-color":"var(--ast-global-color-5)","background-image":"","background-repeat":"repeat","background-position":"center center","background-size":"auto","background-attachment":"scroll","background-type":"","background-media":"","overlay-type":"","overlay-color":"","overlay-opacity":"","overlay-gradient":""},"mobile":{"background-color":"var(--ast-global-color-5)","background-image":"","background-repeat":"repeat","background-position":"center center","background-size":"auto","background-attachment":"scroll","background-type":"","background-media":"","overlay-type":"","overlay-color":"","overlay-opacity":"","overlay-gradient":""}}},"product_cat":[1736,498,223],"product_tag":[1786],"class_list":{"0":"post-9128","1":"product","2":"type-product","3":"status-publish","4":"has-post-thumbnail","6":"product_cat-autobusi-i-kamioni","7":"product_cat-ford-2","8":"product_cat-univerzalne-kopce-2","9":"product_tag-1786","10":"desktop-align-left","11":"tablet-align-left","12":"mobile-align-left","14":"first","15":"instock","16":"shipping-taxable","17":"purchasable","18":"product-type-simple"},"_links":{"self":[{"href":"https:\/\/mutata.co.rs\/sr\/wp-json\/wp\/v2\/product\/9128"}],"collection":[{"href":"https:\/\/mutata.co.rs\/sr\/wp-json\/wp\/v2\/product"}],"about":[{"href":"https:\/\/mutata.co.rs\/sr\/wp-json\/wp\/v2\/types\/product"}],"replies":[{"embeddable":true,"href":"https:\/\/mutata.co.rs\/sr\/wp-json\/wp\/v2\/comments?post=9128"}],"version-history":[{"count":1,"href":"https:\/\/mutata.co.rs\/sr\/wp-json\/wp\/v2\/product\/9128\/revisions"}],"predecessor-version":[{"id":15465,"href":"https:\/\/mutata.co.rs\/sr\/wp-json\/wp\/v2\/product\/9128\/revisions\/15465"}],"wp:featuredmedia":[{"embeddable":true,"href":"https:\/\/mutata.co.rs\/sr\/wp-json\/wp\/v2\/media\/12333"}],"wp:attachment":[{"href":"https:\/\/mutata.co.rs\/sr\/wp-json\/wp\/v2\/media?parent=9128"}],"wp:term":[{"taxonomy":"product_cat","embeddable":true,"href":"https:\/\/mutata.co.rs\/sr\/wp-json\/wp\/v2\/product_cat?post=9128"},{"taxonomy":"product_tag","embeddable":true,"href":"https:\/\/mutata.co.rs\/sr\/wp-json\/wp\/v2\/product_tag?post=9128"}],"curies":[{"name":"wp","href":"https:\/\/api.w.org\/{rel}","templated":true}]}}