{"id":9260,"date":"2020-07-21T23:48:20","date_gmt":"2020-07-21T21:48:20","guid":{"rendered":"https:\/\/mutata.co.rs\/proizvod\/iveco-opel-renault-zabice-za-fiksiranje-ukrasne-lajsne\/"},"modified":"2024-01-31T14:32:41","modified_gmt":"2024-01-31T13:32:41","slug":"iveco-opel-renault-zabice-za-fiksiranje-ukrasne-lajsne","status":"publish","type":"product","link":"https:\/\/mutata.co.rs\/sr\/proizvod\/iveco-opel-renault-zabice-za-fiksiranje-ukrasne-lajsne\/","title":{"rendered":"Iveco, Opel, Renault \u017eabice za fiksiranje ukrasne lajsne"},"content":{"rendered":"<p>Iveco, Opel, Renault \u017eabice za fiksiranje ukrasne lajsne vam omogu\u0107avaju fabri\u010dki izgled vozila koji se postavljaju lako i bez stru\u010dnog lica.<\/p>\n<p>Ove \u017eabice odgovaraju za slede\u0107e modele vozila:<\/p>\n<p><strong>Iveco<\/p>\n<p><\/strong>Iveco Daily \u2013 \u017eabice za fiksiranje ukrasne lajsne<\/p>\n<p><strong>Opel<\/strong><\/p>\n<p>Opel Movano A \u2013 \u017eabice za fiksiranje ukrasne lajsne<\/p>\n<p>Opel Vivaro \u2013 \u017eabice za fiksiranje ukrasne lajsne<\/p>\n<p><strong>Renault<\/strong><\/p>\n<p>Renault Kangoo I \u2013 \u017eabice za fiksiranje ukrasne lajsne<\/p>\n<p>Renault Master I \u2013 patenti za fiksiranje ukrasne lajsne<\/p>\n<p>Renault Master\u00a0 II \u2013 kop\u010de za fiksiranje ukrasne lajsne<strong><\/p>\n<p><\/strong><\/p>\n<p>Klikom na brend vozila mo\u017eete da pogledate ceo asortiman \u017eabice za <a href=\"https:\/\/grtgroup.net\/wp-content\/uploads\/2022\/Katalozi\/Alfa_Romeo_Fiat_Iveco_Lancia_zabice_version_1.2.pdf\" target=\"_blank\" rel=\"noopener\">Iveco<\/a>, <a href=\"https:\/\/grtgroup.net\/wp-content\/uploads\/2022\/Katalozi\/Chevrolet_Daewoo_Opel_zabice_version_1.2.pdf\" target=\"_blank\" rel=\"noopener\">Opel<\/a>, <a href=\"https:\/\/grtgroup.net\/wp-content\/uploads\/2022\/Katalozi\/Renault_Dacia_zabice_version_1.2.pdf\" target=\"_blank\" rel=\"noopener\">Renault<\/a><\/p>\n<p>Dali ste znali o \u017eabicama?<\/p>\n<p>Sa porastom plastike u automobilskoj industriji, mnogi patenti, kop\u010de i \u017eabice su napravljeni od poliamida i polipropilena zamenili<\/p>\n<p>su metalne komponente. Njihova re\u0161enja za rad i fiksiranje su u po\u010detku bila o\u010digledno jednostavna, ali su u isto vreme imali manju te\u017einu,<\/p>\n<p>smanjenje buke i br\u017eu proizvodnju i instalacijskih moguc\u0301nosti. Kako se razvijala hemijska industrija,<\/p>\n<p>tako su se razvijali i dizajn plasti\u010dnih \u017eabica. Po\u010detni jednofunkcionalni pri\u010dvr\u0161c\u0301iva\u010di zamenjeni su mnogo komplikovanijim<\/p>\n<p>\u017eabicama \u2013 kop\u010dama, koji omoguc\u0301avaju vi\u0161estruku upotrebu. Paralelno sa zvu\u010dnom izolacijom putni\u010dkog prostora,<\/p>\n<p>potrebni su i novi tipovi \u017eabica za pri\u010dvr\u0161c\u0301ivanje obloga-tapacira. Dizajnirani su tako da budu laki za instalaciju,<\/p>\n<p>stabilni ali fleksibilni i sposobni da obavljaju funkciju prigu\u0161enja vibracija.<\/p>","protected":false},"excerpt":{"rendered":"<p>Cena artikla se odnosi na 1 komad<\/p>\n<p>Boja :\u00a0siva<\/p>\n<p>Pre\u010dnik glave :\u00a08&#215;8,7mm<\/p>\n<p>Za rupu : 8mm<\/p>\n<p>Ukupna du\u017eina :\u00a016,8mm<\/p>\n<p>Kom\/pak : 25<\/p>\n<p>Iveco Nr.: 500326896<\/p>\n<p>Opel Nr.:\u00a04501589, 93160023<\/p>\n<p>Renault Nr.: 7703077421<br \/>\nKatalo\u0161ki broj 15396<\/p>","protected":false},"featured_media":12472,"comment_status":"open","ping_status":"closed","template":"","meta":{"rank_math_lock_modified_date":false,"site-sidebar-layout":"default","site-content-layout":"","ast-site-content-layout":"","site-content-style":"default","site-sidebar-style":"default","ast-global-header-display":"","ast-banner-title-visibility":"","ast-main-header-display":"","ast-hfb-above-header-display":"","ast-hfb-below-header-display":"","ast-hfb-mobile-header-display":"","site-post-title":"","ast-breadcrumbs-content":"","ast-featured-img":"","footer-sml-layout":"","theme-transparent-header-meta":"","adv-header-id-meta":"","stick-header-meta":"","header-above-stick-meta":"","header-main-stick-meta":"","header-below-stick-meta":"","astra-migrate-meta-layouts":"default","ast-page-background-enabled":"default","ast-page-background-meta":{"desktop":{"background-color":"","background-image":"","background-repeat":"repeat","background-position":"center center","background-size":"auto","background-attachment":"scroll","background-type":"","background-media":"","overlay-type":"","overlay-color":"","overlay-opacity":"","overlay-gradient":""},"tablet":{"background-color":"","background-image":"","background-repeat":"repeat","background-position":"center center","background-size":"auto","background-attachment":"scroll","background-type":"","background-media":"","overlay-type":"","overlay-color":"","overlay-opacity":"","overlay-gradient":""},"mobile":{"background-color":"","background-image":"","background-repeat":"repeat","background-position":"center center","background-size":"auto","background-attachment":"scroll","background-type":"","background-media":"","overlay-type":"","overlay-color":"","overlay-opacity":"","overlay-gradient":""}},"ast-content-background-meta":{"desktop":{"background-color":"var(--ast-global-color-5)","background-image":"","background-repeat":"repeat","background-position":"center center","background-size":"auto","background-attachment":"scroll","background-type":"","background-media":"","overlay-type":"","overlay-color":"","overlay-opacity":"","overlay-gradient":""},"tablet":{"background-color":"var(--ast-global-color-5)","background-image":"","background-repeat":"repeat","background-position":"center center","background-size":"auto","background-attachment":"scroll","background-type":"","background-media":"","overlay-type":"","overlay-color":"","overlay-opacity":"","overlay-gradient":""},"mobile":{"background-color":"var(--ast-global-color-5)","background-image":"","background-repeat":"repeat","background-position":"center center","background-size":"auto","background-attachment":"scroll","background-type":"","background-media":"","overlay-type":"","overlay-color":"","overlay-opacity":"","overlay-gradient":""}}},"product_cat":[220,468,1311],"product_tag":[1968],"class_list":{"0":"post-9260","1":"product","2":"type-product","3":"status-publish","4":"has-post-thumbnail","6":"product_cat-alfa-romeo-fiat-lancia-2","7":"product_cat-chevrolet-daewoo-opel","8":"product_cat-renault-dacia","9":"product_tag-1968","10":"desktop-align-left","11":"tablet-align-left","12":"mobile-align-left","14":"first","15":"instock","16":"shipping-taxable","17":"purchasable","18":"product-type-simple"},"_links":{"self":[{"href":"https:\/\/mutata.co.rs\/sr\/wp-json\/wp\/v2\/product\/9260"}],"collection":[{"href":"https:\/\/mutata.co.rs\/sr\/wp-json\/wp\/v2\/product"}],"about":[{"href":"https:\/\/mutata.co.rs\/sr\/wp-json\/wp\/v2\/types\/product"}],"replies":[{"embeddable":true,"href":"https:\/\/mutata.co.rs\/sr\/wp-json\/wp\/v2\/comments?post=9260"}],"version-history":[{"count":1,"href":"https:\/\/mutata.co.rs\/sr\/wp-json\/wp\/v2\/product\/9260\/revisions"}],"predecessor-version":[{"id":15572,"href":"https:\/\/mutata.co.rs\/sr\/wp-json\/wp\/v2\/product\/9260\/revisions\/15572"}],"wp:featuredmedia":[{"embeddable":true,"href":"https:\/\/mutata.co.rs\/sr\/wp-json\/wp\/v2\/media\/12472"}],"wp:attachment":[{"href":"https:\/\/mutata.co.rs\/sr\/wp-json\/wp\/v2\/media?parent=9260"}],"wp:term":[{"taxonomy":"product_cat","embeddable":true,"href":"https:\/\/mutata.co.rs\/sr\/wp-json\/wp\/v2\/product_cat?post=9260"},{"taxonomy":"product_tag","embeddable":true,"href":"https:\/\/mutata.co.rs\/sr\/wp-json\/wp\/v2\/product_tag?post=9260"}],"curies":[{"name":"wp","href":"https:\/\/api.w.org\/{rel}","templated":true}]}}