{"id":9351,"date":"2020-07-21T23:48:45","date_gmt":"2020-07-21T21:48:45","guid":{"rendered":"https:\/\/mutata.co.rs\/proizvod\/honda-nissan-suzuki-zabice-za-fiksiranje-plasticnih-elemenata-i-podkrila\/"},"modified":"2024-01-31T14:32:19","modified_gmt":"2024-01-31T13:32:19","slug":"honda-nissan-suzuki-zabice-za-fiksiranje-plasticnih-elemenata-i-podkrila","status":"publish","type":"product","link":"https:\/\/mutata.co.rs\/sr\/proizvod\/honda-nissan-suzuki-zabice-za-fiksiranje-plasticnih-elemenata-i-podkrila\/","title":{"rendered":"Honda, Nissan, Subaru, Suzuki, Volvo \u017eabice za fiksiranje plasti\u010dnih elemenata i podkrila"},"content":{"rendered":"<p>Odgovara za slede\u0107a vozila:<\/p>\n<p>&#8211; Volvo 940, 960, C30, C70, S40, S60, S80, V50, V70, XC60, XC70 \u017eabice za fiksiranje branika<\/p>","protected":false},"excerpt":{"rendered":"<p>Cena artikla se odnosi na 1 komad<\/p>\n<p>Boja :\u00a0crna<\/p>\n<p>Pre\u010dnik glave :\u00a020mm<\/p>\n<p>Pre\u010dnik osovine :\u00a08mm<\/p>\n<p>Ukupna du\u017eina :\u00a016mm<\/p>\n<p>Kom\/pak : 10<\/p>\n<p>Honda Nr.: 91545-SE0-0030<\/p>\n<p>Nissan Nr.: 63848-01G00<\/p>\n<p>Subaru Nr.: 91059FC010<\/p>\n<p>Suzuki Nr.: 94090-7333<\/p>\n<p>Volvo Nr.: 3541113<br \/>\nKatalo\u0161ki broj 15301<\/p>","protected":false},"featured_media":12375,"comment_status":"open","ping_status":"closed","template":"","meta":{"rank_math_lock_modified_date":false,"site-sidebar-layout":"default","site-content-layout":"","ast-site-content-layout":"","site-content-style":"default","site-sidebar-style":"default","ast-global-header-display":"","ast-banner-title-visibility":"","ast-main-header-display":"","ast-hfb-above-header-display":"","ast-hfb-below-header-display":"","ast-hfb-mobile-header-display":"","site-post-title":"","ast-breadcrumbs-content":"","ast-featured-img":"","footer-sml-layout":"","theme-transparent-header-meta":"","adv-header-id-meta":"","stick-header-meta":"","header-above-stick-meta":"","header-main-stick-meta":"","header-below-stick-meta":"","astra-migrate-meta-layouts":"default","ast-page-background-enabled":"default","ast-page-background-meta":{"desktop":{"background-color":"","background-image":"","background-repeat":"repeat","background-position":"center center","background-size":"auto","background-attachment":"scroll","background-type":"","background-media":"","overlay-type":"","overlay-color":"","overlay-opacity":"","overlay-gradient":""},"tablet":{"background-color":"","background-image":"","background-repeat":"repeat","background-position":"center center","background-size":"auto","background-attachment":"scroll","background-type":"","background-media":"","overlay-type":"","overlay-color":"","overlay-opacity":"","overlay-gradient":""},"mobile":{"background-color":"","background-image":"","background-repeat":"repeat","background-position":"center center","background-size":"auto","background-attachment":"scroll","background-type":"","background-media":"","overlay-type":"","overlay-color":"","overlay-opacity":"","overlay-gradient":""}},"ast-content-background-meta":{"desktop":{"background-color":"var(--ast-global-color-5)","background-image":"","background-repeat":"repeat","background-position":"center center","background-size":"auto","background-attachment":"scroll","background-type":"","background-media":"","overlay-type":"","overlay-color":"","overlay-opacity":"","overlay-gradient":""},"tablet":{"background-color":"var(--ast-global-color-5)","background-image":"","background-repeat":"repeat","background-position":"center center","background-size":"auto","background-attachment":"scroll","background-type":"","background-media":"","overlay-type":"","overlay-color":"","overlay-opacity":"","overlay-gradient":""},"mobile":{"background-color":"var(--ast-global-color-5)","background-image":"","background-repeat":"repeat","background-position":"center center","background-size":"auto","background-attachment":"scroll","background-type":"","background-media":"","overlay-type":"","overlay-color":"","overlay-opacity":"","overlay-gradient":""}}},"product_cat":[489,491,516,509,517,1304],"product_tag":[1847],"class_list":{"0":"post-9351","1":"product","2":"type-product","3":"status-publish","4":"has-post-thumbnail","6":"product_cat-honda-2","7":"product_cat-motori-2","8":"product_cat-nissan-2","9":"product_cat-subaru","10":"product_cat-suzuki-2","11":"product_cat-volvo","12":"product_tag-1847","13":"desktop-align-left","14":"tablet-align-left","15":"mobile-align-left","17":"first","18":"instock","19":"shipping-taxable","20":"purchasable","21":"product-type-simple"},"_links":{"self":[{"href":"https:\/\/mutata.co.rs\/sr\/wp-json\/wp\/v2\/product\/9351"}],"collection":[{"href":"https:\/\/mutata.co.rs\/sr\/wp-json\/wp\/v2\/product"}],"about":[{"href":"https:\/\/mutata.co.rs\/sr\/wp-json\/wp\/v2\/types\/product"}],"replies":[{"embeddable":true,"href":"https:\/\/mutata.co.rs\/sr\/wp-json\/wp\/v2\/comments?post=9351"}],"version-history":[{"count":1,"href":"https:\/\/mutata.co.rs\/sr\/wp-json\/wp\/v2\/product\/9351\/revisions"}],"predecessor-version":[{"id":15500,"href":"https:\/\/mutata.co.rs\/sr\/wp-json\/wp\/v2\/product\/9351\/revisions\/15500"}],"wp:featuredmedia":[{"embeddable":true,"href":"https:\/\/mutata.co.rs\/sr\/wp-json\/wp\/v2\/media\/12375"}],"wp:attachment":[{"href":"https:\/\/mutata.co.rs\/sr\/wp-json\/wp\/v2\/media?parent=9351"}],"wp:term":[{"taxonomy":"product_cat","embeddable":true,"href":"https:\/\/mutata.co.rs\/sr\/wp-json\/wp\/v2\/product_cat?post=9351"},{"taxonomy":"product_tag","embeddable":true,"href":"https:\/\/mutata.co.rs\/sr\/wp-json\/wp\/v2\/product_tag?post=9351"}],"curies":[{"name":"wp","href":"https:\/\/api.w.org\/{rel}","templated":true}]}}