{"id":9378,"date":"2020-07-21T23:48:57","date_gmt":"2020-07-21T21:48:57","guid":{"rendered":"https:\/\/mutata.co.rs\/proizvod\/skoda-octavia-superb-2002-08-volkswagen-kopce-za-tapacir\/"},"modified":"2024-01-31T14:32:30","modified_gmt":"2024-01-31T13:32:30","slug":"skoda-octavia-superb-2002-08-volkswagen-kopce-za-tapacir","status":"publish","type":"product","link":"https:\/\/mutata.co.rs\/sr\/proizvod\/skoda-octavia-superb-2002-08-volkswagen-kopce-za-tapacir\/","title":{"rendered":"Seat, \u0160koda, Volkswagen kop\u010de za tapacir i obloge"},"content":{"rendered":"<p>Ove \u017eabice imaju veliku primenu kod vi\u0161e modela vozila kao na primer Seat, \u0160koda, Volkswagen kop\u010de za tapacir i obloge<\/p>\n<p>Ove \u017eabice odgovaraju za slede\u0107e modele:<\/p>\n<p><strong>Seat<\/p>\n<p><\/strong>Seat Cordoba (2003-2009) &#8211; obloge gepeka<\/p>\n<p>Seat Cordoba (1993-1999) &#8211; obloge gepeka<\/p>\n<p>Seat Cordoba (1999-2002) &#8211; obloge gepeka<\/p>\n<p>Seat Ibiza (1993-1999) &#8211; obloge gepeka<\/p>\n<p>Seat Inca &#8211; obloge gepeka<\/p>\n<p>Seat Leon (2005-2013) &#8211; obloge gepeka<\/p>\n<p>Seat Leon (1999-2005) &#8211; obloge gepeka<\/p>\n<p>Seat Toledo (1999-2004) &#8211; obloge gepeka<\/p>\n<p><strong>\u0160koda<\/p>\n<p><\/strong>\u0160koda Octavia l. \u2013 plasti\u010dne obloge tepiha<\/p>\n<p>\u0160koda Superb (2002-2008) &#8211; plasti\u010dne obloge tepiha<\/p>\n<p><strong>Volkswagen<\/strong> kop\u010de za tapacir i obloge<\/p>\n<p>VW Bora &#8211; obloge c stuba i zadnjeg pojasa<\/p>\n<p>VW Corrado &#8211; obloge c stuba i zadnjeg pojasa<\/p>\n<p>VW Golf II &#8211; obloge c stuba i zadnjeg pojasa<\/p>\n<p>VW Golf III &#8211; obloge c stuba i zadnjeg pojasa<\/p>\n<p>VW Golf IV &#8211; obloge c stuba i zadnjeg pojasa<\/p>\n<p>VW Golf V &#8211; obloge zadnjeg pojasa<\/p>\n<p>VW Golf VI &#8211; obloge zadnjeg pojasa<\/p>\n<p>VW Jetta (2005-2010) &#8211; obloge zadnjeg pojasa<\/p>\n<p>VW Jetta II &#8211; obloge c stuba i zadnjeg pojasa<\/p>\n<p>VW Lupo &#8211; plasti\u010dne obloge tepiha<\/p>\n<p>VW Passat B3 &#8211; obloge c stuba i zadnjeg pojasa<\/p>\n<p>VW Passat B4 &#8211; obloge c stuba i zadnjeg pojasa<\/p>\n<p>VW Passat B5 &#8211; obloge c stuba i zadnjeg pojasa<\/p>\n<p>VW Polo (2001-2009) &#8211; obloge c stuba i zadnjeg pojasa<\/p>\n<p>VW Polo (1995-2001) &#8211; obloge c stuba i zadnjeg pojasa<\/p>\n<p>VW Scirocco (09-&gt;) &#8211; obloge zadnjeg pojasa<\/p>\n<p>VW Sharan (2001-2010) &#8211; plasti\u010dne obloge tepiha<\/p>\n<p>VW Sharan (1996-2000) &#8211; plasti\u010dne obloge tepiha<\/p>\n<p>VW T5 &#8211; plasti\u010dne obloge tepiha<\/p>\n<p>VW Touran (2003-2009) &#8211; plasti\u010dne obloge tepiha<\/p>\n<p>VW Vento &#8211; obloge c stuba i zadnjeg pojasa<\/p>\n<p>Klikom na brend vozila mo\u017eete da pogledate ceo asortiman \u017eabice za\u00a0<a href=\"https:\/\/grtgroup.net\/wp-content\/uploads\/2022\/Katalozi\/Audi_Seat_Volkswagen_zabice_1.2.pdf\" target=\"_blank\" rel=\"noopener\">Seat<\/a>,\u00a0<a href=\"https:\/\/grtgroup.net\/wp-content\/uploads\/2022\/Katalozi\/Audi_Seat_Volkswagen_zabice_1.2.pdf\" target=\"_blank\" rel=\"noopener\">\u0160koda<\/a>,\u00a0<a href=\"https:\/\/grtgroup.net\/wp-content\/uploads\/2022\/Katalozi\/Audi_Seat_Volkswagen_zabice_1.2.pdf\" target=\"_blank\" rel=\"noopener\">Volkswagen<\/a><\/p>","protected":false},"excerpt":{"rendered":"<p>Cena artikla se odnosi na 1 komad<\/p>\n<p>Boja :\u00a0crna<\/p>\n<p>Pre\u010dnik glave : 11*16,6mm<\/p>\n<p>Pre\u010dnik osovine : 6*10,5mm<\/p>\n<p>Ukupna du\u017eina :\u00a013,5mm<\/p>\n<p>Kom\/pak : 25<\/p>\n<p>Seat, \u0160koda, VW.\u00a0 Nr.: 357867646<br \/>\nKatalo\u0161ki broj 15351<\/p>","protected":false},"featured_media":12431,"comment_status":"open","ping_status":"closed","template":"","meta":{"rank_math_lock_modified_date":false,"site-sidebar-layout":"default","site-content-layout":"","ast-site-content-layout":"","site-content-style":"default","site-sidebar-style":"default","ast-global-header-display":"","ast-banner-title-visibility":"","ast-main-header-display":"","ast-hfb-above-header-display":"","ast-hfb-below-header-display":"","ast-hfb-mobile-header-display":"","site-post-title":"","ast-breadcrumbs-content":"","ast-featured-img":"","footer-sml-layout":"","theme-transparent-header-meta":"","adv-header-id-meta":"","stick-header-meta":"","header-above-stick-meta":"","header-main-stick-meta":"","header-below-stick-meta":"","astra-migrate-meta-layouts":"default","ast-page-background-enabled":"default","ast-page-background-meta":{"desktop":{"background-color":"","background-image":"","background-repeat":"repeat","background-position":"center center","background-size":"auto","background-attachment":"scroll","background-type":"","background-media":"","overlay-type":"","overlay-color":"","overlay-opacity":"","overlay-gradient":""},"tablet":{"background-color":"","background-image":"","background-repeat":"repeat","background-position":"center center","background-size":"auto","background-attachment":"scroll","background-type":"","background-media":"","overlay-type":"","overlay-color":"","overlay-opacity":"","overlay-gradient":""},"mobile":{"background-color":"","background-image":"","background-repeat":"repeat","background-position":"center center","background-size":"auto","background-attachment":"scroll","background-type":"","background-media":"","overlay-type":"","overlay-color":"","overlay-opacity":"","overlay-gradient":""}},"ast-content-background-meta":{"desktop":{"background-color":"var(--ast-global-color-5)","background-image":"","background-repeat":"repeat","background-position":"center center","background-size":"auto","background-attachment":"scroll","background-type":"","background-media":"","overlay-type":"","overlay-color":"","overlay-opacity":"","overlay-gradient":""},"tablet":{"background-color":"var(--ast-global-color-5)","background-image":"","background-repeat":"repeat","background-position":"center center","background-size":"auto","background-attachment":"scroll","background-type":"","background-media":"","overlay-type":"","overlay-color":"","overlay-opacity":"","overlay-gradient":""},"mobile":{"background-color":"var(--ast-global-color-5)","background-image":"","background-repeat":"repeat","background-position":"center center","background-size":"auto","background-attachment":"scroll","background-type":"","background-media":"","overlay-type":"","overlay-color":"","overlay-opacity":"","overlay-gradient":""}}},"product_cat":[231,232],"product_tag":[1894],"class_list":{"0":"post-9378","1":"product","2":"type-product","3":"status-publish","4":"has-post-thumbnail","6":"product_cat-audi-seat-volkswagen","7":"product_cat-skoda-2","8":"product_tag-1894","9":"desktop-align-left","10":"tablet-align-left","11":"mobile-align-left","13":"first","14":"instock","15":"shipping-taxable","16":"purchasable","17":"product-type-simple"},"_links":{"self":[{"href":"https:\/\/mutata.co.rs\/sr\/wp-json\/wp\/v2\/product\/9378"}],"collection":[{"href":"https:\/\/mutata.co.rs\/sr\/wp-json\/wp\/v2\/product"}],"about":[{"href":"https:\/\/mutata.co.rs\/sr\/wp-json\/wp\/v2\/types\/product"}],"replies":[{"embeddable":true,"href":"https:\/\/mutata.co.rs\/sr\/wp-json\/wp\/v2\/comments?post=9378"}],"version-history":[{"count":1,"href":"https:\/\/mutata.co.rs\/sr\/wp-json\/wp\/v2\/product\/9378\/revisions"}],"predecessor-version":[{"id":15534,"href":"https:\/\/mutata.co.rs\/sr\/wp-json\/wp\/v2\/product\/9378\/revisions\/15534"}],"wp:featuredmedia":[{"embeddable":true,"href":"https:\/\/mutata.co.rs\/sr\/wp-json\/wp\/v2\/media\/12431"}],"wp:attachment":[{"href":"https:\/\/mutata.co.rs\/sr\/wp-json\/wp\/v2\/media?parent=9378"}],"wp:term":[{"taxonomy":"product_cat","embeddable":true,"href":"https:\/\/mutata.co.rs\/sr\/wp-json\/wp\/v2\/product_cat?post=9378"},{"taxonomy":"product_tag","embeddable":true,"href":"https:\/\/mutata.co.rs\/sr\/wp-json\/wp\/v2\/product_tag?post=9378"}],"curies":[{"name":"wp","href":"https:\/\/api.w.org\/{rel}","templated":true}]}}