{"id":9403,"date":"2020-07-21T23:49:03","date_gmt":"2020-07-21T21:49:03","guid":{"rendered":"https:\/\/mutata.co.rs\/proizvod\/seat-skoda-volkswagen-kopce-za-tapacir-na-vratima\/"},"modified":"2024-01-31T14:32:29","modified_gmt":"2024-01-31T13:32:29","slug":"seat-skoda-volkswagen-kopce-za-tapacir-na-vratima","status":"publish","type":"product","link":"https:\/\/mutata.co.rs\/sr\/proizvod\/seat-skoda-volkswagen-kopce-za-tapacir-na-vratima\/","title":{"rendered":"Seat, \u0160koda, VW kop\u010de za tapacire na vratima"},"content":{"rendered":"<p>Seat, \u0160koda, VW kop\u010de za tapacire na vratima vam slu\u017ee da vam tapaciri budu pri\u010dvr\u0161\u0107eni za vrata i tako da vam smanje dodatnu unutra\u0161nju buku vozila.<\/p>\n<p>Ove \u017eabice odgovaraju za slede\u0107e modele vozila:<\/p>\n<p><strong>Seat<\/p>\n<p><\/strong>Seat Cordoba (2003-2009) \u2013 kop\u010de za tapacire na vratima<\/p>\n<p>Seat Ibiza (2002-2008) \u2013 kop\u010de za tapacire na vratima<\/p>\n<p>Seat Ibiza (2008-&gt;) \u2013 kop\u010de za tapacire na vratima<\/p>\n<p>Seat Leon (2005-2013) \u2013 kop\u010de za tapacire na vratima<\/p>\n<p>Seat Leon (1999-2005) \u2013 kop\u010de za tapacire na vratima<\/p>\n<p>Seat Toledo (2005-2009) \u2013 kop\u010de za tapacire na vratima<\/p>\n<p>Seat Toledo (1999-2004) \u2013 kop\u010de za tapacire na vratima<\/p>\n<p><strong>\u0160koda<\/p>\n<p><\/strong>\u0160koda Superb (2002-2008) \u2013 kop\u010de za tapacire na vratima<\/p>\n<p><strong>Volkswagen<\/p>\n<p><\/strong>VW Bora &#8211; \u017eabice za tapacire na vratima<\/p>\n<p>VW Golf IV \u2013 kop\u010de za tapacire na vratima<\/p>\n<p>VW Golf V \u2013 patenti za tapacire na vratima<\/p>\n<p>VW Passat B5 \u2013 \u017eabice za tapacire na vratima<strong><\/p>\n<p><\/strong><\/p>\n<p>Klikom na brend vozila mo\u017eete da pogledate ceo asortiman \u017eabice za <a href=\"https:\/\/grtgroup.net\/wp-content\/uploads\/2022\/Katalozi\/Audi_Seat_Volkswagen_zabice_1.2.pdf\" target=\"_blank\" rel=\"noopener\">Seat<\/a>,\u00a0<a href=\"https:\/\/grtgroup.net\/wp-content\/uploads\/2022\/Katalozi\/Audi_Seat_Volkswagen_zabice_1.2.pdf\" target=\"_blank\" rel=\"noopener\">\u0160koda<\/a>,\u00a0<a href=\"https:\/\/grtgroup.net\/wp-content\/uploads\/2022\/Katalozi\/Audi_Seat_Volkswagen_zabice_1.2.pdf\" target=\"_blank\" rel=\"noopener\">Volkswagen<\/a><\/p>\n<p>Dali ste znali o \u017eabicama?<\/p>\n<p>Sa porastom plastike u automobilskoj industriji, mnogi patenti, kop\u010de i \u017eabice su napravljeni od poliamida i polipropilena zamenili<\/p>\n<p>su metalne komponente. Njihova re\u0161enja za rad i fiksiranje su u po\u010detku bila o\u010digledno jednostavna, ali su u isto vreme imali manju te\u017einu,<\/p>\n<p>smanjenje buke i br\u017eu proizvodnju i instalacijskih moguc\u0301nosti. Kako se razvijala hemijska industrija,<\/p>\n<p>tako su se razvijali i dizajn plasti\u010dnih \u017eabica. Po\u010detni jednofunkcionalni pri\u010dvr\u0161c\u0301iva\u010di zamenjeni su mnogo komplikovanijim<\/p>\n<p>\u017eabicama \u2013 kop\u010dama, koji omoguc\u0301avaju vi\u0161estruku upotrebu. Paralelno sa zvu\u010dnom izolacijom putni\u010dkog prostora,<\/p>\n<p>potrebni su i novi tipovi \u017eabica za pri\u010dvr\u0161c\u0301ivanje obloga-tapacira. Dizajnirani su tako da budu laki za instalaciju,<\/p>\n<p>stabilni ali fleksibilni i sposobni da obavljaju funkciju prigu\u0161enja vibracija.<\/p>","protected":false},"excerpt":{"rendered":"<p>Cena artikla se odnosi na 1 komad<\/p>\n<p>Boja :\u00a0crna<\/p>\n<p>Pre\u010dnik glave :\u00a021,5mm<\/p>\n<p>Pre\u010dnik osovine :\u00a09,4mm<\/p>\n<p>Ukupna du\u017eina :\u00a020,5mm<\/p>\n<p>Kom\/pak : 25<\/p>\n<p>Seat, \u0160koda, VW Nr.: 3B0868243<br \/>\nKatalo\u0161ki broj 15346<\/p>","protected":false},"featured_media":12423,"comment_status":"open","ping_status":"closed","template":"","meta":{"rank_math_lock_modified_date":false,"site-sidebar-layout":"default","site-content-layout":"","ast-site-content-layout":"","site-content-style":"default","site-sidebar-style":"default","ast-global-header-display":"","ast-banner-title-visibility":"","ast-main-header-display":"","ast-hfb-above-header-display":"","ast-hfb-below-header-display":"","ast-hfb-mobile-header-display":"","site-post-title":"","ast-breadcrumbs-content":"","ast-featured-img":"","footer-sml-layout":"","theme-transparent-header-meta":"","adv-header-id-meta":"","stick-header-meta":"","header-above-stick-meta":"","header-main-stick-meta":"","header-below-stick-meta":"","astra-migrate-meta-layouts":"default","ast-page-background-enabled":"default","ast-page-background-meta":{"desktop":{"background-color":"","background-image":"","background-repeat":"repeat","background-position":"center center","background-size":"auto","background-attachment":"scroll","background-type":"","background-media":"","overlay-type":"","overlay-color":"","overlay-opacity":"","overlay-gradient":""},"tablet":{"background-color":"","background-image":"","background-repeat":"repeat","background-position":"center center","background-size":"auto","background-attachment":"scroll","background-type":"","background-media":"","overlay-type":"","overlay-color":"","overlay-opacity":"","overlay-gradient":""},"mobile":{"background-color":"","background-image":"","background-repeat":"repeat","background-position":"center center","background-size":"auto","background-attachment":"scroll","background-type":"","background-media":"","overlay-type":"","overlay-color":"","overlay-opacity":"","overlay-gradient":""}},"ast-content-background-meta":{"desktop":{"background-color":"var(--ast-global-color-5)","background-image":"","background-repeat":"repeat","background-position":"center center","background-size":"auto","background-attachment":"scroll","background-type":"","background-media":"","overlay-type":"","overlay-color":"","overlay-opacity":"","overlay-gradient":""},"tablet":{"background-color":"var(--ast-global-color-5)","background-image":"","background-repeat":"repeat","background-position":"center center","background-size":"auto","background-attachment":"scroll","background-type":"","background-media":"","overlay-type":"","overlay-color":"","overlay-opacity":"","overlay-gradient":""},"mobile":{"background-color":"var(--ast-global-color-5)","background-image":"","background-repeat":"repeat","background-position":"center center","background-size":"auto","background-attachment":"scroll","background-type":"","background-media":"","overlay-type":"","overlay-color":"","overlay-opacity":"","overlay-gradient":""}}},"product_cat":[231,232],"product_tag":[1889],"class_list":{"0":"post-9403","1":"product","2":"type-product","3":"status-publish","4":"has-post-thumbnail","6":"product_cat-audi-seat-volkswagen","7":"product_cat-skoda-2","8":"product_tag-1889","9":"desktop-align-left","10":"tablet-align-left","11":"mobile-align-left","13":"first","14":"instock","15":"shipping-taxable","16":"purchasable","17":"product-type-simple"},"_links":{"self":[{"href":"https:\/\/mutata.co.rs\/sr\/wp-json\/wp\/v2\/product\/9403"}],"collection":[{"href":"https:\/\/mutata.co.rs\/sr\/wp-json\/wp\/v2\/product"}],"about":[{"href":"https:\/\/mutata.co.rs\/sr\/wp-json\/wp\/v2\/types\/product"}],"replies":[{"embeddable":true,"href":"https:\/\/mutata.co.rs\/sr\/wp-json\/wp\/v2\/comments?post=9403"}],"version-history":[{"count":1,"href":"https:\/\/mutata.co.rs\/sr\/wp-json\/wp\/v2\/product\/9403\/revisions"}],"predecessor-version":[{"id":15529,"href":"https:\/\/mutata.co.rs\/sr\/wp-json\/wp\/v2\/product\/9403\/revisions\/15529"}],"wp:featuredmedia":[{"embeddable":true,"href":"https:\/\/mutata.co.rs\/sr\/wp-json\/wp\/v2\/media\/12423"}],"wp:attachment":[{"href":"https:\/\/mutata.co.rs\/sr\/wp-json\/wp\/v2\/media?parent=9403"}],"wp:term":[{"taxonomy":"product_cat","embeddable":true,"href":"https:\/\/mutata.co.rs\/sr\/wp-json\/wp\/v2\/product_cat?post=9403"},{"taxonomy":"product_tag","embeddable":true,"href":"https:\/\/mutata.co.rs\/sr\/wp-json\/wp\/v2\/product_tag?post=9403"}],"curies":[{"name":"wp","href":"https:\/\/api.w.org\/{rel}","templated":true}]}}