{"id":9438,"date":"2020-07-21T23:49:15","date_gmt":"2020-07-21T21:49:15","guid":{"rendered":"https:\/\/mutata.co.rs\/proizvod\/ford-volkswagen-zabice-za-reparaturu-zadnjih-podizaca\/"},"modified":"2024-01-31T14:36:31","modified_gmt":"2024-01-31T13:36:31","slug":"ford-volkswagen-zabice-za-reparaturu-zadnjih-podizaca","status":"publish","type":"product","link":"https:\/\/mutata.co.rs\/sr\/proizvod\/ford-volkswagen-zabice-za-reparaturu-zadnjih-podizaca\/","title":{"rendered":"Ford, Volkswagen \u017eabice za reparaturu zadnjih podiza\u010da"},"content":{"rendered":"<p>Odgovara za slede\u0107e modele:<\/p>\n<p>&#8211; Ford Focus \u017eabice za reparaturu zadnjih podiza\u010da (za \u0161ifre 183047, 183048)<\/p>\n<p>&#8211; Volkswagen Golf IV. \u017eabice za reparaturu zadnjih podiza\u010da (za \u0161ifre 188 126, 188 127)<\/p>","protected":false},"excerpt":{"rendered":"<p>Cena artikla se odnosi na 1 komad<\/p>\n<p>Boja :\u00a0bela<\/p>\n<p>Pre\u010dnik glave : 13,5mm<\/p>\n<p>Ukupna du\u017eina :\u00a013,8mm<\/p>\n<p>Kom\/pak :\u00a05<\/p>\n<p>Volkswagen Nr.: 6N0839511<br \/>\nKatalo\u0161ki broj 19345<\/p>","protected":false},"featured_media":13445,"comment_status":"open","ping_status":"closed","template":"","meta":{"rank_math_lock_modified_date":false,"site-sidebar-layout":"default","site-content-layout":"","ast-site-content-layout":"","site-content-style":"default","site-sidebar-style":"default","ast-global-header-display":"","ast-banner-title-visibility":"","ast-main-header-display":"","ast-hfb-above-header-display":"","ast-hfb-below-header-display":"","ast-hfb-mobile-header-display":"","site-post-title":"","ast-breadcrumbs-content":"","ast-featured-img":"","footer-sml-layout":"","theme-transparent-header-meta":"","adv-header-id-meta":"","stick-header-meta":"","header-above-stick-meta":"","header-main-stick-meta":"","header-below-stick-meta":"","astra-migrate-meta-layouts":"default","ast-page-background-enabled":"default","ast-page-background-meta":{"desktop":{"background-color":"","background-image":"","background-repeat":"repeat","background-position":"center center","background-size":"auto","background-attachment":"scroll","background-type":"","background-media":"","overlay-type":"","overlay-color":"","overlay-opacity":"","overlay-gradient":""},"tablet":{"background-color":"","background-image":"","background-repeat":"repeat","background-position":"center center","background-size":"auto","background-attachment":"scroll","background-type":"","background-media":"","overlay-type":"","overlay-color":"","overlay-opacity":"","overlay-gradient":""},"mobile":{"background-color":"","background-image":"","background-repeat":"repeat","background-position":"center center","background-size":"auto","background-attachment":"scroll","background-type":"","background-media":"","overlay-type":"","overlay-color":"","overlay-opacity":"","overlay-gradient":""}},"ast-content-background-meta":{"desktop":{"background-color":"var(--ast-global-color-5)","background-image":"","background-repeat":"repeat","background-position":"center center","background-size":"auto","background-attachment":"scroll","background-type":"","background-media":"","overlay-type":"","overlay-color":"","overlay-opacity":"","overlay-gradient":""},"tablet":{"background-color":"var(--ast-global-color-5)","background-image":"","background-repeat":"repeat","background-position":"center center","background-size":"auto","background-attachment":"scroll","background-type":"","background-media":"","overlay-type":"","overlay-color":"","overlay-opacity":"","overlay-gradient":""},"mobile":{"background-color":"var(--ast-global-color-5)","background-image":"","background-repeat":"repeat","background-position":"center center","background-size":"auto","background-attachment":"scroll","background-type":"","background-media":"","overlay-type":"","overlay-color":"","overlay-opacity":"","overlay-gradient":""}}},"product_cat":[1698,231,498,1704],"product_tag":[3119],"class_list":{"0":"post-9438","1":"product","2":"type-product","3":"status-publish","4":"has-post-thumbnail","6":"product_cat-audi-seat-volkswagen-klizaci-za-rep-podizaca-stakla","7":"product_cat-audi-seat-volkswagen","8":"product_cat-ford-2","9":"product_cat-ford","10":"product_tag-3119","11":"desktop-align-left","12":"tablet-align-left","13":"mobile-align-left","15":"first","16":"instock","17":"shipping-taxable","18":"purchasable","19":"product-type-simple"},"_links":{"self":[{"href":"https:\/\/mutata.co.rs\/sr\/wp-json\/wp\/v2\/product\/9438"}],"collection":[{"href":"https:\/\/mutata.co.rs\/sr\/wp-json\/wp\/v2\/product"}],"about":[{"href":"https:\/\/mutata.co.rs\/sr\/wp-json\/wp\/v2\/types\/product"}],"replies":[{"embeddable":true,"href":"https:\/\/mutata.co.rs\/sr\/wp-json\/wp\/v2\/comments?post=9438"}],"version-history":[{"count":1,"href":"https:\/\/mutata.co.rs\/sr\/wp-json\/wp\/v2\/product\/9438\/revisions"}],"predecessor-version":[{"id":16288,"href":"https:\/\/mutata.co.rs\/sr\/wp-json\/wp\/v2\/product\/9438\/revisions\/16288"}],"wp:featuredmedia":[{"embeddable":true,"href":"https:\/\/mutata.co.rs\/sr\/wp-json\/wp\/v2\/media\/13445"}],"wp:attachment":[{"href":"https:\/\/mutata.co.rs\/sr\/wp-json\/wp\/v2\/media?parent=9438"}],"wp:term":[{"taxonomy":"product_cat","embeddable":true,"href":"https:\/\/mutata.co.rs\/sr\/wp-json\/wp\/v2\/product_cat?post=9438"},{"taxonomy":"product_tag","embeddable":true,"href":"https:\/\/mutata.co.rs\/sr\/wp-json\/wp\/v2\/product_tag?post=9438"}],"curies":[{"name":"wp","href":"https:\/\/api.w.org\/{rel}","templated":true}]}}