{"id":9454,"date":"2020-07-21T23:49:15","date_gmt":"2020-07-21T21:49:15","guid":{"rendered":"https:\/\/mutata.co.rs\/proizvod\/audi-bmw-mini-volkswagen-sraf-za-fiksiranje-zastite-motora\/"},"modified":"2024-01-31T14:31:14","modified_gmt":"2024-01-31T13:31:14","slug":"audi-bmw-mini-volkswagen-sraf-za-fiksiranje-zastite-motora","status":"publish","type":"product","link":"https:\/\/mutata.co.rs\/sr\/proizvod\/audi-bmw-mini-volkswagen-sraf-za-fiksiranje-zastite-motora\/","title":{"rendered":"Audi, BMW, Mini, Volkswagen \u0161raf za fiksiranje za\u0161tite motora"},"content":{"rendered":"<p>Odgovara za slede\u0107e modele:<\/p>\n<p>&#8211; Audi A4, A5. Q5 \u0161raf za fiksiranje za\u0161tite motora (za 181038 \u017eabicu)<\/p>\n<p>&#8211; BMW 3, 5, 6, 7, X3, X5, X6, Mini \u0161raf za fiksiranje obloge motora (za 181038 \u017eabicu)<\/p>","protected":false},"excerpt":{"rendered":"<p>Cena artikla se odnosi na 1 komad<\/p>\n<p>Boja\u00a0: crna<\/p>\n<p>Pre\u010dnik glave\u00a0: 16,2mm<\/p>\n<p>Pre\u010dnik osovine\u00a0: 5mm<\/p>\n<p>Ukupna du\u017eina :\u00a022,3mm<\/p>\n<p>Kom\/pak : 10<\/p>\n<p>Audi Nr.: 8K0805121<\/p>\n<p>BMW Nr.\u00a0: 07147177492,\u00a051718212146<br \/>\nKatalo\u0161ki broj 15056<\/p>","protected":false},"featured_media":12212,"comment_status":"open","ping_status":"closed","template":"","meta":{"rank_math_lock_modified_date":false,"site-sidebar-layout":"default","site-content-layout":"","ast-site-content-layout":"","site-content-style":"default","site-sidebar-style":"default","ast-global-header-display":"","ast-banner-title-visibility":"","ast-main-header-display":"","ast-hfb-above-header-display":"","ast-hfb-below-header-display":"","ast-hfb-mobile-header-display":"","site-post-title":"","ast-breadcrumbs-content":"","ast-featured-img":"","footer-sml-layout":"","theme-transparent-header-meta":"","adv-header-id-meta":"","stick-header-meta":"","header-above-stick-meta":"","header-main-stick-meta":"","header-below-stick-meta":"","astra-migrate-meta-layouts":"default","ast-page-background-enabled":"default","ast-page-background-meta":{"desktop":{"background-color":"","background-image":"","background-repeat":"repeat","background-position":"center center","background-size":"auto","background-attachment":"scroll","background-type":"","background-media":"","overlay-type":"","overlay-color":"","overlay-opacity":"","overlay-gradient":""},"tablet":{"background-color":"","background-image":"","background-repeat":"repeat","background-position":"center center","background-size":"auto","background-attachment":"scroll","background-type":"","background-media":"","overlay-type":"","overlay-color":"","overlay-opacity":"","overlay-gradient":""},"mobile":{"background-color":"","background-image":"","background-repeat":"repeat","background-position":"center center","background-size":"auto","background-attachment":"scroll","background-type":"","background-media":"","overlay-type":"","overlay-color":"","overlay-opacity":"","overlay-gradient":""}},"ast-content-background-meta":{"desktop":{"background-color":"var(--ast-global-color-5)","background-image":"","background-repeat":"repeat","background-position":"center center","background-size":"auto","background-attachment":"scroll","background-type":"","background-media":"","overlay-type":"","overlay-color":"","overlay-opacity":"","overlay-gradient":""},"tablet":{"background-color":"var(--ast-global-color-5)","background-image":"","background-repeat":"repeat","background-position":"center center","background-size":"auto","background-attachment":"scroll","background-type":"","background-media":"","overlay-type":"","overlay-color":"","overlay-opacity":"","overlay-gradient":""},"mobile":{"background-color":"var(--ast-global-color-5)","background-image":"","background-repeat":"repeat","background-position":"center center","background-size":"auto","background-attachment":"scroll","background-type":"","background-media":"","overlay-type":"","overlay-color":"","overlay-opacity":"","overlay-gradient":""}}},"product_cat":[231,467],"product_tag":[1494],"class_list":{"0":"post-9454","1":"product","2":"type-product","3":"status-publish","4":"has-post-thumbnail","6":"product_cat-audi-seat-volkswagen","7":"product_cat-bmw-mini-cooper-2","8":"product_tag-1494","9":"desktop-align-left","10":"tablet-align-left","11":"mobile-align-left","13":"first","14":"instock","15":"shipping-taxable","16":"purchasable","17":"product-type-simple"},"_links":{"self":[{"href":"https:\/\/mutata.co.rs\/sr\/wp-json\/wp\/v2\/product\/9454"}],"collection":[{"href":"https:\/\/mutata.co.rs\/sr\/wp-json\/wp\/v2\/product"}],"about":[{"href":"https:\/\/mutata.co.rs\/sr\/wp-json\/wp\/v2\/types\/product"}],"replies":[{"embeddable":true,"href":"https:\/\/mutata.co.rs\/sr\/wp-json\/wp\/v2\/comments?post=9454"}],"version-history":[{"count":1,"href":"https:\/\/mutata.co.rs\/sr\/wp-json\/wp\/v2\/product\/9454\/revisions"}],"predecessor-version":[{"id":15309,"href":"https:\/\/mutata.co.rs\/sr\/wp-json\/wp\/v2\/product\/9454\/revisions\/15309"}],"wp:featuredmedia":[{"embeddable":true,"href":"https:\/\/mutata.co.rs\/sr\/wp-json\/wp\/v2\/media\/12212"}],"wp:attachment":[{"href":"https:\/\/mutata.co.rs\/sr\/wp-json\/wp\/v2\/media?parent=9454"}],"wp:term":[{"taxonomy":"product_cat","embeddable":true,"href":"https:\/\/mutata.co.rs\/sr\/wp-json\/wp\/v2\/product_cat?post=9454"},{"taxonomy":"product_tag","embeddable":true,"href":"https:\/\/mutata.co.rs\/sr\/wp-json\/wp\/v2\/product_tag?post=9454"}],"curies":[{"name":"wp","href":"https:\/\/api.w.org\/{rel}","templated":true}]}}