{"id":9597,"date":"2020-07-21T23:50:06","date_gmt":"2020-07-21T21:50:06","guid":{"rendered":"https:\/\/mutata.co.rs\/proizvod\/seat-skoda-volkswagen-kopce-za-fiksiranje-krovne-lajsne\/"},"modified":"2024-01-31T14:32:30","modified_gmt":"2024-01-31T13:32:30","slug":"seat-skoda-volkswagen-kopce-za-fiksiranje-krovne-lajsne","status":"publish","type":"product","link":"https:\/\/mutata.co.rs\/sr\/proizvod\/seat-skoda-volkswagen-kopce-za-fiksiranje-krovne-lajsne\/","title":{"rendered":"Seat, \u0160koda, Volkswagen kop\u010de za fiksiranje krovne lajsne"},"content":{"rendered":"<p>Odgovara za slede\u0107e modele :<\/p>\n<p>&#8211; Seat Cordoba 1993-1999, Ibiza 1993-1999, Inca, Toledo 1992-1999<\/p>\n<p>&#8211; \u0160koda Favorit, Felicia 1995-2001<\/p>\n<p>&#8211; Volkswagen Caddy 1996-2003, Golf II., Jetta II<\/p>","protected":false},"excerpt":{"rendered":"<p>Cena artikla se odnosi na 1 komad<\/p>\n<p>Boja :\u00a0bela<\/p>\n<p>Mera : 8*31mm<\/p>\n<p>Visina :\u00a05mm<\/p>\n<p>Kom\/pak : 25<\/p>\n<p>\u0160koda Nr.: 191853733Aau<br \/>\nKatalo\u0161ki broj 15350<\/p>","protected":false},"featured_media":12430,"comment_status":"open","ping_status":"closed","template":"","meta":{"rank_math_lock_modified_date":false,"site-sidebar-layout":"default","site-content-layout":"","ast-site-content-layout":"","site-content-style":"default","site-sidebar-style":"default","ast-global-header-display":"","ast-banner-title-visibility":"","ast-main-header-display":"","ast-hfb-above-header-display":"","ast-hfb-below-header-display":"","ast-hfb-mobile-header-display":"","site-post-title":"","ast-breadcrumbs-content":"","ast-featured-img":"","footer-sml-layout":"","theme-transparent-header-meta":"","adv-header-id-meta":"","stick-header-meta":"","header-above-stick-meta":"","header-main-stick-meta":"","header-below-stick-meta":"","astra-migrate-meta-layouts":"default","ast-page-background-enabled":"default","ast-page-background-meta":{"desktop":{"background-color":"","background-image":"","background-repeat":"repeat","background-position":"center center","background-size":"auto","background-attachment":"scroll","background-type":"","background-media":"","overlay-type":"","overlay-color":"","overlay-opacity":"","overlay-gradient":""},"tablet":{"background-color":"","background-image":"","background-repeat":"repeat","background-position":"center center","background-size":"auto","background-attachment":"scroll","background-type":"","background-media":"","overlay-type":"","overlay-color":"","overlay-opacity":"","overlay-gradient":""},"mobile":{"background-color":"","background-image":"","background-repeat":"repeat","background-position":"center center","background-size":"auto","background-attachment":"scroll","background-type":"","background-media":"","overlay-type":"","overlay-color":"","overlay-opacity":"","overlay-gradient":""}},"ast-content-background-meta":{"desktop":{"background-color":"var(--ast-global-color-5)","background-image":"","background-repeat":"repeat","background-position":"center center","background-size":"auto","background-attachment":"scroll","background-type":"","background-media":"","overlay-type":"","overlay-color":"","overlay-opacity":"","overlay-gradient":""},"tablet":{"background-color":"var(--ast-global-color-5)","background-image":"","background-repeat":"repeat","background-position":"center center","background-size":"auto","background-attachment":"scroll","background-type":"","background-media":"","overlay-type":"","overlay-color":"","overlay-opacity":"","overlay-gradient":""},"mobile":{"background-color":"var(--ast-global-color-5)","background-image":"","background-repeat":"repeat","background-position":"center center","background-size":"auto","background-attachment":"scroll","background-type":"","background-media":"","overlay-type":"","overlay-color":"","overlay-opacity":"","overlay-gradient":""}}},"product_cat":[231,232],"product_tag":[1893],"class_list":{"0":"post-9597","1":"product","2":"type-product","3":"status-publish","4":"has-post-thumbnail","6":"product_cat-audi-seat-volkswagen","7":"product_cat-skoda-2","8":"product_tag-1893","9":"desktop-align-left","10":"tablet-align-left","11":"mobile-align-left","13":"first","14":"instock","15":"shipping-taxable","16":"purchasable","17":"product-type-simple"},"_links":{"self":[{"href":"https:\/\/mutata.co.rs\/sr\/wp-json\/wp\/v2\/product\/9597"}],"collection":[{"href":"https:\/\/mutata.co.rs\/sr\/wp-json\/wp\/v2\/product"}],"about":[{"href":"https:\/\/mutata.co.rs\/sr\/wp-json\/wp\/v2\/types\/product"}],"replies":[{"embeddable":true,"href":"https:\/\/mutata.co.rs\/sr\/wp-json\/wp\/v2\/comments?post=9597"}],"version-history":[{"count":1,"href":"https:\/\/mutata.co.rs\/sr\/wp-json\/wp\/v2\/product\/9597\/revisions"}],"predecessor-version":[{"id":15533,"href":"https:\/\/mutata.co.rs\/sr\/wp-json\/wp\/v2\/product\/9597\/revisions\/15533"}],"wp:featuredmedia":[{"embeddable":true,"href":"https:\/\/mutata.co.rs\/sr\/wp-json\/wp\/v2\/media\/12430"}],"wp:attachment":[{"href":"https:\/\/mutata.co.rs\/sr\/wp-json\/wp\/v2\/media?parent=9597"}],"wp:term":[{"taxonomy":"product_cat","embeddable":true,"href":"https:\/\/mutata.co.rs\/sr\/wp-json\/wp\/v2\/product_cat?post=9597"},{"taxonomy":"product_tag","embeddable":true,"href":"https:\/\/mutata.co.rs\/sr\/wp-json\/wp\/v2\/product_tag?post=9597"}],"curies":[{"name":"wp","href":"https:\/\/api.w.org\/{rel}","templated":true}]}}